{"id":810,"date":"2023-01-19T22:38:02","date_gmt":"2023-01-20T03:38:02","guid":{"rendered":"https:\/\/mglashes.ca\/distribution\/?post_type=product&#038;p=810"},"modified":"2023-10-22T13:06:32","modified_gmt":"2023-10-22T18:06:32","slug":"jade-princess","status":"publish","type":"product","link":"https:\/\/mglashes.ca\/distribution\/produit\/jade-princess\/","title":{"rendered":"JADE PRINCESS"},"content":{"rendered":"","protected":false},"excerpt":{"rendered":"<p>Un parfum de bergamote agr\u00e9ment\u00e9 d&rsquo;une touche de zestes de citron.<\/p>\n<p>Huiles essentielles pures de ylang-ylang et de bergamote.<\/p>\n<p>Mode d&#8217;emploi: Avant d&rsquo;allumer votre bougie, nous vous recommandons de tailler la m\u00e8che de mani\u00e8re \u00e0 ce que 5mm d&rsquo;\u00e9paisseur d\u00e9passent de la cire. Vous devriez essayer de la garder \u00e0 cette longueur\u00a0chaque fois que vous br\u00fblez votre bougie afin d&rsquo;\u00e9viter\u00a0la fum\u00e9e.<\/p>\n<p>Saviez-vous que les bougies ont une m\u00e9moire? La premi\u00e8re fois que vous ferez br\u00fbler votre bougie, assurez-vous de laisser fondre la cire jusqu&rsquo;au bord ext\u00e9rieur. Si vous ne le faites pas, votre bougie va fondre uniquement du milieu, laissant les bords ext\u00e9rieurs incapables de fondre.<\/p>\n","protected":false},"featured_media":860,"comment_status":"open","ping_status":"closed","template":"","meta":{"_et_pb_use_builder":"","_et_pb_old_content":"","_et_gb_content_width":""},"product_brand":[],"product_cat":[84],"product_tag":[114],"class_list":{"0":"post-810","1":"product","2":"type-product","3":"status-publish","4":"has-post-thumbnail","6":"product_cat-bougies-fouettees","7":"product_tag-jade-princess","8":"product_shipping_class-forfait","10":"first","11":"outofstock","12":"taxable","13":"shipping-taxable","14":"purchasable","15":"product-type-simple"},"jetpack_sharing_enabled":true,"_links":{"self":[{"href":"https:\/\/mglashes.ca\/distribution\/wp-json\/wp\/v2\/product\/810","targetHints":{"allow":["GET"]}}],"collection":[{"href":"https:\/\/mglashes.ca\/distribution\/wp-json\/wp\/v2\/product"}],"about":[{"href":"https:\/\/mglashes.ca\/distribution\/wp-json\/wp\/v2\/types\/product"}],"replies":[{"embeddable":true,"href":"https:\/\/mglashes.ca\/distribution\/wp-json\/wp\/v2\/comments?post=810"}],"wp:featuredmedia":[{"embeddable":true,"href":"https:\/\/mglashes.ca\/distribution\/wp-json\/wp\/v2\/media\/860"}],"wp:attachment":[{"href":"https:\/\/mglashes.ca\/distribution\/wp-json\/wp\/v2\/media?parent=810"}],"wp:term":[{"taxonomy":"product_brand","embeddable":true,"href":"https:\/\/mglashes.ca\/distribution\/wp-json\/wp\/v2\/product_brand?post=810"},{"taxonomy":"product_cat","embeddable":true,"href":"https:\/\/mglashes.ca\/distribution\/wp-json\/wp\/v2\/product_cat?post=810"},{"taxonomy":"product_tag","embeddable":true,"href":"https:\/\/mglashes.ca\/distribution\/wp-json\/wp\/v2\/product_tag?post=810"}],"curies":[{"name":"wp","href":"https:\/\/api.w.org\/{rel}","templated":true}]}}