{"id":803,"date":"2023-01-19T22:38:02","date_gmt":"2023-01-20T03:38:02","guid":{"rendered":"https:\/\/mglashes.ca\/distribution\/?post_type=product&#038;p=803"},"modified":"2024-07-18T18:59:20","modified_gmt":"2024-07-18T23:59:20","slug":"moon-child","status":"publish","type":"product","link":"https:\/\/mglashes.ca\/distribution\/produit\/moon-child\/","title":{"rendered":"MOON CHILD"},"content":{"rendered":"","protected":false},"excerpt":{"rendered":"<p style=\"margin-top: 0cm;\"><b><span style=\"font-size: 12.0pt; font-family: 'Segoe UI',sans-serif; color: #212529;\">MOON CHILD<\/span><\/b><span style=\"font-size: 12.0pt; font-family: 'Segoe UI',sans-serif; color: #212529;\">\u00a0<\/span><\/p>\n<p style=\"margin-top: 0cm;\"><span style=\"font-size: 12.0pt; font-family: 'Segoe UI',sans-serif; color: #212529;\">Aquarelle de bain<\/span><\/p>\n<p style=\"margin-top: 0cm; box-sizing: border-box; margin-bottom: 1rem;\"><span style=\"font-size: 12.0pt; font-family: 'Arial',sans-serif; color: black;\">R\u00eave pour moi ! D\u00e9rive dans un autre monde plein d&rsquo;\u00e9merveillement. Avec des huiles essentielles apaisantes de lavande et d&rsquo;encens, abandonnez vos sens et faites plaisir \u00e0 votre esprit ! Cr\u00e9ez de l&rsquo;art avec des couleurs et des bulles dans votre eau de bain ! Notre gamme Aquarelle captivera votre imagination et r\u00e9alisera des cr\u00e9ations kal\u00e9idoscopiques dans votre bain.<\/span><\/p>\n","protected":false},"featured_media":853,"comment_status":"open","ping_status":"closed","template":"","meta":{"_et_pb_use_builder":"","_et_pb_old_content":"","_et_gb_content_width":""},"product_brand":[],"product_cat":[80],"product_tag":[106],"class_list":{"0":"post-803","1":"product","2":"type-product","3":"status-publish","4":"has-post-thumbnail","6":"product_cat-bombes-de-bain","7":"product_tag-moon-child","8":"product_shipping_class-forfait","10":"first","11":"instock","12":"taxable","13":"shipping-taxable","14":"purchasable","15":"product-type-simple"},"jetpack_sharing_enabled":true,"_links":{"self":[{"href":"https:\/\/mglashes.ca\/distribution\/wp-json\/wp\/v2\/product\/803","targetHints":{"allow":["GET"]}}],"collection":[{"href":"https:\/\/mglashes.ca\/distribution\/wp-json\/wp\/v2\/product"}],"about":[{"href":"https:\/\/mglashes.ca\/distribution\/wp-json\/wp\/v2\/types\/product"}],"replies":[{"embeddable":true,"href":"https:\/\/mglashes.ca\/distribution\/wp-json\/wp\/v2\/comments?post=803"}],"wp:featuredmedia":[{"embeddable":true,"href":"https:\/\/mglashes.ca\/distribution\/wp-json\/wp\/v2\/media\/853"}],"wp:attachment":[{"href":"https:\/\/mglashes.ca\/distribution\/wp-json\/wp\/v2\/media?parent=803"}],"wp:term":[{"taxonomy":"product_brand","embeddable":true,"href":"https:\/\/mglashes.ca\/distribution\/wp-json\/wp\/v2\/product_brand?post=803"},{"taxonomy":"product_cat","embeddable":true,"href":"https:\/\/mglashes.ca\/distribution\/wp-json\/wp\/v2\/product_cat?post=803"},{"taxonomy":"product_tag","embeddable":true,"href":"https:\/\/mglashes.ca\/distribution\/wp-json\/wp\/v2\/product_tag?post=803"}],"curies":[{"name":"wp","href":"https:\/\/api.w.org\/{rel}","templated":true}]}}