{"id":802,"date":"2023-01-19T22:38:01","date_gmt":"2023-01-19T22:38:01","guid":{"rendered":"https:\/\/mglashes.ca\/distribution\/?post_type=product&#038;p=802"},"modified":"2026-02-04T20:38:40","modified_gmt":"2026-02-05T01:38:40","slug":"cherry-blossom","status":"publish","type":"product","link":"https:\/\/mglashes.ca\/distribution\/produit\/cherry-blossom\/","title":{"rendered":"CHERRY BLOSSOM"},"content":{"rendered":"","protected":false},"excerpt":{"rendered":"<p><strong>CHERRY BLOSSOM<\/strong><\/p>\n<p style=\"margin-top: 0cm;\"><span style=\"font-size: 12.0pt; font-family: 'Arial',sans-serif; color: black; background: #F1F1F1;\">Vous vous sentez un peu fatigu\u00e9? Am\u00e9liorer votre bien-\u00eatre physique et mental, avec cette combinaison d&rsquo;huiles essentielles d&rsquo;Ylang Ylang et de May Chang qui constitue le combo parfait pour votre routine de soins personnels. Une bombe de bain parfaite pour vous remonter le moral et vous aider \u00e0 trouver votre calme int\u00e9rieur.<\/span><\/p>\n<p style=\"margin-top: 0cm; box-sizing: border-box; margin-bottom: 1rem;\"><span style=\"font-size: 12.0pt; font-family: 'Segoe UI',sans-serif; color: #212529;\">Mode d&#8217;emploi: D\u00e9posez votre bombe de bain Bomb Cosmetics dans un bain d&rsquo;eau ti\u00e8de et regardez-la p\u00e9tiller, lib\u00e9rant son parfum et ses huiles essentielles, tandis qu\u2019elle adoucit l&rsquo;eau. Bien rincer le bain apr\u00e8s utilisation.<\/span><\/p>\n<p style=\"margin-top: 0cm; box-sizing: border-box; margin-bottom: 1rem;\"><span style=\"font-size: 12.0pt; font-family: 'Segoe UI',sans-serif; color: #212529;\">160g.\u00a0<\/span><\/p>\n","protected":false},"featured_media":852,"comment_status":"open","ping_status":"closed","template":"","meta":{"_et_pb_use_builder":"","_et_pb_old_content":"","_et_gb_content_width":""},"product_brand":[],"product_cat":[80],"product_tag":[105],"class_list":{"0":"post-802","1":"product","2":"type-product","3":"status-publish","4":"has-post-thumbnail","6":"product_cat-bombes-de-bain","7":"product_tag-cherry-blossom","8":"product_shipping_class-forfait","10":"first","11":"outofstock","12":"taxable","13":"shipping-taxable","14":"purchasable","15":"product-type-simple"},"jetpack_sharing_enabled":true,"_links":{"self":[{"href":"https:\/\/mglashes.ca\/distribution\/wp-json\/wp\/v2\/product\/802","targetHints":{"allow":["GET"]}}],"collection":[{"href":"https:\/\/mglashes.ca\/distribution\/wp-json\/wp\/v2\/product"}],"about":[{"href":"https:\/\/mglashes.ca\/distribution\/wp-json\/wp\/v2\/types\/product"}],"replies":[{"embeddable":true,"href":"https:\/\/mglashes.ca\/distribution\/wp-json\/wp\/v2\/comments?post=802"}],"wp:featuredmedia":[{"embeddable":true,"href":"https:\/\/mglashes.ca\/distribution\/wp-json\/wp\/v2\/media\/852"}],"wp:attachment":[{"href":"https:\/\/mglashes.ca\/distribution\/wp-json\/wp\/v2\/media?parent=802"}],"wp:term":[{"taxonomy":"product_brand","embeddable":true,"href":"https:\/\/mglashes.ca\/distribution\/wp-json\/wp\/v2\/product_brand?post=802"},{"taxonomy":"product_cat","embeddable":true,"href":"https:\/\/mglashes.ca\/distribution\/wp-json\/wp\/v2\/product_cat?post=802"},{"taxonomy":"product_tag","embeddable":true,"href":"https:\/\/mglashes.ca\/distribution\/wp-json\/wp\/v2\/product_tag?post=802"}],"curies":[{"name":"wp","href":"https:\/\/api.w.org\/{rel}","templated":true}]}}