{"id":801,"date":"2023-01-19T22:38:01","date_gmt":"2023-01-19T22:38:01","guid":{"rendered":"https:\/\/mglashes.ca\/distribution\/?post_type=product&#038;p=801"},"modified":"2026-02-04T20:38:53","modified_gmt":"2026-02-05T01:38:53","slug":"glazy-for-you","status":"publish","type":"product","link":"https:\/\/mglashes.ca\/distribution\/produit\/glazy-for-you\/","title":{"rendered":"GLAZY FOR YOU"},"content":{"rendered":"","protected":false},"excerpt":{"rendered":"<p><strong>GLAZY FOR YOU<\/strong><\/p>\n<p>Regardez comme une vague de rose pastel remplit votre bain, parsem\u00e9e de p\u00e9pites et m\u00e9lang\u00e9e avec des huiles essentielles de camomille et de marjolaine. Impr\u00e9gnez-vous du somptueux ar\u00f4me de beignet au sucre et laissez vos sens devenir glac\u00e9s et d\u00e9tendus.<\/p>\n<p>Mode d&#8217;emploi: D\u00e9posez votre bombe de bain Bomb Cosmetics dans un bain d&rsquo;eau ti\u00e8de et regardez-la p\u00e9tiller, lib\u00e9rant son parfum et ses huiles essentielles, tandis qu\u2019elle adoucit l&rsquo;eau. Bien rincer le bain apr\u00e8s utilisation.<\/p>\n<p>160g<\/p>\n","protected":false},"featured_media":851,"comment_status":"open","ping_status":"closed","template":"","meta":{"_et_pb_use_builder":"","_et_pb_old_content":"","_et_gb_content_width":""},"product_brand":[],"product_cat":[80],"product_tag":[104],"class_list":{"0":"post-801","1":"product","2":"type-product","3":"status-publish","4":"has-post-thumbnail","6":"product_cat-bombes-de-bain","7":"product_tag-glazy-for-you","9":"first","10":"outofstock","11":"taxable","12":"shipping-taxable","13":"purchasable","14":"product-type-simple"},"jetpack_sharing_enabled":true,"_links":{"self":[{"href":"https:\/\/mglashes.ca\/distribution\/wp-json\/wp\/v2\/product\/801","targetHints":{"allow":["GET"]}}],"collection":[{"href":"https:\/\/mglashes.ca\/distribution\/wp-json\/wp\/v2\/product"}],"about":[{"href":"https:\/\/mglashes.ca\/distribution\/wp-json\/wp\/v2\/types\/product"}],"replies":[{"embeddable":true,"href":"https:\/\/mglashes.ca\/distribution\/wp-json\/wp\/v2\/comments?post=801"}],"wp:featuredmedia":[{"embeddable":true,"href":"https:\/\/mglashes.ca\/distribution\/wp-json\/wp\/v2\/media\/851"}],"wp:attachment":[{"href":"https:\/\/mglashes.ca\/distribution\/wp-json\/wp\/v2\/media?parent=801"}],"wp:term":[{"taxonomy":"product_brand","embeddable":true,"href":"https:\/\/mglashes.ca\/distribution\/wp-json\/wp\/v2\/product_brand?post=801"},{"taxonomy":"product_cat","embeddable":true,"href":"https:\/\/mglashes.ca\/distribution\/wp-json\/wp\/v2\/product_cat?post=801"},{"taxonomy":"product_tag","embeddable":true,"href":"https:\/\/mglashes.ca\/distribution\/wp-json\/wp\/v2\/product_tag?post=801"}],"curies":[{"name":"wp","href":"https:\/\/api.w.org\/{rel}","templated":true}]}}