{"id":800,"date":"2023-01-19T22:38:01","date_gmt":"2023-01-20T03:38:01","guid":{"rendered":"https:\/\/mglashes.ca\/distribution\/?post_type=product&#038;p=800"},"modified":"2026-02-04T20:39:04","modified_gmt":"2026-02-05T01:39:04","slug":"wild-rose","status":"publish","type":"product","link":"https:\/\/mglashes.ca\/distribution\/produit\/wild-rose\/","title":{"rendered":"WILD ROSE"},"content":{"rendered":"","protected":false},"excerpt":{"rendered":"<p><strong>WILD ROSE<\/strong><\/p>\n<p>Une beaut\u00e9 int\u00e9rieure naturelle. Cette reine florale, aux huiles essentielles de Rose et G\u00e9ranium, est pr\u00eate \u00e0 fleurir! Infusez votre bain et \u00e9panouissez vos sens!\u00a0\u00a0Nous utilisons des p\u00e9tales dans nos bombes de bain pour que vous puissiez vous baigner comme une reine! Un bain luxueux pas comme les autres car les p\u00e9tales infusent doucement dans l&rsquo;eau chaude du bain, laissant un peu de temps pour prendre soin de soi.<\/p>\n<p>Mode d&#8217;emploi: D\u00e9posez votre bombe de bain Bomb Cosmetics dans un bain d&rsquo;eau ti\u00e8de et regardez-la p\u00e9tiller, lib\u00e9rant son parfum et ses huiles essentielles, tandis qu\u2019elle adoucit l&rsquo;eau. Bien rincer le bain apr\u00e8s utilisation.<\/p>\n<p>160g.<\/p>\n","protected":false},"featured_media":850,"comment_status":"open","ping_status":"closed","template":"","meta":{"_et_pb_use_builder":"","_et_pb_old_content":"","_et_gb_content_width":""},"product_brand":[],"product_cat":[80],"product_tag":[103],"class_list":{"0":"post-800","1":"product","2":"type-product","3":"status-publish","4":"has-post-thumbnail","6":"product_cat-bombes-de-bain","7":"product_tag-wild-rose","8":"product_shipping_class-forfait","10":"first","11":"outofstock","12":"taxable","13":"shipping-taxable","14":"purchasable","15":"product-type-simple"},"jetpack_sharing_enabled":true,"_links":{"self":[{"href":"https:\/\/mglashes.ca\/distribution\/wp-json\/wp\/v2\/product\/800","targetHints":{"allow":["GET"]}}],"collection":[{"href":"https:\/\/mglashes.ca\/distribution\/wp-json\/wp\/v2\/product"}],"about":[{"href":"https:\/\/mglashes.ca\/distribution\/wp-json\/wp\/v2\/types\/product"}],"replies":[{"embeddable":true,"href":"https:\/\/mglashes.ca\/distribution\/wp-json\/wp\/v2\/comments?post=800"}],"wp:featuredmedia":[{"embeddable":true,"href":"https:\/\/mglashes.ca\/distribution\/wp-json\/wp\/v2\/media\/850"}],"wp:attachment":[{"href":"https:\/\/mglashes.ca\/distribution\/wp-json\/wp\/v2\/media?parent=800"}],"wp:term":[{"taxonomy":"product_brand","embeddable":true,"href":"https:\/\/mglashes.ca\/distribution\/wp-json\/wp\/v2\/product_brand?post=800"},{"taxonomy":"product_cat","embeddable":true,"href":"https:\/\/mglashes.ca\/distribution\/wp-json\/wp\/v2\/product_cat?post=800"},{"taxonomy":"product_tag","embeddable":true,"href":"https:\/\/mglashes.ca\/distribution\/wp-json\/wp\/v2\/product_tag?post=800"}],"curies":[{"name":"wp","href":"https:\/\/api.w.org\/{rel}","templated":true}]}}