{"id":80,"date":"2023-01-12T00:09:27","date_gmt":"2023-01-12T00:09:27","guid":{"rendered":"https:\/\/mglashes.ca\/distribution\/?post_type=product&#038;p=80"},"modified":"2026-03-03T11:37:20","modified_gmt":"2026-03-03T16:37:20","slug":"brosses-micro-fibres","status":"publish","type":"product","link":"https:\/\/mglashes.ca\/distribution\/produit\/brosses-micro-fibres\/","title":{"rendered":"Brosses Micro-Fibres"},"content":{"rendered":"","protected":false},"excerpt":{"rendered":"<p><strong>Brosses Micro-Fibres &#8211; <\/strong>Ces petites brosses non pelucheuses sont parfaites pour p\u00e9n\u00e9trer dans les zones difficiles d&rsquo;acc\u00e8s. Nettoyez, appr\u00eatez ou appliquez un d\u00e9maquillant avec ces pinceaux pr\u00e9cis. Livr\u00e9 100 pi\u00e8ces par bouteille.<\/p>\n","protected":false},"featured_media":81,"comment_status":"open","ping_status":"closed","template":"","meta":{"_et_pb_use_builder":"","_et_pb_old_content":"","_et_gb_content_width":""},"product_brand":[],"product_cat":[20,257,259,24],"product_tag":[34],"class_list":{"0":"post-80","1":"product","2":"type-product","3":"status-publish","4":"has-post-thumbnail","6":"product_cat-brosses","7":"product_cat-lash-artisan","8":"product_cat-mg-lashes-2","9":"product_cat-produits-jetables","10":"product_tag-brosses","11":"product_shipping_class-forfait","13":"first","14":"outofstock","15":"taxable","16":"shipping-taxable","17":"purchasable","18":"product-type-simple"},"jetpack_sharing_enabled":true,"_links":{"self":[{"href":"https:\/\/mglashes.ca\/distribution\/wp-json\/wp\/v2\/product\/80","targetHints":{"allow":["GET"]}}],"collection":[{"href":"https:\/\/mglashes.ca\/distribution\/wp-json\/wp\/v2\/product"}],"about":[{"href":"https:\/\/mglashes.ca\/distribution\/wp-json\/wp\/v2\/types\/product"}],"replies":[{"embeddable":true,"href":"https:\/\/mglashes.ca\/distribution\/wp-json\/wp\/v2\/comments?post=80"}],"wp:featuredmedia":[{"embeddable":true,"href":"https:\/\/mglashes.ca\/distribution\/wp-json\/wp\/v2\/media\/81"}],"wp:attachment":[{"href":"https:\/\/mglashes.ca\/distribution\/wp-json\/wp\/v2\/media?parent=80"}],"wp:term":[{"taxonomy":"product_brand","embeddable":true,"href":"https:\/\/mglashes.ca\/distribution\/wp-json\/wp\/v2\/product_brand?post=80"},{"taxonomy":"product_cat","embeddable":true,"href":"https:\/\/mglashes.ca\/distribution\/wp-json\/wp\/v2\/product_cat?post=80"},{"taxonomy":"product_tag","embeddable":true,"href":"https:\/\/mglashes.ca\/distribution\/wp-json\/wp\/v2\/product_tag?post=80"}],"curies":[{"name":"wp","href":"https:\/\/api.w.org\/{rel}","templated":true}]}}