{"id":796,"date":"2023-01-19T22:38:00","date_gmt":"2023-01-20T03:38:00","guid":{"rendered":"https:\/\/mglashes.ca\/distribution\/?post_type=product&#038;p=796"},"modified":"2026-02-04T20:39:53","modified_gmt":"2026-02-05T01:39:53","slug":"born-to-be-a-unicorn","status":"publish","type":"product","link":"https:\/\/mglashes.ca\/distribution\/produit\/born-to-be-a-unicorn\/","title":{"rendered":"BORN TO BE A UNICORN"},"content":{"rendered":"","protected":false},"excerpt":{"rendered":"<p><strong>BORN TO BE A UNICORN<\/strong><\/p>\n<p>Je suis n\u00e9 pour \u00eatre licorne! Mettez cette beaut\u00e9 magique dans votre bain et regardez-la glisser, lib\u00e9rant des rayons d&rsquo;huiles essentielles d&rsquo;orange douce et de mandarine alors qu&rsquo;un doux parfum de framboise remplit l&rsquo;air!<\/p>\n<p>&nbsp;<\/p>\n<p>Mode d&#8217;emploi:\u00a0D\u00e9posez votre bombe de bain dans un bain d&rsquo;eau ti\u00e8de et observez-la p\u00e9tiller, lib\u00e9rant son parfum et ses huiles essentielles, tandis que le bicarbonate de soude adoucit l&rsquo;eau. Bien rincer le bain apr\u00e8s\u00a0utilisation.<\/p>\n<p>&nbsp;<\/p>\n<p>160g.<\/p>\n","protected":false},"featured_media":831,"comment_status":"open","ping_status":"closed","template":"","meta":{"_et_pb_use_builder":"","_et_pb_old_content":"","_et_gb_content_width":""},"product_brand":[],"product_cat":[80],"product_tag":[99],"class_list":{"0":"post-796","1":"product","2":"type-product","3":"status-publish","4":"has-post-thumbnail","6":"product_cat-bombes-de-bain","7":"product_tag-born-to-be-a-unicorn","8":"product_shipping_class-forfait","10":"first","11":"outofstock","12":"taxable","13":"shipping-taxable","14":"purchasable","15":"product-type-simple"},"jetpack_sharing_enabled":true,"_links":{"self":[{"href":"https:\/\/mglashes.ca\/distribution\/wp-json\/wp\/v2\/product\/796","targetHints":{"allow":["GET"]}}],"collection":[{"href":"https:\/\/mglashes.ca\/distribution\/wp-json\/wp\/v2\/product"}],"about":[{"href":"https:\/\/mglashes.ca\/distribution\/wp-json\/wp\/v2\/types\/product"}],"replies":[{"embeddable":true,"href":"https:\/\/mglashes.ca\/distribution\/wp-json\/wp\/v2\/comments?post=796"}],"wp:featuredmedia":[{"embeddable":true,"href":"https:\/\/mglashes.ca\/distribution\/wp-json\/wp\/v2\/media\/831"}],"wp:attachment":[{"href":"https:\/\/mglashes.ca\/distribution\/wp-json\/wp\/v2\/media?parent=796"}],"wp:term":[{"taxonomy":"product_brand","embeddable":true,"href":"https:\/\/mglashes.ca\/distribution\/wp-json\/wp\/v2\/product_brand?post=796"},{"taxonomy":"product_cat","embeddable":true,"href":"https:\/\/mglashes.ca\/distribution\/wp-json\/wp\/v2\/product_cat?post=796"},{"taxonomy":"product_tag","embeddable":true,"href":"https:\/\/mglashes.ca\/distribution\/wp-json\/wp\/v2\/product_tag?post=796"}],"curies":[{"name":"wp","href":"https:\/\/api.w.org\/{rel}","templated":true}]}}