{"id":795,"date":"2023-01-19T22:38:00","date_gmt":"2023-01-20T03:38:00","guid":{"rendered":"https:\/\/mglashes.ca\/distribution\/?post_type=product&#038;p=795"},"modified":"2026-02-04T20:40:04","modified_gmt":"2026-02-05T01:40:04","slug":"i-believe-in-unicorn","status":"publish","type":"product","link":"https:\/\/mglashes.ca\/distribution\/produit\/i-believe-in-unicorn\/","title":{"rendered":"I BELIEVE IN UNICORN"},"content":{"rendered":"","protected":false},"excerpt":{"rendered":"<p><strong>I BELIEVE IN UNICORN<\/strong><\/p>\n<p>Soyez toujours vous-m\u00eame, sauf si vous pouvez \u00eatre une licorne&#8230; Dans ce cas, soyez une licorne! Mettez cette beaut\u00e9 magique dans votre bain et regardez-la glisser, lib\u00e9rant des rayons d&rsquo;huiles essentielles de g\u00e9ranium et d&rsquo;encens et d&rsquo;\u00e9toiles de d\u00e9coration en sucre multicolores! Impr\u00e9gnez-vous de l&rsquo;univers rose et laissez le doux parfum de poire et de ch\u00e8vrefeuille consommer vos sens. Avec un nuage de cacao blanc et pur et de beurre de karit\u00e9 diffus\u00e9 dans cette bombe de bain, votre peau sera aussi douce qu&rsquo;un nez de licorne.<\/p>\n<p>&nbsp;<\/p>\n<p>Mode d&#8217;emploi:\u00a0D\u00e9posez votre bombe de bain dans un bain d&rsquo;eau ti\u00e8de et observez-la p\u00e9tiller, lib\u00e9rant son parfum et ses huiles essentielles, tandis que le bicarbonate de soude adoucit l&rsquo;eau. Bien rincer le bain apr\u00e8s\u00a0utilisation.<\/p>\n<p>&nbsp;<\/p>\n<p>160g<\/p>\n","protected":false},"featured_media":830,"comment_status":"open","ping_status":"closed","template":"","meta":{"_et_pb_use_builder":"","_et_pb_old_content":"","_et_gb_content_width":""},"product_brand":[],"product_cat":[80],"product_tag":[97],"class_list":{"0":"post-795","1":"product","2":"type-product","3":"status-publish","4":"has-post-thumbnail","6":"product_cat-bombes-de-bain","7":"product_tag-i-believe-in-unicorn","8":"product_shipping_class-forfait","10":"first","11":"outofstock","12":"taxable","13":"shipping-taxable","14":"purchasable","15":"product-type-simple"},"jetpack_sharing_enabled":true,"_links":{"self":[{"href":"https:\/\/mglashes.ca\/distribution\/wp-json\/wp\/v2\/product\/795","targetHints":{"allow":["GET"]}}],"collection":[{"href":"https:\/\/mglashes.ca\/distribution\/wp-json\/wp\/v2\/product"}],"about":[{"href":"https:\/\/mglashes.ca\/distribution\/wp-json\/wp\/v2\/types\/product"}],"replies":[{"embeddable":true,"href":"https:\/\/mglashes.ca\/distribution\/wp-json\/wp\/v2\/comments?post=795"}],"wp:featuredmedia":[{"embeddable":true,"href":"https:\/\/mglashes.ca\/distribution\/wp-json\/wp\/v2\/media\/830"}],"wp:attachment":[{"href":"https:\/\/mglashes.ca\/distribution\/wp-json\/wp\/v2\/media?parent=795"}],"wp:term":[{"taxonomy":"product_brand","embeddable":true,"href":"https:\/\/mglashes.ca\/distribution\/wp-json\/wp\/v2\/product_brand?post=795"},{"taxonomy":"product_cat","embeddable":true,"href":"https:\/\/mglashes.ca\/distribution\/wp-json\/wp\/v2\/product_cat?post=795"},{"taxonomy":"product_tag","embeddable":true,"href":"https:\/\/mglashes.ca\/distribution\/wp-json\/wp\/v2\/product_tag?post=795"}],"curies":[{"name":"wp","href":"https:\/\/api.w.org\/{rel}","templated":true}]}}