{"id":789,"date":"2023-01-19T22:37:58","date_gmt":"2023-01-20T03:37:58","guid":{"rendered":"https:\/\/mglashes.ca\/distribution\/?post_type=product&#038;p=789"},"modified":"2023-01-26T15:35:28","modified_gmt":"2023-01-26T20:35:28","slug":"eyeliner-eyedefine","status":"publish","type":"product","link":"https:\/\/mglashes.ca\/distribution\/produit\/eyeliner-eyedefine\/","title":{"rendered":"Eyeliner EyeDefine"},"content":{"rendered":"","protected":false},"excerpt":{"rendered":"<p>Formule liquide et \u00e0 l&rsquo;\u00e9preuve de l&rsquo;eau, ce eyeliner est d&rsquo;une pr\u00e9cision sans faille pouvant cr\u00e9er des petites , moyennes ou grosses lignes.<\/p>\n","protected":false},"featured_media":821,"comment_status":"open","ping_status":"closed","template":"","meta":{"_et_pb_use_builder":"","_et_pb_old_content":"","_et_gb_content_width":""},"product_brand":[],"product_cat":[187,218],"product_tag":[90],"class_list":{"0":"post-789","1":"product","2":"type-product","3":"status-publish","4":"has-post-thumbnail","6":"product_cat-eyenvy","7":"product_cat-soin-des-cils","8":"product_tag-eyeliner","9":"product_shipping_class-forfait","11":"first","12":"instock","13":"taxable","14":"shipping-taxable","15":"purchasable","16":"product-type-simple"},"jetpack_sharing_enabled":true,"_links":{"self":[{"href":"https:\/\/mglashes.ca\/distribution\/wp-json\/wp\/v2\/product\/789","targetHints":{"allow":["GET"]}}],"collection":[{"href":"https:\/\/mglashes.ca\/distribution\/wp-json\/wp\/v2\/product"}],"about":[{"href":"https:\/\/mglashes.ca\/distribution\/wp-json\/wp\/v2\/types\/product"}],"replies":[{"embeddable":true,"href":"https:\/\/mglashes.ca\/distribution\/wp-json\/wp\/v2\/comments?post=789"}],"wp:featuredmedia":[{"embeddable":true,"href":"https:\/\/mglashes.ca\/distribution\/wp-json\/wp\/v2\/media\/821"}],"wp:attachment":[{"href":"https:\/\/mglashes.ca\/distribution\/wp-json\/wp\/v2\/media?parent=789"}],"wp:term":[{"taxonomy":"product_brand","embeddable":true,"href":"https:\/\/mglashes.ca\/distribution\/wp-json\/wp\/v2\/product_brand?post=789"},{"taxonomy":"product_cat","embeddable":true,"href":"https:\/\/mglashes.ca\/distribution\/wp-json\/wp\/v2\/product_cat?post=789"},{"taxonomy":"product_tag","embeddable":true,"href":"https:\/\/mglashes.ca\/distribution\/wp-json\/wp\/v2\/product_tag?post=789"}],"curies":[{"name":"wp","href":"https:\/\/api.w.org\/{rel}","templated":true}]}}