{"id":70,"date":"2023-01-11T23:58:26","date_gmt":"2023-01-11T23:58:26","guid":{"rendered":"https:\/\/mglashes.ca\/distribution\/?post_type=product&#038;p=70"},"modified":"2024-09-27T11:11:07","modified_gmt":"2024-09-27T16:11:07","slug":"brosses-reutilisables-or-rose","status":"publish","type":"product","link":"https:\/\/mglashes.ca\/distribution\/produit\/brosses-reutilisables-or-rose\/","title":{"rendered":"Brosses r\u00e9utilisables or rose"},"content":{"rendered":"","protected":false},"excerpt":{"rendered":"<p>Paquet de 6 id\u00e9al pour la revente.<\/p>\n<p>Livr\u00e9es avec un capuchon, nos brosses r\u00e9utilisables de couleur or rose ont design propre et se rangent facilement lorsqu\u2019elles ne sont pas utilis\u00e9es.<\/p>\n<p>Design unique: tube en aluminium, solide, l\u00e9ger, facile \u00e0 utiliser et \u00e0 ranger.<\/p>\n<p>&nbsp;<\/p>\n","protected":false},"featured_media":1390,"comment_status":"open","ping_status":"closed","template":"","meta":{"_et_pb_use_builder":"","_et_pb_old_content":"","_et_gb_content_width":""},"product_brand":[],"product_cat":[20,257],"product_tag":[34],"class_list":{"0":"post-70","1":"product","2":"type-product","3":"status-publish","4":"has-post-thumbnail","6":"product_cat-brosses","7":"product_cat-lash-artisan","8":"product_tag-brosses","9":"product_shipping_class-forfait","11":"first","12":"instock","13":"taxable","14":"shipping-taxable","15":"purchasable","16":"product-type-simple"},"jetpack_sharing_enabled":true,"_links":{"self":[{"href":"https:\/\/mglashes.ca\/distribution\/wp-json\/wp\/v2\/product\/70","targetHints":{"allow":["GET"]}}],"collection":[{"href":"https:\/\/mglashes.ca\/distribution\/wp-json\/wp\/v2\/product"}],"about":[{"href":"https:\/\/mglashes.ca\/distribution\/wp-json\/wp\/v2\/types\/product"}],"replies":[{"embeddable":true,"href":"https:\/\/mglashes.ca\/distribution\/wp-json\/wp\/v2\/comments?post=70"}],"wp:featuredmedia":[{"embeddable":true,"href":"https:\/\/mglashes.ca\/distribution\/wp-json\/wp\/v2\/media\/1390"}],"wp:attachment":[{"href":"https:\/\/mglashes.ca\/distribution\/wp-json\/wp\/v2\/media?parent=70"}],"wp:term":[{"taxonomy":"product_brand","embeddable":true,"href":"https:\/\/mglashes.ca\/distribution\/wp-json\/wp\/v2\/product_brand?post=70"},{"taxonomy":"product_cat","embeddable":true,"href":"https:\/\/mglashes.ca\/distribution\/wp-json\/wp\/v2\/product_cat?post=70"},{"taxonomy":"product_tag","embeddable":true,"href":"https:\/\/mglashes.ca\/distribution\/wp-json\/wp\/v2\/product_tag?post=70"}],"curies":[{"name":"wp","href":"https:\/\/api.w.org\/{rel}","templated":true}]}}