{"id":66,"date":"2023-01-11T23:52:23","date_gmt":"2023-01-11T23:52:23","guid":{"rendered":"https:\/\/mglashes.ca\/distribution\/?post_type=product&#038;p=66"},"modified":"2026-03-03T11:38:01","modified_gmt":"2026-03-03T16:38:01","slug":"brosses-a-cils","status":"publish","type":"product","link":"https:\/\/mglashes.ca\/distribution\/produit\/brosses-a-cils\/","title":{"rendered":"Brosses \u00e0 cils"},"content":{"rendered":"","protected":false},"excerpt":{"rendered":"<p><strong>Brosses \u00e0 cils &#8211; <\/strong><span class=\"goog-text-highlight\">Les brosses \u00e0 cils sont utilis\u00e9es pour brosser les cils et les sourcils, en les gardant propres et sans enchev\u00eatrement. <\/span>Les poils fins vous permettent de v\u00e9rifier en permanence votre travail tout au long de l&rsquo;application pour vous assurer qu&rsquo;il ne colle pas et que les cils sont dans la bonne direction.\u00a0De plus, il est id\u00e9al pour les kits de soins apr\u00e8s-vente&#8230;<\/p>\n<p>Vendu en paquet de 50 brosses, couleur al\u00e9atoire.<\/p>\n","protected":false},"featured_media":32,"comment_status":"open","ping_status":"closed","template":"","meta":{"_et_pb_use_builder":"","_et_pb_old_content":"","_et_gb_content_width":""},"product_brand":[],"product_cat":[20,257,259,24],"product_tag":[32],"class_list":{"0":"post-66","1":"product","2":"type-product","3":"status-publish","4":"has-post-thumbnail","6":"product_cat-brosses","7":"product_cat-lash-artisan","8":"product_cat-mg-lashes-2","9":"product_cat-produits-jetables","10":"product_tag-brosse-a-cils","11":"product_shipping_class-forfait","13":"first","14":"outofstock","15":"taxable","16":"shipping-taxable","17":"purchasable","18":"product-type-simple"},"jetpack_sharing_enabled":true,"_links":{"self":[{"href":"https:\/\/mglashes.ca\/distribution\/wp-json\/wp\/v2\/product\/66","targetHints":{"allow":["GET"]}}],"collection":[{"href":"https:\/\/mglashes.ca\/distribution\/wp-json\/wp\/v2\/product"}],"about":[{"href":"https:\/\/mglashes.ca\/distribution\/wp-json\/wp\/v2\/types\/product"}],"replies":[{"embeddable":true,"href":"https:\/\/mglashes.ca\/distribution\/wp-json\/wp\/v2\/comments?post=66"}],"wp:featuredmedia":[{"embeddable":true,"href":"https:\/\/mglashes.ca\/distribution\/wp-json\/wp\/v2\/media\/32"}],"wp:attachment":[{"href":"https:\/\/mglashes.ca\/distribution\/wp-json\/wp\/v2\/media?parent=66"}],"wp:term":[{"taxonomy":"product_brand","embeddable":true,"href":"https:\/\/mglashes.ca\/distribution\/wp-json\/wp\/v2\/product_brand?post=66"},{"taxonomy":"product_cat","embeddable":true,"href":"https:\/\/mglashes.ca\/distribution\/wp-json\/wp\/v2\/product_cat?post=66"},{"taxonomy":"product_tag","embeddable":true,"href":"https:\/\/mglashes.ca\/distribution\/wp-json\/wp\/v2\/product_tag?post=66"}],"curies":[{"name":"wp","href":"https:\/\/api.w.org\/{rel}","templated":true}]}}