{"id":53,"date":"2023-01-11T23:36:42","date_gmt":"2023-01-12T04:36:42","guid":{"rendered":"https:\/\/mglashes.ca\/distribution\/?post_type=product&#038;p=53"},"modified":"2026-03-08T20:51:45","modified_gmt":"2026-03-09T01:51:45","slug":"colle-universal","status":"publish","type":"product","link":"https:\/\/mglashes.ca\/distribution\/produit\/colle-universal\/","title":{"rendered":"Colle UNIVERSAL 10ml"},"content":{"rendered":"","protected":false},"excerpt":{"rendered":"<p><strong>Colle Universal &#8211; <\/strong>Il s&rsquo;agit de notre colle la plus performante, parfaite pour l&rsquo;arrimage de volume. Une colle de viscosit\u00e9 l\u00e9g\u00e8rement plus \u00e9paisse, offrant un enveloppement et une liaison instantan\u00e9s \u00e0 la base de vos ventilateurs.<\/p>\n<p>APPLICATION<\/p>\n<p>Ne bougez pas et ne jouez pas lors de l&rsquo;application sur les cils naturels avec l&rsquo;adh\u00e9sif.\u00a0Appuyez simplement l&rsquo;adh\u00e9sif sur la base des cils naturels et maintenez pendant une seconde.\u00a0Assurez-vous de venir parall\u00e8lement au cil naturel et appuyez vers le cil naturel et rel\u00e2chez.\u00a0L&rsquo;adh\u00e9sif est tr\u00e8s l\u00e9ger et r\u00e9sistant, assurez-vous d&rsquo;avoir isol\u00e9 un seul cil avant l&rsquo;application.<\/p>\n<p>STOCKAGE<\/p>\n<p>Nos colles sont conditionn\u00e9es dans un pack en aluminium contenant un pack de silice et une goupille de buse pour assurer un stockage correct et des performances optimales \u00e0 chaque utilisation. Apr\u00e8s ouverture et utilisation, assurez-vous que la buse est essuy\u00e9e avec une \u00e9ponge non pelucheuse de toute quantit\u00e9 d&rsquo;acc\u00e8s et placez la goupille \u00e0 travers l&rsquo;ouverture de la buse afin qu&rsquo;aucun colmatage ou s\u00e9chage de la colle ne se produise entre la buse.<\/p>\n<p>Remettez votre bouteille de colle dans son emballage et placez-la dans un r\u00e9cipient de stockage dans un endroit frais et sec. Si vous pr\u00e9voyez de ne pas utiliser votre colle nouvellement achet\u00e9e tout de suite, conservez-la dans son emballage au r\u00e9frig\u00e9rateur ; la dur\u00e9e de conservation lorsqu&rsquo;elle est correctement stock\u00e9e non ouverte est de 12\u00a0mois. Nous recommandons que tous les flacons de colle qui ont \u00e9t\u00e9 ouverts soient renouvel\u00e9s m\u00eame apr\u00e8s un stockage appropri\u00e9 apr\u00e8s 3 mois.<\/p>\n<p>OHP (performance d&rsquo;humidit\u00e9 optimale): 45-55%<\/p>\n<p>INGR\u00c9DIENTS<\/p>\n<p>Cyanoacrylate d&rsquo;\u00e9thyle<\/p>\n<p>COULEUR<\/p>\n<p>Noir carbone<\/p>\n<p>MISE EN GARDE<\/p>\n<p>Pour usage professionnel seulement. Tenir hors de port\u00e9e des enfants. \u00c9viter le contact direct avec la peau, la bouche et les yeux. Seulement pour usage externe<\/p>\n<p>Contenant de 10ml.<\/p>\n","protected":false},"featured_media":54,"comment_status":"open","ping_status":"closed","template":"","meta":{"_et_pb_use_builder":"","_et_pb_old_content":"","_et_gb_content_width":""},"product_brand":[],"product_cat":[362,257],"product_tag":[30],"class_list":{"0":"post-53","1":"product","2":"type-product","3":"status-publish","4":"has-post-thumbnail","6":"product_cat-adhesif","7":"product_cat-lash-artisan","8":"product_tag-colle","9":"product_shipping_class-forfait","11":"first","12":"instock","13":"taxable","14":"shipping-taxable","15":"purchasable","16":"product-type-simple"},"jetpack_sharing_enabled":true,"_links":{"self":[{"href":"https:\/\/mglashes.ca\/distribution\/wp-json\/wp\/v2\/product\/53","targetHints":{"allow":["GET"]}}],"collection":[{"href":"https:\/\/mglashes.ca\/distribution\/wp-json\/wp\/v2\/product"}],"about":[{"href":"https:\/\/mglashes.ca\/distribution\/wp-json\/wp\/v2\/types\/product"}],"replies":[{"embeddable":true,"href":"https:\/\/mglashes.ca\/distribution\/wp-json\/wp\/v2\/comments?post=53"}],"wp:featuredmedia":[{"embeddable":true,"href":"https:\/\/mglashes.ca\/distribution\/wp-json\/wp\/v2\/media\/54"}],"wp:attachment":[{"href":"https:\/\/mglashes.ca\/distribution\/wp-json\/wp\/v2\/media?parent=53"}],"wp:term":[{"taxonomy":"product_brand","embeddable":true,"href":"https:\/\/mglashes.ca\/distribution\/wp-json\/wp\/v2\/product_brand?post=53"},{"taxonomy":"product_cat","embeddable":true,"href":"https:\/\/mglashes.ca\/distribution\/wp-json\/wp\/v2\/product_cat?post=53"},{"taxonomy":"product_tag","embeddable":true,"href":"https:\/\/mglashes.ca\/distribution\/wp-json\/wp\/v2\/product_tag?post=53"}],"curies":[{"name":"wp","href":"https:\/\/api.w.org\/{rel}","templated":true}]}}