{"id":5114,"date":"2026-02-11T16:47:06","date_gmt":"2026-02-11T21:47:06","guid":{"rendered":"https:\/\/mglashes.ca\/distribution\/?post_type=product&#038;p=5114"},"modified":"2026-02-11T16:47:06","modified_gmt":"2026-02-11T21:47:06","slug":"master-pince-polyvalente","status":"publish","type":"product","link":"https:\/\/mglashes.ca\/distribution\/produit\/master-pince-polyvalente\/","title":{"rendered":"MASTER &#8211; Pince polyvalente"},"content":{"rendered":"","protected":false},"excerpt":{"rendered":"<p>Devenez ma\u00eetre de chaque pose avec notre nouvelle pince MASTER.<\/p>\n<p>Plus pr\u00e9cise et polyvalente avec son angle de 115 degr\u00e9s, la pince MASTER est votre partenaire id\u00e9ale pour plusieurs types de pose diff\u00e9rentes.<\/p>\n<p>Elle convient pour les types de poses suivant:<\/p>\n<ul>\n<li>Classique<\/li>\n<li>Hybride<\/li>\n<li>Volume<\/li>\n<li>M\u00e9ga Volume<\/li>\n<li>YY<\/li>\n<li>Pr\u00e9-faits<\/li>\n<\/ul>\n<p>&nbsp;<\/p>\n","protected":false},"featured_media":5118,"comment_status":"open","ping_status":"closed","template":"","meta":{"_et_pb_use_builder":"","_et_pb_old_content":"","_et_gb_content_width":""},"product_brand":[],"product_cat":[258,207],"product_tag":[318,212],"class_list":{"0":"post-5114","1":"product","2":"type-product","3":"status-publish","4":"has-post-thumbnail","6":"product_cat-lashes-by-tini","7":"product_cat-pinces","8":"product_tag-lashbytini","9":"product_tag-pinces","10":"product_shipping_class-forfait","12":"first","13":"instock","14":"taxable","15":"shipping-taxable","16":"purchasable","17":"product-type-simple"},"jetpack_sharing_enabled":true,"_links":{"self":[{"href":"https:\/\/mglashes.ca\/distribution\/wp-json\/wp\/v2\/product\/5114","targetHints":{"allow":["GET"]}}],"collection":[{"href":"https:\/\/mglashes.ca\/distribution\/wp-json\/wp\/v2\/product"}],"about":[{"href":"https:\/\/mglashes.ca\/distribution\/wp-json\/wp\/v2\/types\/product"}],"replies":[{"embeddable":true,"href":"https:\/\/mglashes.ca\/distribution\/wp-json\/wp\/v2\/comments?post=5114"}],"wp:featuredmedia":[{"embeddable":true,"href":"https:\/\/mglashes.ca\/distribution\/wp-json\/wp\/v2\/media\/5118"}],"wp:attachment":[{"href":"https:\/\/mglashes.ca\/distribution\/wp-json\/wp\/v2\/media?parent=5114"}],"wp:term":[{"taxonomy":"product_brand","embeddable":true,"href":"https:\/\/mglashes.ca\/distribution\/wp-json\/wp\/v2\/product_brand?post=5114"},{"taxonomy":"product_cat","embeddable":true,"href":"https:\/\/mglashes.ca\/distribution\/wp-json\/wp\/v2\/product_cat?post=5114"},{"taxonomy":"product_tag","embeddable":true,"href":"https:\/\/mglashes.ca\/distribution\/wp-json\/wp\/v2\/product_tag?post=5114"}],"curies":[{"name":"wp","href":"https:\/\/api.w.org\/{rel}","templated":true}]}}