{"id":51,"date":"2023-01-11T23:31:44","date_gmt":"2023-01-12T04:31:44","guid":{"rendered":"https:\/\/mglashes.ca\/distribution\/?post_type=product&#038;p=51"},"modified":"2026-03-03T11:38:52","modified_gmt":"2026-03-03T16:38:52","slug":"creme-dissolvante","status":"publish","type":"product","link":"https:\/\/mglashes.ca\/distribution\/produit\/creme-dissolvante\/","title":{"rendered":"Cr\u00e8me dissolvante"},"content":{"rendered":"","protected":false},"excerpt":{"rendered":"<p><strong>Cr\u00e8me dissolvante &#8211;\u00a0<\/strong> La cr\u00e8me d\u00e9maquillante est la technique la plus r\u00e9cente utilis\u00e9e pour retirer les extensions de cils. Il permet une application pr\u00e9cise sans craindre que le produit ne soit d\u00e9plac\u00e9 apr\u00e8s la mise en place. Cela maintient un environnement s\u00fbr pour que l&rsquo;adh\u00e9sif se dissolve et se retire facilement une fois qu&rsquo;il a satur\u00e9 l&rsquo;adh\u00e9sif.<\/p>\n<p>Le dissolvant est livr\u00e9 dans une dosette de 15 ml<\/p>\n<p>Ingr\u00e9dients : eau, carbonate de propyl\u00e8ne<\/p>\n<p>La cr\u00e8me d\u00e9maquillante est la technique la plus r\u00e9cente utilis\u00e9e pour retirer les extensions de cils.<\/p>\n<p>Il permet une application pr\u00e9cise sans craindre que le produit ne soit d\u00e9plac\u00e9 apr\u00e8s la mise en place. Cela maintient un environnement s\u00fbr pour que l&rsquo;adh\u00e9sif se dissolve et se retire facilement une fois qu&rsquo;il a satur\u00e9 l&rsquo;adh\u00e9sif.<\/p>\n<p>Le dissolvant est disponible en flacon de 15 ml&#8230;<\/p>\n<p>&nbsp;<\/p>\n<p><strong>Technique d&rsquo;application appropri\u00e9e :<\/strong><\/p>\n<ul>\n<li>Assurez-vous d&rsquo;isoler les cils inf\u00e9rieurs avec des coussinets de gel<\/li>\n<li>Assurez-vous d&rsquo;avertir le client de garder les yeux ferm\u00e9s en tout temps<\/li>\n<li>Assurez-vous d&rsquo;avoir une solution saline pr\u00eate au cas o\u00f9 un produit le ferait entrer dans les yeux des clients<\/li>\n<li>Assurez-vous d&rsquo;appliquer avec parcimonie le long de la base de l&rsquo;extension<\/li>\n<li>Une fois qu&rsquo;elle a \u00e9t\u00e9 appliqu\u00e9e, laissez-la reposer pendant 5 minutes, Ne touchez pas ou n&rsquo;essayez pas de frotter les extensions. Laissez le produit agir sur l&rsquo;adh\u00e9sif et il devrait glisser facilement.<\/li>\n<\/ul>\n","protected":false},"featured_media":52,"comment_status":"open","ping_status":"closed","template":"","meta":{"_et_pb_use_builder":"","_et_pb_old_content":"","_et_gb_content_width":""},"product_brand":[],"product_cat":[363,257],"product_tag":[31],"class_list":{"0":"post-51","1":"product","2":"type-product","3":"status-publish","4":"has-post-thumbnail","6":"product_cat-dissolvant","7":"product_cat-lash-artisan","8":"product_tag-creme","9":"product_shipping_class-forfait","11":"first","12":"outofstock","13":"taxable","14":"shipping-taxable","15":"purchasable","16":"product-type-simple"},"jetpack_sharing_enabled":true,"_links":{"self":[{"href":"https:\/\/mglashes.ca\/distribution\/wp-json\/wp\/v2\/product\/51","targetHints":{"allow":["GET"]}}],"collection":[{"href":"https:\/\/mglashes.ca\/distribution\/wp-json\/wp\/v2\/product"}],"about":[{"href":"https:\/\/mglashes.ca\/distribution\/wp-json\/wp\/v2\/types\/product"}],"replies":[{"embeddable":true,"href":"https:\/\/mglashes.ca\/distribution\/wp-json\/wp\/v2\/comments?post=51"}],"wp:featuredmedia":[{"embeddable":true,"href":"https:\/\/mglashes.ca\/distribution\/wp-json\/wp\/v2\/media\/52"}],"wp:attachment":[{"href":"https:\/\/mglashes.ca\/distribution\/wp-json\/wp\/v2\/media?parent=51"}],"wp:term":[{"taxonomy":"product_brand","embeddable":true,"href":"https:\/\/mglashes.ca\/distribution\/wp-json\/wp\/v2\/product_brand?post=51"},{"taxonomy":"product_cat","embeddable":true,"href":"https:\/\/mglashes.ca\/distribution\/wp-json\/wp\/v2\/product_cat?post=51"},{"taxonomy":"product_tag","embeddable":true,"href":"https:\/\/mglashes.ca\/distribution\/wp-json\/wp\/v2\/product_tag?post=51"}],"curies":[{"name":"wp","href":"https:\/\/api.w.org\/{rel}","templated":true}]}}