{"id":5059,"date":"2026-02-05T08:51:41","date_gmt":"2026-02-05T13:51:41","guid":{"rendered":"https:\/\/mglashes.ca\/distribution\/?post_type=product&#038;p=5059"},"modified":"2026-02-17T20:16:31","modified_gmt":"2026-02-18T01:16:31","slug":"legendary-heights-diffuseur-a-roseaux","status":"publish","type":"product","link":"https:\/\/mglashes.ca\/distribution\/produit\/legendary-heights-diffuseur-a-roseaux\/","title":{"rendered":"Legendary Heights &#8211; Diffuseur \u00e0 roseaux"},"content":{"rendered":"","protected":false},"excerpt":{"rendered":"<p>D\u00e9couvrez Legendary Heights, une fragrance inspir\u00e9e de Montblanc Legend. Sa note de t\u00eate, un accord de foug\u00e8re, cr\u00e9e une ouverture \u00e9l\u00e9gante. En son c\u0153ur, les notes bois\u00e9es apportent une profondeur intemporelle. Les notes de fond de f\u00e8ves tonka et de bois de santal laissent une empreinte m\u00e9morable. Une essence l\u00e9gendaire pour l&rsquo;humain moderne en qu\u00eate de sophistication.<\/p>\n<p><strong>Note de t\u00eate:<\/strong>\u00a0Foug\u00e8re.<br \/>\n<strong>Note de c\u0153ur:<\/strong>\u00a0Bois\u00e9e.<br \/>\n<strong>Notes de fond:<\/strong>\u00a0F\u00e8ves tonka et bois de santal.<\/p>\n","protected":false},"featured_media":5061,"comment_status":"open","ping_status":"closed","template":"","meta":{"_et_pb_use_builder":"","_et_pb_old_content":"","_et_gb_content_width":""},"product_brand":[],"product_cat":[339],"product_tag":[333],"class_list":{"0":"post-5059","1":"product","2":"type-product","3":"status-publish","4":"has-post-thumbnail","6":"product_cat-diffuseurs-roseaux","7":"product_tag-diff","8":"product_shipping_class-forfait","10":"first","11":"instock","12":"taxable","13":"shipping-taxable","14":"purchasable","15":"product-type-variable"},"jetpack_sharing_enabled":true,"_links":{"self":[{"href":"https:\/\/mglashes.ca\/distribution\/wp-json\/wp\/v2\/product\/5059","targetHints":{"allow":["GET"]}}],"collection":[{"href":"https:\/\/mglashes.ca\/distribution\/wp-json\/wp\/v2\/product"}],"about":[{"href":"https:\/\/mglashes.ca\/distribution\/wp-json\/wp\/v2\/types\/product"}],"replies":[{"embeddable":true,"href":"https:\/\/mglashes.ca\/distribution\/wp-json\/wp\/v2\/comments?post=5059"}],"wp:featuredmedia":[{"embeddable":true,"href":"https:\/\/mglashes.ca\/distribution\/wp-json\/wp\/v2\/media\/5061"}],"wp:attachment":[{"href":"https:\/\/mglashes.ca\/distribution\/wp-json\/wp\/v2\/media?parent=5059"}],"wp:term":[{"taxonomy":"product_brand","embeddable":true,"href":"https:\/\/mglashes.ca\/distribution\/wp-json\/wp\/v2\/product_brand?post=5059"},{"taxonomy":"product_cat","embeddable":true,"href":"https:\/\/mglashes.ca\/distribution\/wp-json\/wp\/v2\/product_cat?post=5059"},{"taxonomy":"product_tag","embeddable":true,"href":"https:\/\/mglashes.ca\/distribution\/wp-json\/wp\/v2\/product_tag?post=5059"}],"curies":[{"name":"wp","href":"https:\/\/api.w.org\/{rel}","templated":true}]}}