{"id":5043,"date":"2026-02-05T08:33:24","date_gmt":"2026-02-05T13:33:24","guid":{"rendered":"https:\/\/mglashes.ca\/distribution\/?post_type=product&#038;p=5043"},"modified":"2026-02-05T08:33:24","modified_gmt":"2026-02-05T13:33:24","slug":"tresor-diffuseur-a-roseaux","status":"publish","type":"product","link":"https:\/\/mglashes.ca\/distribution\/produit\/tresor-diffuseur-a-roseaux\/","title":{"rendered":"Tr\u00e9sor &#8211; Diffuseur \u00e0 roseaux"},"content":{"rendered":"","protected":false},"excerpt":{"rendered":"<p>D\u00e9couvrez Tr\u00e9sor, une fragrance inspir\u00e9e par Shangri-La Hotel. Les notes de t\u00eate, une harmonie rafra\u00eechissante de bergamote et de citron, offre une ouverture tonique. En son c\u0153ur, le romarin, la fleur d\u2019oranger, la lavande et l&rsquo;huile de n\u00e9roli ajoutent une \u00e9l\u00e9gance florale et herbac\u00e9e. Les notes de fond de c\u00e8dre, de labdanum, de v\u00e9tiver et d&rsquo;ambre cr\u00e9ent une empreinte foresti\u00e8re. Une essence qui incarne le luxe et le raffinement.<\/p>\n<p><strong>Notes de t\u00eate:<\/strong>\u00a0Bergamote et citron.<br \/>\n<strong>Notes de c\u0153ur:<\/strong>\u00a0Romarin, fleur d\u2019oranger, lavande et huile de n\u00e9roli.<br \/>\n<strong>Notes de fond:<\/strong>\u00a0C\u00e8dre, labdanum, v\u00e9tiver et ambre.<\/p>\n","protected":false},"featured_media":5045,"comment_status":"open","ping_status":"closed","template":"","meta":{"_et_pb_use_builder":"","_et_pb_old_content":"","_et_gb_content_width":""},"product_brand":[],"product_cat":[339],"product_tag":[333],"class_list":{"0":"post-5043","1":"product","2":"type-product","3":"status-publish","4":"has-post-thumbnail","6":"product_cat-diffuseurs-roseaux","7":"product_tag-diff","8":"product_shipping_class-forfait","10":"first","11":"instock","12":"taxable","13":"shipping-taxable","14":"purchasable","15":"product-type-variable"},"jetpack_sharing_enabled":true,"_links":{"self":[{"href":"https:\/\/mglashes.ca\/distribution\/wp-json\/wp\/v2\/product\/5043","targetHints":{"allow":["GET"]}}],"collection":[{"href":"https:\/\/mglashes.ca\/distribution\/wp-json\/wp\/v2\/product"}],"about":[{"href":"https:\/\/mglashes.ca\/distribution\/wp-json\/wp\/v2\/types\/product"}],"replies":[{"embeddable":true,"href":"https:\/\/mglashes.ca\/distribution\/wp-json\/wp\/v2\/comments?post=5043"}],"wp:featuredmedia":[{"embeddable":true,"href":"https:\/\/mglashes.ca\/distribution\/wp-json\/wp\/v2\/media\/5045"}],"wp:attachment":[{"href":"https:\/\/mglashes.ca\/distribution\/wp-json\/wp\/v2\/media?parent=5043"}],"wp:term":[{"taxonomy":"product_brand","embeddable":true,"href":"https:\/\/mglashes.ca\/distribution\/wp-json\/wp\/v2\/product_brand?post=5043"},{"taxonomy":"product_cat","embeddable":true,"href":"https:\/\/mglashes.ca\/distribution\/wp-json\/wp\/v2\/product_cat?post=5043"},{"taxonomy":"product_tag","embeddable":true,"href":"https:\/\/mglashes.ca\/distribution\/wp-json\/wp\/v2\/product_tag?post=5043"}],"curies":[{"name":"wp","href":"https:\/\/api.w.org\/{rel}","templated":true}]}}