{"id":5018,"date":"2026-02-05T07:10:50","date_gmt":"2026-02-05T12:10:50","guid":{"rendered":"https:\/\/mglashes.ca\/distribution\/?post_type=product&#038;p=5018"},"modified":"2026-02-05T07:10:50","modified_gmt":"2026-02-05T12:10:50","slug":"sweet-bliss-diffuseur-a-roseaux","status":"publish","type":"product","link":"https:\/\/mglashes.ca\/distribution\/produit\/sweet-bliss-diffuseur-a-roseaux\/","title":{"rendered":"Sweet Bliss &#8211; Diffuseur \u00e0 roseaux"},"content":{"rendered":"","protected":false},"excerpt":{"rendered":"<p>D\u00e9couvrez Sweet Bliss, une fragrance originale de Diff. Les notes de t\u00eate de jasmin tubereux \u00e9voquent une ouverture florale envo\u00fbtante. En son c\u0153ur, l&rsquo;ylang-ylang et la mousse de c\u00e8dre ajoutent une profondeur sensuelle. La note de fond de vanille apporte une douceur sucr\u00e9e. Une essence qui incarne le charme et la gourmandise.<\/p>\n<p><strong>Note de t\u00eate:<\/strong>\u00a0Jasmin tuberculeux.<br \/>\n<strong>Notes de c\u0153ur:<\/strong>\u00a0Ylang-ylang et mousse de c\u00e8dre.<br \/>\n<strong>Note de fond:<\/strong>\u00a0Vanille.<\/p>\n","protected":false},"featured_media":5020,"comment_status":"open","ping_status":"closed","template":"","meta":{"_et_pb_use_builder":"","_et_pb_old_content":"","_et_gb_content_width":""},"product_brand":[],"product_cat":[339],"product_tag":[333],"class_list":{"0":"post-5018","1":"product","2":"type-product","3":"status-publish","4":"has-post-thumbnail","6":"product_cat-diffuseurs-roseaux","7":"product_tag-diff","8":"product_shipping_class-forfait","10":"first","11":"instock","12":"taxable","13":"shipping-taxable","14":"purchasable","15":"product-type-variable"},"jetpack_sharing_enabled":true,"_links":{"self":[{"href":"https:\/\/mglashes.ca\/distribution\/wp-json\/wp\/v2\/product\/5018","targetHints":{"allow":["GET"]}}],"collection":[{"href":"https:\/\/mglashes.ca\/distribution\/wp-json\/wp\/v2\/product"}],"about":[{"href":"https:\/\/mglashes.ca\/distribution\/wp-json\/wp\/v2\/types\/product"}],"replies":[{"embeddable":true,"href":"https:\/\/mglashes.ca\/distribution\/wp-json\/wp\/v2\/comments?post=5018"}],"wp:featuredmedia":[{"embeddable":true,"href":"https:\/\/mglashes.ca\/distribution\/wp-json\/wp\/v2\/media\/5020"}],"wp:attachment":[{"href":"https:\/\/mglashes.ca\/distribution\/wp-json\/wp\/v2\/media?parent=5018"}],"wp:term":[{"taxonomy":"product_brand","embeddable":true,"href":"https:\/\/mglashes.ca\/distribution\/wp-json\/wp\/v2\/product_brand?post=5018"},{"taxonomy":"product_cat","embeddable":true,"href":"https:\/\/mglashes.ca\/distribution\/wp-json\/wp\/v2\/product_cat?post=5018"},{"taxonomy":"product_tag","embeddable":true,"href":"https:\/\/mglashes.ca\/distribution\/wp-json\/wp\/v2\/product_tag?post=5018"}],"curies":[{"name":"wp","href":"https:\/\/api.w.org\/{rel}","templated":true}]}}