{"id":5008,"date":"2026-02-05T07:02:10","date_gmt":"2026-02-05T12:02:10","guid":{"rendered":"https:\/\/mglashes.ca\/distribution\/?post_type=product&#038;p=5008"},"modified":"2026-02-05T07:02:11","modified_gmt":"2026-02-05T12:02:11","slug":"vanilla-lush-diffuseur-a-roseaux","status":"publish","type":"product","link":"https:\/\/mglashes.ca\/distribution\/produit\/vanilla-lush-diffuseur-a-roseaux\/","title":{"rendered":"Vanilla Lush &#8211; Diffuseur \u00e0 roseaux"},"content":{"rendered":"","protected":false},"excerpt":{"rendered":"<h3 data-start=\"108\" data-end=\"149\"><strong data-start=\"127\" data-end=\"147\">NOUVELLE FORMULE<\/strong><\/h3>\n<p data-start=\"151\" data-end=\"250\">D\u00e9couvrez\u00a0<strong data-start=\"161\" data-end=\"196\">Vanilla Lush \u2014 NOUVELLE FORMULE<\/strong>, une \u00e9volution moderne de votre fragrance pr\u00e9f\u00e9r\u00e9e.<\/p>\n<p data-start=\"252\" data-end=\"437\">La nouvelle formule r\u00e9v\u00e8le un\u00a0<strong data-start=\"282\" data-end=\"350\">parfum gourmand et sucr\u00e9 rappelant l\u2019ambiance d\u2019une f\u00eate foraine<\/strong>, avec des notes de\u00a0<strong data-start=\"370\" data-end=\"434\">vanille chaude, de sucre fil\u00e9 et de pamplemousse rose juteux<\/strong>.<\/p>\n<p data-start=\"439\" data-end=\"717\">Les notes de t\u00eate de\u00a0<strong data-start=\"460\" data-end=\"478\">cr\u00e8me fouett\u00e9e<\/strong>\u00a0et de\u00a0<strong data-start=\"485\" data-end=\"506\">pamplemousse rose<\/strong>\u00a0s\u2019ouvrent sur un c\u0153ur d\u00e9licat de\u00a0<strong data-start=\"540\" data-end=\"554\">sucre fil\u00e9<\/strong>\u00a0et de\u00a0<strong data-start=\"561\" data-end=\"583\">fleur de bergamote<\/strong>. En fond, la\u00a0<strong data-start=\"597\" data-end=\"608\">vanille<\/strong>, le\u00a0<strong data-start=\"613\" data-end=\"624\">pralin\u00e9<\/strong>\u00a0et le\u00a0<strong data-start=\"631\" data-end=\"639\">musc<\/strong>\u00a0s\u2019entrelacent pour offrir une douceur sensuelle, addictive et enveloppante.<\/p>\n<p data-start=\"719\" data-end=\"853\">Une essence \u00e0 la fois\u00a0<strong data-start=\"741\" data-end=\"802\">r\u00e9confortante, sophistiqu\u00e9e et irr\u00e9sistiblement gourmande<\/strong>\u00a0\u2014 le charme intemporel de Vanilla Lush, sublim\u00e9.<\/p>\n<p data-start=\"855\" data-end=\"1008\"><strong data-start=\"855\" data-end=\"874\">Notes de t\u00eate :<\/strong>\u00a0Cr\u00e8me fouett\u00e9e, Pamplemousse rose<br data-start=\"908\" data-end=\"911\" \/><strong data-start=\"911\" data-end=\"930\">Notes de c\u0153ur :<\/strong>\u00a0Sucre fil\u00e9, Fleur de bergamote<br data-start=\"961\" data-end=\"964\" \/><strong data-start=\"964\" data-end=\"983\">Notes de fond :<\/strong>\u00a0Vanille, Pralin\u00e9, Musc<\/p>\n","protected":false},"featured_media":5010,"comment_status":"open","ping_status":"closed","template":"","meta":{"_et_pb_use_builder":"","_et_pb_old_content":"","_et_gb_content_width":""},"product_brand":[],"product_cat":[339],"product_tag":[333],"class_list":{"0":"post-5008","1":"product","2":"type-product","3":"status-publish","4":"has-post-thumbnail","6":"product_cat-diffuseurs-roseaux","7":"product_tag-diff","8":"product_shipping_class-forfait","10":"first","11":"instock","12":"taxable","13":"shipping-taxable","14":"purchasable","15":"product-type-variable"},"jetpack_sharing_enabled":true,"_links":{"self":[{"href":"https:\/\/mglashes.ca\/distribution\/wp-json\/wp\/v2\/product\/5008","targetHints":{"allow":["GET"]}}],"collection":[{"href":"https:\/\/mglashes.ca\/distribution\/wp-json\/wp\/v2\/product"}],"about":[{"href":"https:\/\/mglashes.ca\/distribution\/wp-json\/wp\/v2\/types\/product"}],"replies":[{"embeddable":true,"href":"https:\/\/mglashes.ca\/distribution\/wp-json\/wp\/v2\/comments?post=5008"}],"wp:featuredmedia":[{"embeddable":true,"href":"https:\/\/mglashes.ca\/distribution\/wp-json\/wp\/v2\/media\/5010"}],"wp:attachment":[{"href":"https:\/\/mglashes.ca\/distribution\/wp-json\/wp\/v2\/media?parent=5008"}],"wp:term":[{"taxonomy":"product_brand","embeddable":true,"href":"https:\/\/mglashes.ca\/distribution\/wp-json\/wp\/v2\/product_brand?post=5008"},{"taxonomy":"product_cat","embeddable":true,"href":"https:\/\/mglashes.ca\/distribution\/wp-json\/wp\/v2\/product_cat?post=5008"},{"taxonomy":"product_tag","embeddable":true,"href":"https:\/\/mglashes.ca\/distribution\/wp-json\/wp\/v2\/product_tag?post=5008"}],"curies":[{"name":"wp","href":"https:\/\/api.w.org\/{rel}","templated":true}]}}