{"id":4998,"date":"2026-02-05T06:49:32","date_gmt":"2026-02-05T11:49:32","guid":{"rendered":"https:\/\/mglashes.ca\/distribution\/?post_type=product&#038;p=4998"},"modified":"2026-02-05T06:49:32","modified_gmt":"2026-02-05T11:49:32","slug":"bloom-boom-diffuseur-a-roseaux","status":"publish","type":"product","link":"https:\/\/mglashes.ca\/distribution\/produit\/bloom-boom-diffuseur-a-roseaux\/","title":{"rendered":"Bloom Boom &#8211; Diffuseur \u00e0 roseaux"},"content":{"rendered":"","protected":false},"excerpt":{"rendered":"<p>D\u00e9couvrez Bloom Boom, une fragrance captivante inspir\u00e9e par Viktor &amp; Rolf Flowerbomb. Ses notes de t\u00eate florales de cattleya, jasmin et rose cr\u00e9ent une explosion de douceur fleurie. En son c\u0153ur, le patchouli et la vanille ajoutent une touche sensuelle, tandis que la note de fond de rose laisse une empreinte\u00a0florale sucr\u00e9e.<\/p>\n<p><strong>Notes de t\u00eate:<\/strong>\u00a0Cattleya, fleur de jasmin et rose.<br \/>\n<strong>Notes de c\u0153ur:<\/strong>\u00a0Patchouli et vanille.<br \/>\n<strong>Note de fond:<\/strong>\u00a0Rose.<\/p>\n","protected":false},"featured_media":5000,"comment_status":"open","ping_status":"closed","template":"","meta":{"_et_pb_use_builder":"","_et_pb_old_content":"","_et_gb_content_width":""},"product_brand":[],"product_cat":[339],"product_tag":[333],"class_list":{"0":"post-4998","1":"product","2":"type-product","3":"status-publish","4":"has-post-thumbnail","6":"product_cat-diffuseurs-roseaux","7":"product_tag-diff","8":"product_shipping_class-forfait","10":"first","11":"instock","12":"taxable","13":"shipping-taxable","14":"purchasable","15":"product-type-variable"},"jetpack_sharing_enabled":true,"_links":{"self":[{"href":"https:\/\/mglashes.ca\/distribution\/wp-json\/wp\/v2\/product\/4998","targetHints":{"allow":["GET"]}}],"collection":[{"href":"https:\/\/mglashes.ca\/distribution\/wp-json\/wp\/v2\/product"}],"about":[{"href":"https:\/\/mglashes.ca\/distribution\/wp-json\/wp\/v2\/types\/product"}],"replies":[{"embeddable":true,"href":"https:\/\/mglashes.ca\/distribution\/wp-json\/wp\/v2\/comments?post=4998"}],"wp:featuredmedia":[{"embeddable":true,"href":"https:\/\/mglashes.ca\/distribution\/wp-json\/wp\/v2\/media\/5000"}],"wp:attachment":[{"href":"https:\/\/mglashes.ca\/distribution\/wp-json\/wp\/v2\/media?parent=4998"}],"wp:term":[{"taxonomy":"product_brand","embeddable":true,"href":"https:\/\/mglashes.ca\/distribution\/wp-json\/wp\/v2\/product_brand?post=4998"},{"taxonomy":"product_cat","embeddable":true,"href":"https:\/\/mglashes.ca\/distribution\/wp-json\/wp\/v2\/product_cat?post=4998"},{"taxonomy":"product_tag","embeddable":true,"href":"https:\/\/mglashes.ca\/distribution\/wp-json\/wp\/v2\/product_tag?post=4998"}],"curies":[{"name":"wp","href":"https:\/\/api.w.org\/{rel}","templated":true}]}}