{"id":4993,"date":"2026-02-05T06:42:49","date_gmt":"2026-02-05T11:42:49","guid":{"rendered":"https:\/\/mglashes.ca\/distribution\/?post_type=product&#038;p=4993"},"modified":"2026-02-05T06:42:49","modified_gmt":"2026-02-05T11:42:49","slug":"love-potion-diffuseur-a-roseaux","status":"publish","type":"product","link":"https:\/\/mglashes.ca\/distribution\/produit\/love-potion-diffuseur-a-roseaux\/","title":{"rendered":"Love Potion &#8211; Diffuseur \u00e0 roseaux"},"content":{"rendered":"","protected":false},"excerpt":{"rendered":"<p>Notre fragrance, inspir\u00e9e par\u00a0<strong>Another 13<\/strong>\u00a0de Le Labo, marie des notes de t\u00eate de poire, de pomme et d&rsquo;agrumes \u00e0 un c\u0153ur compos\u00e9 d&rsquo;ambrette, de musc malva, de salicylate d&rsquo;amyle, de mousse et de jasmin. Elle se prolonge avec des notes de fond telles que l\u2019Iso E Super, le c\u00e9tralox, l\u2019ambrettolide et l\u2019helv\u00e9tolide.<\/p>\n<p><strong>Note de t\u00eate:<\/strong>\u00a0Pomme, poire, agrumes.<br \/>\n<strong>Note de coeur:<\/strong>\u00a0Ambrette, musc malva, salicylate d&rsquo;amyle, mousse, jasmin.<br \/>\n<strong>Notes de fond:<\/strong>\u00a0Iso E Super, c\u00e9tralox, ambrettolide, helv\u00e9tolide.<\/p>\n","protected":false},"featured_media":4995,"comment_status":"open","ping_status":"closed","template":"","meta":{"_et_pb_use_builder":"","_et_pb_old_content":"","_et_gb_content_width":""},"product_brand":[],"product_cat":[339],"product_tag":[333],"class_list":{"0":"post-4993","1":"product","2":"type-product","3":"status-publish","4":"has-post-thumbnail","6":"product_cat-diffuseurs-roseaux","7":"product_tag-diff","8":"product_shipping_class-forfait","10":"first","11":"instock","12":"taxable","13":"shipping-taxable","14":"purchasable","15":"product-type-variable"},"jetpack_sharing_enabled":true,"_links":{"self":[{"href":"https:\/\/mglashes.ca\/distribution\/wp-json\/wp\/v2\/product\/4993","targetHints":{"allow":["GET"]}}],"collection":[{"href":"https:\/\/mglashes.ca\/distribution\/wp-json\/wp\/v2\/product"}],"about":[{"href":"https:\/\/mglashes.ca\/distribution\/wp-json\/wp\/v2\/types\/product"}],"replies":[{"embeddable":true,"href":"https:\/\/mglashes.ca\/distribution\/wp-json\/wp\/v2\/comments?post=4993"}],"wp:featuredmedia":[{"embeddable":true,"href":"https:\/\/mglashes.ca\/distribution\/wp-json\/wp\/v2\/media\/4995"}],"wp:attachment":[{"href":"https:\/\/mglashes.ca\/distribution\/wp-json\/wp\/v2\/media?parent=4993"}],"wp:term":[{"taxonomy":"product_brand","embeddable":true,"href":"https:\/\/mglashes.ca\/distribution\/wp-json\/wp\/v2\/product_brand?post=4993"},{"taxonomy":"product_cat","embeddable":true,"href":"https:\/\/mglashes.ca\/distribution\/wp-json\/wp\/v2\/product_cat?post=4993"},{"taxonomy":"product_tag","embeddable":true,"href":"https:\/\/mglashes.ca\/distribution\/wp-json\/wp\/v2\/product_tag?post=4993"}],"curies":[{"name":"wp","href":"https:\/\/api.w.org\/{rel}","templated":true}]}}