{"id":4983,"date":"2026-02-05T06:29:45","date_gmt":"2026-02-05T11:29:45","guid":{"rendered":"https:\/\/mglashes.ca\/distribution\/?post_type=product&#038;p=4983"},"modified":"2026-02-05T06:45:54","modified_gmt":"2026-02-05T11:45:54","slug":"golden-hour-diffuseur-a-roseaux","status":"publish","type":"product","link":"https:\/\/mglashes.ca\/distribution\/produit\/golden-hour-diffuseur-a-roseaux\/","title":{"rendered":"Golden Hour &#8211; Diffuseur \u00e0 roseaux"},"content":{"rendered":"","protected":false},"excerpt":{"rendered":"<p>D\u00e9couvrez Golden Hour, une fragrance inspir\u00e9e de Jo Malone Wood Sage &amp; Sea Salt. Les notes de t\u00eate, compos\u00e9es de graine d&rsquo;ambrette, ouvrent un chapitre sensoriel unique. En son c\u0153ur, le sel de mer et la sauge \u00e9voquent l&rsquo;air marin et la nature sauvage. Les notes de fond d&rsquo;algue rouge et de pamplemousse laissent une empreinte inoubliable. Une essence qui capture l&rsquo;essence des heures dor\u00e9es au bord de la mer.<\/p>\n<p><strong>Notes de t\u00eate:<\/strong>\u00a0Graine d\u2019ambrette.<br \/>\n<strong>Notes de c\u0153ur:<\/strong>\u00a0Sel de mer et sauge.<br \/>\n<strong>Notes de fond:<\/strong>\u00a0Algue rouge et pamplemousse.<\/p>\n","protected":false},"featured_media":4985,"comment_status":"open","ping_status":"closed","template":"","meta":{"_et_pb_use_builder":"","_et_pb_old_content":"","_et_gb_content_width":""},"product_brand":[],"product_cat":[339],"product_tag":[333],"class_list":{"0":"post-4983","1":"product","2":"type-product","3":"status-publish","4":"has-post-thumbnail","6":"product_cat-diffuseurs-roseaux","7":"product_tag-diff","8":"product_shipping_class-forfait","10":"first","11":"instock","12":"taxable","13":"shipping-taxable","14":"purchasable","15":"product-type-variable"},"jetpack_sharing_enabled":true,"_links":{"self":[{"href":"https:\/\/mglashes.ca\/distribution\/wp-json\/wp\/v2\/product\/4983","targetHints":{"allow":["GET"]}}],"collection":[{"href":"https:\/\/mglashes.ca\/distribution\/wp-json\/wp\/v2\/product"}],"about":[{"href":"https:\/\/mglashes.ca\/distribution\/wp-json\/wp\/v2\/types\/product"}],"replies":[{"embeddable":true,"href":"https:\/\/mglashes.ca\/distribution\/wp-json\/wp\/v2\/comments?post=4983"}],"wp:featuredmedia":[{"embeddable":true,"href":"https:\/\/mglashes.ca\/distribution\/wp-json\/wp\/v2\/media\/4985"}],"wp:attachment":[{"href":"https:\/\/mglashes.ca\/distribution\/wp-json\/wp\/v2\/media?parent=4983"}],"wp:term":[{"taxonomy":"product_brand","embeddable":true,"href":"https:\/\/mglashes.ca\/distribution\/wp-json\/wp\/v2\/product_brand?post=4983"},{"taxonomy":"product_cat","embeddable":true,"href":"https:\/\/mglashes.ca\/distribution\/wp-json\/wp\/v2\/product_cat?post=4983"},{"taxonomy":"product_tag","embeddable":true,"href":"https:\/\/mglashes.ca\/distribution\/wp-json\/wp\/v2\/product_tag?post=4983"}],"curies":[{"name":"wp","href":"https:\/\/api.w.org\/{rel}","templated":true}]}}