{"id":4954,"date":"2026-01-20T01:27:48","date_gmt":"2026-01-20T06:27:48","guid":{"rendered":"https:\/\/mglashes.ca\/distribution\/?post_type=product&#038;p=4954"},"modified":"2026-01-20T01:27:48","modified_gmt":"2026-01-20T06:27:48","slug":"luxury-escape-diffuseur-a-roseaux","status":"publish","type":"product","link":"https:\/\/mglashes.ca\/distribution\/produit\/luxury-escape-diffuseur-a-roseaux\/","title":{"rendered":"Luxury Escape &#8211; Diffuseur \u00e0 roseaux"},"content":{"rendered":"","protected":false},"excerpt":{"rendered":"<p>Explorez Luxury Escape, une fragrance inspir\u00e9e par le Ritz-Carlton Hotel. Les notes de t\u00eate captivantes de feuille verte, orange sucr\u00e9e, citron et menthe \u00e9voquent une \u00e9vasion rafra\u00eechissante. En son c\u0153ur, la lavande, la fleur de jasmin et le muguet ajoutent une touche florale \u00e9l\u00e9gante. Les notes de fond riches de bois de santal, cypr\u00e8s, cypr\u00e8s blanc, mousse de c\u00e8dre, huoxiang et encens de longyan cr\u00e9ent une empreinte distingu\u00e9e. Une essence luxueuse pour une \u00e9vasion\u00a0in\u00e9gal\u00e9e.<\/p>\n<p><strong>Notes de t\u00eate:<\/strong>\u00a0Feuille verte, orange sucr\u00e9e, citron et menthe.<br \/>\n<strong>Notes de c\u0153ur:<\/strong>\u00a0Lavande, fleur de jasmin, muguet.<br \/>\n<strong>Notes de fond:<\/strong>\u00a0Bois de santal, cypr\u00e8s, cypr\u00e8s blanc, mousse de c\u00e8dre, huoxiang, encens de longyan.<\/p>\n","protected":false},"featured_media":4956,"comment_status":"open","ping_status":"closed","template":"","meta":{"_et_pb_use_builder":"","_et_pb_old_content":"","_et_gb_content_width":""},"product_brand":[],"product_cat":[339],"product_tag":[333],"class_list":{"0":"post-4954","1":"product","2":"type-product","3":"status-publish","4":"has-post-thumbnail","6":"product_cat-diffuseurs-roseaux","7":"product_tag-diff","8":"product_shipping_class-forfait","10":"first","11":"instock","12":"taxable","13":"shipping-taxable","14":"purchasable","15":"product-type-variable"},"jetpack_sharing_enabled":true,"_links":{"self":[{"href":"https:\/\/mglashes.ca\/distribution\/wp-json\/wp\/v2\/product\/4954","targetHints":{"allow":["GET"]}}],"collection":[{"href":"https:\/\/mglashes.ca\/distribution\/wp-json\/wp\/v2\/product"}],"about":[{"href":"https:\/\/mglashes.ca\/distribution\/wp-json\/wp\/v2\/types\/product"}],"replies":[{"embeddable":true,"href":"https:\/\/mglashes.ca\/distribution\/wp-json\/wp\/v2\/comments?post=4954"}],"wp:featuredmedia":[{"embeddable":true,"href":"https:\/\/mglashes.ca\/distribution\/wp-json\/wp\/v2\/media\/4956"}],"wp:attachment":[{"href":"https:\/\/mglashes.ca\/distribution\/wp-json\/wp\/v2\/media?parent=4954"}],"wp:term":[{"taxonomy":"product_brand","embeddable":true,"href":"https:\/\/mglashes.ca\/distribution\/wp-json\/wp\/v2\/product_brand?post=4954"},{"taxonomy":"product_cat","embeddable":true,"href":"https:\/\/mglashes.ca\/distribution\/wp-json\/wp\/v2\/product_cat?post=4954"},{"taxonomy":"product_tag","embeddable":true,"href":"https:\/\/mglashes.ca\/distribution\/wp-json\/wp\/v2\/product_tag?post=4954"}],"curies":[{"name":"wp","href":"https:\/\/api.w.org\/{rel}","templated":true}]}}