{"id":4941,"date":"2026-01-20T01:11:28","date_gmt":"2026-01-20T06:11:28","guid":{"rendered":"https:\/\/mglashes.ca\/distribution\/?post_type=product&#038;p=4941"},"modified":"2026-01-20T01:16:32","modified_gmt":"2026-01-20T06:16:32","slug":"tape-micropore","status":"publish","type":"product","link":"https:\/\/mglashes.ca\/distribution\/produit\/tape-micropore\/","title":{"rendered":"Tape Micropore"},"content":{"rendered":"","protected":false},"excerpt":{"rendered":"<h5><b>Tape micropore \u2013 L\u2019outil simple et doux pour une isolation parfaite<\/b><\/h5>\n<p class=\"p3\">Indispensable en studio, le\u00a0<span class=\"s2\"><b>tape micropore<\/b><\/span>\u00a0est votre alli\u00e9 pour isoler les cils inf\u00e9rieurs, soulever d\u00e9licatement la paupi\u00e8re ou travailler en \u00e9tage. Sa texture l\u00e9g\u00e8re et respirante assure un confort maximal pour vos clientes, tout en vous offrant une tenue fiable tout au long de la prestation.<\/p>\n<hr \/>\n<h5><b><br \/>\nCARACT\u00c9RISTIQUES<\/b><\/h5>\n<ul>\n<li class=\"p3\">Retrait sans douleur \u2013 z\u00e9ro inconfort pour la cliente<\/li>\n<li class=\"p3\">Hypoallerg\u00e9nique \u2013 convient aux peaux sensibles<\/li>\n<li class=\"p3\">R\u00e9sistant \u00e0 l\u2019eau \u2013 pour une tenue qui ne bouge pas<\/li>\n<li class=\"p3\">Largeur id\u00e9ale de 1\/2 pouce \u2013 pr\u00e9cis et polyvalent<\/li>\n<\/ul>\n","protected":false},"featured_media":4942,"comment_status":"open","ping_status":"closed","template":"","meta":{"_et_pb_use_builder":"","_et_pb_old_content":"","_et_gb_content_width":""},"product_brand":[],"product_cat":[315,18],"product_tag":[319,348],"class_list":{"0":"post-4941","1":"product","2":"type-product","3":"status-publish","4":"has-post-thumbnail","6":"product_cat-mariss","7":"product_cat-rubans-adhesifs","8":"product_tag-mariss","9":"product_tag-tape","10":"product_shipping_class-forfait","12":"first","13":"outofstock","14":"taxable","15":"shipping-taxable","16":"purchasable","17":"product-type-variable"},"jetpack_sharing_enabled":true,"_links":{"self":[{"href":"https:\/\/mglashes.ca\/distribution\/wp-json\/wp\/v2\/product\/4941","targetHints":{"allow":["GET"]}}],"collection":[{"href":"https:\/\/mglashes.ca\/distribution\/wp-json\/wp\/v2\/product"}],"about":[{"href":"https:\/\/mglashes.ca\/distribution\/wp-json\/wp\/v2\/types\/product"}],"replies":[{"embeddable":true,"href":"https:\/\/mglashes.ca\/distribution\/wp-json\/wp\/v2\/comments?post=4941"}],"wp:featuredmedia":[{"embeddable":true,"href":"https:\/\/mglashes.ca\/distribution\/wp-json\/wp\/v2\/media\/4942"}],"wp:attachment":[{"href":"https:\/\/mglashes.ca\/distribution\/wp-json\/wp\/v2\/media?parent=4941"}],"wp:term":[{"taxonomy":"product_brand","embeddable":true,"href":"https:\/\/mglashes.ca\/distribution\/wp-json\/wp\/v2\/product_brand?post=4941"},{"taxonomy":"product_cat","embeddable":true,"href":"https:\/\/mglashes.ca\/distribution\/wp-json\/wp\/v2\/product_cat?post=4941"},{"taxonomy":"product_tag","embeddable":true,"href":"https:\/\/mglashes.ca\/distribution\/wp-json\/wp\/v2\/product_tag?post=4941"}],"curies":[{"name":"wp","href":"https:\/\/api.w.org\/{rel}","templated":true}]}}