{"id":4908,"date":"2026-01-20T00:34:51","date_gmt":"2026-01-20T05:34:51","guid":{"rendered":"https:\/\/mglashes.ca\/distribution\/?post_type=product&#038;p=4908"},"modified":"2026-01-20T00:34:51","modified_gmt":"2026-01-20T05:34:51","slug":"ultra-polyvalente-mariss-better-half-2-0","status":"publish","type":"product","link":"https:\/\/mglashes.ca\/distribution\/produit\/ultra-polyvalente-mariss-better-half-2-0\/","title":{"rendered":"Ultra polyvalente Mariss&rsquo; Better Half 2.0"},"content":{"rendered":"","protected":false},"excerpt":{"rendered":"<h5><b>Pince pour extensions de cils \u2013 Mariss\u2019 Better Half 2.0<\/b><\/h5>\n<p class=\"p3\"><span class=\"s2\"><b>D\u00e9couvrez la pince pr\u00e9f\u00e9r\u00e9e de Mariss : Mariss\u2019 Better Half 2.0<\/b><\/span>, con\u00e7ue pour un travail de pr\u00e9cision absolue. Gr\u00e2ce \u00e0 sa\u00a0<span class=\"s2\"><b>courbe en S unique<\/b><\/span>, elle permet une isolation parfaite des cils naturels, m\u00eame dans les coins internes, tout en offrant un espace optimal pour cr\u00e9er des bouquets volumineux.<\/p>\n<p class=\"p3\">Dot\u00e9e de la\u00a0<span class=\"s2\"><b>technologie fiber tip<\/b><\/span>, cette pince professionnelle assure une\u00a0<span class=\"s2\"><b>adh\u00e9rence exceptionnelle<\/b><\/span>\u00a0sur chaque cil, sans glissement, pour une ma\u00eetrise totale de vos mouvements.<\/p>\n<p class=\"p4\"><b>Polyvalente et ergonomique<\/b><span class=\"s3\">, elle convient \u00e0 toutes les techniques :\u00a0<\/span><b>classique, volume russe, promade, YY et plus encore<\/b><span class=\"s3\">.<\/span><\/p>\n<hr \/>\n<h5><b><br \/>\nCARACT\u00c9RISTIQUES<\/b><\/h5>\n<ul>\n<li class=\"p3\">Courbe en S: parfaite pour acc\u00e9der aux zones difficiles<\/li>\n<li class=\"p3\">Fiber tip: embout ultra pr\u00e9cis avec adh\u00e9rence maximale<\/li>\n<li class=\"p3\">Ultra l\u00e9g\u00e8re: r\u00e9duit la fatigue du poignet<\/li>\n<li class=\"p3\">Prise diamant grav\u00e9e au laser: contr\u00f4le optimal et stabilit\u00e9 assur\u00e9e<\/li>\n<li class=\"p3\">Acier inoxydable haut de gamme, r\u00e9sistant et durable<\/li>\n<li class=\"p3\">Logo Mariss grav\u00e9 au laser \u2013 gage de qualit\u00e9 et d\u2019\u00e9l\u00e9gance<\/li>\n<li class=\"p3\">Pr\u00e9sent\u00e9e dans une bo\u00eete chic, id\u00e9ale pour le rangement ou la revente<\/li>\n<\/ul>\n<hr \/>\n<h5><b><br \/>\nENTRETIEN<\/b><\/h5>\n<ul>\n<li class=\"p3\">Nettoyage avec des lingettes CS20 PREempt ou de l\u2019alcool 70\u202f%<\/li>\n<li class=\"p3\">Ne pas immerger dans des produits puissants (ac\u00e9tone, CS20 pur, etc.) pour pr\u00e9server le plaquage<\/li>\n<\/ul>\n","protected":false},"featured_media":4909,"comment_status":"open","ping_status":"closed","template":"","meta":{"_et_pb_use_builder":"","_et_pb_old_content":"","_et_gb_content_width":""},"product_brand":[],"product_cat":[315,207],"product_tag":[319,212],"class_list":{"0":"post-4908","1":"product","2":"type-product","3":"status-publish","4":"has-post-thumbnail","6":"product_cat-mariss","7":"product_cat-pinces","8":"product_tag-mariss","9":"product_tag-pinces","10":"product_shipping_class-forfait","12":"first","13":"instock","14":"taxable","15":"shipping-taxable","16":"purchasable","17":"product-type-simple"},"jetpack_sharing_enabled":true,"_links":{"self":[{"href":"https:\/\/mglashes.ca\/distribution\/wp-json\/wp\/v2\/product\/4908","targetHints":{"allow":["GET"]}}],"collection":[{"href":"https:\/\/mglashes.ca\/distribution\/wp-json\/wp\/v2\/product"}],"about":[{"href":"https:\/\/mglashes.ca\/distribution\/wp-json\/wp\/v2\/types\/product"}],"replies":[{"embeddable":true,"href":"https:\/\/mglashes.ca\/distribution\/wp-json\/wp\/v2\/comments?post=4908"}],"wp:featuredmedia":[{"embeddable":true,"href":"https:\/\/mglashes.ca\/distribution\/wp-json\/wp\/v2\/media\/4909"}],"wp:attachment":[{"href":"https:\/\/mglashes.ca\/distribution\/wp-json\/wp\/v2\/media?parent=4908"}],"wp:term":[{"taxonomy":"product_brand","embeddable":true,"href":"https:\/\/mglashes.ca\/distribution\/wp-json\/wp\/v2\/product_brand?post=4908"},{"taxonomy":"product_cat","embeddable":true,"href":"https:\/\/mglashes.ca\/distribution\/wp-json\/wp\/v2\/product_cat?post=4908"},{"taxonomy":"product_tag","embeddable":true,"href":"https:\/\/mglashes.ca\/distribution\/wp-json\/wp\/v2\/product_tag?post=4908"}],"curies":[{"name":"wp","href":"https:\/\/api.w.org\/{rel}","templated":true}]}}