{"id":4864,"date":"2026-01-19T15:55:39","date_gmt":"2026-01-19T20:55:39","guid":{"rendered":"https:\/\/mglashes.ca\/distribution\/?post_type=product&#038;p=4864"},"modified":"2026-04-01T17:54:28","modified_gmt":"2026-04-01T22:54:28","slug":"plateaux-autocollants-pour-colle-a-extensions-de-cils-50-unites-sticky-bestie","status":"publish","type":"product","link":"https:\/\/mglashes.ca\/distribution\/produit\/plateaux-autocollants-pour-colle-a-extensions-de-cils-50-unites-sticky-bestie\/","title":{"rendered":"Plateaux autocollants pour colle \u00e0 extensions de cils (50 unit\u00e9s) | Sticky Bestie"},"content":{"rendered":"","protected":false},"excerpt":{"rendered":"<p class=\"p3\">Les\u00a0<span class=\"s2\"><b>Sticky Bestie<\/b><\/span>\u00a0sont des\u00a0<span class=\"s2\"><b>plateaux autocollants jetables pour colle \u00e0 extensions de cils<\/b><\/span>, con\u00e7us pour les lash artists qui recherchent pr\u00e9cision et efficacit\u00e9. Leur surface adh\u00e9rente maintient la goutte d\u2019adh\u00e9sif stable et fra\u00eeche plus longtemps, r\u00e9duisant l\u2019\u00e9vaporation et facilitant l\u2019application des extensions.<\/p>\n<p class=\"p3\">Id\u00e9al en salon comme en formation, ce support d\u2019adh\u00e9sif garantit une\u00a0<span class=\"s2\"><b>pose de cils plus rapide, hygi\u00e9nique et professionnelle<\/b><\/span>.<\/p>\n<h5><b>Avantages<\/b><\/h5>\n<ul>\n<li><span class=\"s1\"><b>Colle stable et fra\u00eeche plus longtemps<\/b><\/span>\u00a0\u2013 r\u00e9duit le gaspillage et optimise la performance.<\/li>\n<li class=\"p1\"><span class=\"s1\"><b>Hygi\u00e9nique et pratique<\/b><\/span>\u00a0\u2013 plateaux \u00e0 usage unique, faciles \u00e0 jeter apr\u00e8s chaque cliente.<\/li>\n<li class=\"p1\"><span class=\"s1\"><b>Pr\u00e9cision maximale<\/b><\/span>\u00a0\u2013 la goutte reste bien en place pour une meilleure application.<\/li>\n<li class=\"p1\"><span class=\"s1\"><b>Gain de temps<\/b><\/span>\u00a0\u2013 simplifie vos poses et am\u00e9liore votre productivit\u00e9<\/li>\n<\/ul>\n<h5 class=\"p1\"><b>Caract\u00e9ristiques<\/b><\/h5>\n<ul>\n<li class=\"p1\">50 plateaux autocollants individuels par bo\u00eete<\/li>\n<li class=\"p1\">Compatibles avec tous types de colles pour extensions de cils<\/li>\n<li class=\"p1\">Couleur : rose vif pour une meilleure visibilit\u00e9 de la goutte<\/li>\n<\/ul>\n","protected":false},"featured_media":4865,"comment_status":"open","ping_status":"closed","template":"","meta":{"_et_pb_use_builder":"","_et_pb_old_content":"","_et_gb_content_width":""},"product_brand":[],"product_cat":[315,24],"product_tag":[319],"class_list":{"0":"post-4864","1":"product","2":"type-product","3":"status-publish","4":"has-post-thumbnail","6":"product_cat-mariss","7":"product_cat-produits-jetables","8":"product_tag-mariss","9":"product_shipping_class-forfait","11":"first","12":"outofstock","13":"taxable","14":"shipping-taxable","15":"purchasable","16":"product-type-simple"},"jetpack_sharing_enabled":true,"_links":{"self":[{"href":"https:\/\/mglashes.ca\/distribution\/wp-json\/wp\/v2\/product\/4864","targetHints":{"allow":["GET"]}}],"collection":[{"href":"https:\/\/mglashes.ca\/distribution\/wp-json\/wp\/v2\/product"}],"about":[{"href":"https:\/\/mglashes.ca\/distribution\/wp-json\/wp\/v2\/types\/product"}],"replies":[{"embeddable":true,"href":"https:\/\/mglashes.ca\/distribution\/wp-json\/wp\/v2\/comments?post=4864"}],"wp:featuredmedia":[{"embeddable":true,"href":"https:\/\/mglashes.ca\/distribution\/wp-json\/wp\/v2\/media\/4865"}],"wp:attachment":[{"href":"https:\/\/mglashes.ca\/distribution\/wp-json\/wp\/v2\/media?parent=4864"}],"wp:term":[{"taxonomy":"product_brand","embeddable":true,"href":"https:\/\/mglashes.ca\/distribution\/wp-json\/wp\/v2\/product_brand?post=4864"},{"taxonomy":"product_cat","embeddable":true,"href":"https:\/\/mglashes.ca\/distribution\/wp-json\/wp\/v2\/product_cat?post=4864"},{"taxonomy":"product_tag","embeddable":true,"href":"https:\/\/mglashes.ca\/distribution\/wp-json\/wp\/v2\/product_tag?post=4864"}],"curies":[{"name":"wp","href":"https:\/\/api.w.org\/{rel}","templated":true}]}}