{"id":4855,"date":"2026-01-19T15:14:26","date_gmt":"2026-01-19T20:14:26","guid":{"rendered":"https:\/\/mglashes.ca\/distribution\/?post_type=product&#038;p=4855"},"modified":"2026-03-30T12:28:01","modified_gmt":"2026-03-30T17:28:01","slug":"basic-adhesif-1-seconde","status":"publish","type":"product","link":"https:\/\/mglashes.ca\/distribution\/produit\/basic-adhesif-1-seconde\/","title":{"rendered":"Basic Adh\u00e9sif 1 seconde"},"content":{"rendered":"","protected":false},"excerpt":{"rendered":"<h5><b>Colle Basic \u2013 1 seconde<\/b><\/h5>\n<p class=\"p3\"><b>Performance, pr\u00e9cision et flexibilit\u00e9<\/b><span class=\"s2\">\u00a0pour toutes les techniciennes.<\/span><\/p>\n<p class=\"p3\"><span class=\"s2\">D\u00e9couvrez\u00a0<\/span><b>Basic<\/b><span class=\"s2\">, notre nouvelle\u00a0<\/span><b>colle \u00e0 extensions de cils<\/b><span class=\"s2\">\u00a0\u00e0\u00a0<\/span><b>s\u00e9chage 1 seconde<\/b><span class=\"s2\">, pens\u00e9e pour convenir autant aux\u00a0<\/span><b>techniciennes d\u00e9butantes<\/b><span class=\"s2\">\u00a0qu\u2019aux\u00a0<\/span><b>professionnelles exp\u00e9riment\u00e9es<\/b><span class=\"s2\">.<\/span><\/p>\n<p class=\"p3\"><span class=\"s2\">Sa\u00a0<\/span><b>formule avanc\u00e9e<\/b><span class=\"s2\">\u00a0permet une\u00a0<\/span><b>polym\u00e9risation rapide mais flexible<\/b><span class=\"s2\">, offrant ainsi un\u00a0<\/span><b>temps de positionnement optimal<\/b><span class=\"s2\">\u00a0pour un r\u00e9sultat net et pr\u00e9cis.<\/span><\/p>\n<hr \/>\n<h5><b><br \/>\nCaract\u00e9ristiques<\/b><\/h5>\n<ul>\n<li class=\"p1\"><b>Temps de s\u00e9chage : 1 seconde<\/b><b><\/b><\/li>\n<li class=\"p1\"><b>Large spectre d\u2019humidit\u00e9<\/b><span class=\"s1\">\u00a0: fonctionne bien entre\u00a0<\/span><b>30 % et 70 %<\/b><b><\/b><\/li>\n<li class=\"p1\"><b>Temp\u00e9rature id\u00e9ale<\/b><span class=\"s1\">\u00a0: entre\u00a0<\/span><b>18 et 25 \u00b0C<\/b><b><\/b><\/li>\n<li class=\"p1\"><span class=\"s1\"><b>Viscosit\u00e9 fine<\/b><\/span>, facile \u00e0 manipuler<\/li>\n<li class=\"p1\"><span class=\"s1\">Id\u00e9ale pour les\u00a0<\/span><b>cils noirs ou bruns<\/b><b><\/b><\/li>\n<li class=\"p1\">Compatible avec\u00a0<span class=\"s1\"><b>toutes les techniques d\u2019extensions de cils<\/b><\/span>\u00a0(classique, volume, m\u00e9ga volume, etc.)<\/li>\n<li class=\"p1\"><b>Sans latex<\/b><span class=\"s1\">,\u00a0<\/span><b>sans formald\u00e9hyde<\/b><b><\/b><\/li>\n<li class=\"p1\"><b>Dur\u00e9e de vie<\/b><span class=\"s1\">\u00a0:\u00a0<\/span><span class=\"s2\"><b>6 mois<\/b><\/span>\u00a0avant ouverture,\u00a0<span class=\"s2\"><b>3 mois<\/b><\/span>\u00a0apr\u00e8s ouverture ou jusqu\u2019\u00e0 changement de texture<\/li>\n<\/ul>\n<hr \/>\n<h5><b><br \/>\nConseils d\u2019utilisation<\/b><\/h5>\n<ul>\n<li class=\"p1\"><span class=\"s1\"><b>Brasser manuellement<\/b><\/span>\u00a0le flacon\u00a0<span class=\"s1\"><b>2 \u00e0 3 minutes<\/b><\/span>\u00a0dans tous les sens avant usage chaque jour<\/li>\n<li class=\"p1\"><b>Changer la goutte de colle<\/b><span class=\"s1\">:\u00a0<\/span>En\u00a0<span class=\"s2\"><b>\u00e9t\u00e9<\/b><\/span>: toutes les\u00a0<span class=\"s2\"><b>15 minutes\u00a0<\/b><b><\/b><\/span>En\u00a0<span class=\"s2\"><b>hiver<\/b><\/span>: toutes les\u00a0<span class=\"s2\"><b>30 minutes<\/b><b><\/b><\/span><\/li>\n<li class=\"p1\"><span class=\"s1\"><b>Entreposer<\/b><\/span>\u00a0dans un\u00a0<span class=\"s1\"><b>pot herm\u00e9tique<\/b><\/span>, \u00e0 l\u2019abri du soleil<\/li>\n<li class=\"p1\"><span class=\"s1\"><b>Ne jamais entreposer<\/b><\/span>\u00a0au r\u00e9frig\u00e9rateur (sauf si dans un pot herm\u00e9tique)<\/li>\n<li class=\"p1\">Apr\u00e8s avoir d\u00e9pos\u00e9 la goutte dans la\u00a0<span class=\"s1\"><b>rondelle ou bague<\/b><\/span>,\u00a0<span class=\"s1\"><b>presser le flacon<\/b><\/span>\u00a0pour \u00e9vacuer l\u2019air<\/li>\n<li class=\"p1\">Essuyer l\u2019exc\u00e9dent avec les\u00a0<span class=\"s1\"><b>lingettes Wipe It Off<\/b><\/span>\u00a0pour \u00e9viter que le goulot ne se bloque<\/li>\n<li class=\"p1\">En cas de goulot bouch\u00e9, utiliser l\u2019embout de rechange ou le d\u00e9bloquer avec l\u2019aiguille fournie<\/li>\n<li class=\"p1\">Si la colle\u00a0<span class=\"s1\"><b>s\u00e8che trop lentement<\/b><\/span>, augmenter l\u2019humidit\u00e9 ambiante ou utiliser un\u00a0<span class=\"s1\"><b>nanomist<\/b><b><\/b><\/span><\/li>\n<li class=\"p1\">Si la colle\u00a0<span class=\"s1\"><b>s\u00e8che trop vite<\/b><\/span>, utiliser la\u00a0<span class=\"s1\"><b>technique de la micro goutte<\/b><\/span>\u00a0avec une\u00a0<span class=\"s1\"><b>bague \u00e0 colle<\/b><\/span>\u00a0pour r\u00e9duire la distance entre le trempage et le placement<\/li>\n<\/ul>\n","protected":false},"featured_media":4856,"comment_status":"open","ping_status":"closed","template":"","meta":{"_et_pb_use_builder":"","_et_pb_old_content":"","_et_gb_content_width":""},"product_brand":[],"product_cat":[362,315],"product_tag":[30,319],"class_list":{"0":"post-4855","1":"product","2":"type-product","3":"status-publish","4":"has-post-thumbnail","6":"product_cat-adhesif","7":"product_cat-mariss","8":"product_tag-colle","9":"product_tag-mariss","10":"product_shipping_class-forfait","12":"first","13":"outofstock","14":"taxable","15":"shipping-taxable","16":"purchasable","17":"product-type-simple"},"jetpack_sharing_enabled":true,"_links":{"self":[{"href":"https:\/\/mglashes.ca\/distribution\/wp-json\/wp\/v2\/product\/4855","targetHints":{"allow":["GET"]}}],"collection":[{"href":"https:\/\/mglashes.ca\/distribution\/wp-json\/wp\/v2\/product"}],"about":[{"href":"https:\/\/mglashes.ca\/distribution\/wp-json\/wp\/v2\/types\/product"}],"replies":[{"embeddable":true,"href":"https:\/\/mglashes.ca\/distribution\/wp-json\/wp\/v2\/comments?post=4855"}],"wp:featuredmedia":[{"embeddable":true,"href":"https:\/\/mglashes.ca\/distribution\/wp-json\/wp\/v2\/media\/4856"}],"wp:attachment":[{"href":"https:\/\/mglashes.ca\/distribution\/wp-json\/wp\/v2\/media?parent=4855"}],"wp:term":[{"taxonomy":"product_brand","embeddable":true,"href":"https:\/\/mglashes.ca\/distribution\/wp-json\/wp\/v2\/product_brand?post=4855"},{"taxonomy":"product_cat","embeddable":true,"href":"https:\/\/mglashes.ca\/distribution\/wp-json\/wp\/v2\/product_cat?post=4855"},{"taxonomy":"product_tag","embeddable":true,"href":"https:\/\/mglashes.ca\/distribution\/wp-json\/wp\/v2\/product_tag?post=4855"}],"curies":[{"name":"wp","href":"https:\/\/api.w.org\/{rel}","templated":true}]}}