{"id":4788,"date":"2026-01-12T10:32:44","date_gmt":"2026-01-12T15:32:44","guid":{"rendered":"https:\/\/mglashes.ca\/distribution\/?post_type=product&#038;p=4788"},"modified":"2026-01-12T10:32:44","modified_gmt":"2026-01-12T15:32:44","slug":"my-way-diffuseur-a-roseaux","status":"publish","type":"product","link":"https:\/\/mglashes.ca\/distribution\/produit\/my-way-diffuseur-a-roseaux\/","title":{"rendered":"My Way &#8211; Diffuseur \u00e0 roseaux"},"content":{"rendered":"","protected":false},"excerpt":{"rendered":"<p>Explorez My Way, une fragrance inspir\u00e9e par 1 HOTEL, MIAMI BEACH. Les notes de t\u00eate exquises de cuir, cardamome et citron cr\u00e9ent une ouverture \u00e9l\u00e9gante. En son c\u0153ur, le bois de santal, la cannelle et le bois de oud offrent une profondeur bois\u00e9e et \u00e9pic\u00e9e. Les notes de fond de v\u00e9tiver, d&rsquo;ambre et de musc laissent une empreinte riche et sensuelle. Une essence qui \u00e9voque l&rsquo;\u00e9l\u00e9gance raffin\u00e9e de Miami Beach.<\/p>\n<p><strong>Notes de t\u00eate:<\/strong>\u00a0Cuir, cardamome, citron.<br \/>\n<strong>Notes de c\u0153ur:<\/strong>\u00a0Bois de santal, cannelle, bois de oud.<br \/>\n<strong>Notes de fond:<\/strong>\u00a0V\u00e9tiver, ambre et musc.<\/p>\n","protected":false},"featured_media":4790,"comment_status":"open","ping_status":"closed","template":"","meta":{"_et_pb_use_builder":"","_et_pb_old_content":"","_et_gb_content_width":""},"product_brand":[],"product_cat":[339],"product_tag":[333],"class_list":{"0":"post-4788","1":"product","2":"type-product","3":"status-publish","4":"has-post-thumbnail","6":"product_cat-diffuseurs-roseaux","7":"product_tag-diff","8":"product_shipping_class-forfait","10":"first","11":"outofstock","12":"taxable","13":"shipping-taxable","14":"purchasable","15":"product-type-variable"},"jetpack_sharing_enabled":true,"_links":{"self":[{"href":"https:\/\/mglashes.ca\/distribution\/wp-json\/wp\/v2\/product\/4788","targetHints":{"allow":["GET"]}}],"collection":[{"href":"https:\/\/mglashes.ca\/distribution\/wp-json\/wp\/v2\/product"}],"about":[{"href":"https:\/\/mglashes.ca\/distribution\/wp-json\/wp\/v2\/types\/product"}],"replies":[{"embeddable":true,"href":"https:\/\/mglashes.ca\/distribution\/wp-json\/wp\/v2\/comments?post=4788"}],"wp:featuredmedia":[{"embeddable":true,"href":"https:\/\/mglashes.ca\/distribution\/wp-json\/wp\/v2\/media\/4790"}],"wp:attachment":[{"href":"https:\/\/mglashes.ca\/distribution\/wp-json\/wp\/v2\/media?parent=4788"}],"wp:term":[{"taxonomy":"product_brand","embeddable":true,"href":"https:\/\/mglashes.ca\/distribution\/wp-json\/wp\/v2\/product_brand?post=4788"},{"taxonomy":"product_cat","embeddable":true,"href":"https:\/\/mglashes.ca\/distribution\/wp-json\/wp\/v2\/product_cat?post=4788"},{"taxonomy":"product_tag","embeddable":true,"href":"https:\/\/mglashes.ca\/distribution\/wp-json\/wp\/v2\/product_tag?post=4788"}],"curies":[{"name":"wp","href":"https:\/\/api.w.org\/{rel}","templated":true}]}}