{"id":4778,"date":"2026-01-12T10:10:53","date_gmt":"2026-01-12T15:10:53","guid":{"rendered":"https:\/\/mglashes.ca\/distribution\/?post_type=product&#038;p=4778"},"modified":"2026-01-12T10:10:53","modified_gmt":"2026-01-12T15:10:53","slug":"nuit-a-montreal-diffuseur-a-roseaux","status":"publish","type":"product","link":"https:\/\/mglashes.ca\/distribution\/produit\/nuit-a-montreal-diffuseur-a-roseaux\/","title":{"rendered":"Nuit \u00e0 Montr\u00e9al &#8211; Diffuseur \u00e0 roseaux"},"content":{"rendered":"","protected":false},"excerpt":{"rendered":"<p>D\u00e9couvrez Nuit \u00e0 Montr\u00e9al, une fragrance inspir\u00e9e par Four Seasons Montr\u00e9al. Les notes de t\u00eate, un m\u00e9lange envo\u00fbtant de figue sauvage, v\u00e9tiver, amande et bois de santal, cr\u00e9ent une ouverture captivante. En son c\u0153ur, la jacinthe sauvage, la fleur de jasmin et l&rsquo;ambre apportent un raffinement floral. Les notes de fond riches de bois de c\u00e8dre, musc pur et oud dor\u00e9 laissent une empreinte chaleureuse. Une essence luxueuse pour une nuit m\u00e9morable \u00e0 Montr\u00e9al.<\/p>\n<p><strong>Notes de t\u00eate:<\/strong>\u00a0Figue sauvage, v\u00e9tiver, amande et bois de santal.<br \/>\n<strong>Notes de c\u0153ur:<\/strong>\u00a0Jacinthe sauvage, fleur de jasmin, ambre.<br \/>\n<strong>Notes de fond:<\/strong>\u00a0Bois de c\u00e8dre, musc pur, oud dor\u00e9.<\/p>\n","protected":false},"featured_media":4779,"comment_status":"open","ping_status":"closed","template":"","meta":{"_et_pb_use_builder":"","_et_pb_old_content":"","_et_gb_content_width":""},"product_brand":[],"product_cat":[339],"product_tag":[333],"class_list":{"0":"post-4778","1":"product","2":"type-product","3":"status-publish","4":"has-post-thumbnail","6":"product_cat-diffuseurs-roseaux","7":"product_tag-diff","8":"product_shipping_class-forfait","10":"first","11":"outofstock","12":"taxable","13":"shipping-taxable","14":"purchasable","15":"product-type-variable"},"jetpack_sharing_enabled":true,"_links":{"self":[{"href":"https:\/\/mglashes.ca\/distribution\/wp-json\/wp\/v2\/product\/4778","targetHints":{"allow":["GET"]}}],"collection":[{"href":"https:\/\/mglashes.ca\/distribution\/wp-json\/wp\/v2\/product"}],"about":[{"href":"https:\/\/mglashes.ca\/distribution\/wp-json\/wp\/v2\/types\/product"}],"replies":[{"embeddable":true,"href":"https:\/\/mglashes.ca\/distribution\/wp-json\/wp\/v2\/comments?post=4778"}],"wp:featuredmedia":[{"embeddable":true,"href":"https:\/\/mglashes.ca\/distribution\/wp-json\/wp\/v2\/media\/4779"}],"wp:attachment":[{"href":"https:\/\/mglashes.ca\/distribution\/wp-json\/wp\/v2\/media?parent=4778"}],"wp:term":[{"taxonomy":"product_brand","embeddable":true,"href":"https:\/\/mglashes.ca\/distribution\/wp-json\/wp\/v2\/product_brand?post=4778"},{"taxonomy":"product_cat","embeddable":true,"href":"https:\/\/mglashes.ca\/distribution\/wp-json\/wp\/v2\/product_cat?post=4778"},{"taxonomy":"product_tag","embeddable":true,"href":"https:\/\/mglashes.ca\/distribution\/wp-json\/wp\/v2\/product_tag?post=4778"}],"curies":[{"name":"wp","href":"https:\/\/api.w.org\/{rel}","templated":true}]}}