{"id":4764,"date":"2026-01-12T09:46:00","date_gmt":"2026-01-12T14:46:00","guid":{"rendered":"https:\/\/mglashes.ca\/distribution\/?post_type=product&#038;p=4764"},"modified":"2026-01-14T16:06:28","modified_gmt":"2026-01-14T21:06:28","slug":"romance-florale-vaporisateur","status":"publish","type":"product","link":"https:\/\/mglashes.ca\/distribution\/produit\/romance-florale-vaporisateur\/","title":{"rendered":"Romance Florale &#8211; Vaporisateur"},"content":{"rendered":"","protected":false},"excerpt":{"rendered":"<div class=\"product__description rte remove-empty-space\">\n<p>Explorez Romance Florale, une fragrance inspir\u00e9e par Jo Malone English Pear &amp; Freesia. Les notes de t\u00eate de poire et de melon cr\u00e9ent une ouverture fruit\u00e9e et p\u00e9tillante. En son c\u0153ur, le freesia et la rose ajoutent une\u00a0l\u00e9g\u00e8re fragrance\u00a0florale. Les notes de fond de musc, patchouli, rhubarbe et ambre laissent une empreinte\u00a0sophistiqu\u00e9e. Une essence qui \u00e9voque la romance et la fra\u00eecheur florale.<\/p>\n<p><strong>Notes de t\u00eate:<\/strong>\u00a0Poire et melon.<br \/>\n<strong>Notes de c\u0153ur:<\/strong>\u00a0Freesia et rose.<br \/>\n<strong>Notes de fond:<\/strong>\u00a0Musc, patchouli, rhubarbe et ambre.<\/p>\n<p>100ml.<\/p>\n<\/div>\n<p><span class=\"toggle__title\" tabindex=\"0\" role=\"button\" data-js-title=\"\" aria-expanded=\"true\" aria-controls=\"toggle-8485b61a-0ee9-460f-a85f-f1545c80ef33\">\ud83d\udcdd MODE D&rsquo;EMPLOI<\/span><\/p>\n<div id=\"toggle--8485b61a-0ee9-460f-a85f-f1545c80ef33\" class=\"toggle__content rte remove-empty-space\" role=\"region\" data-js-content=\"\">\n<ol>\n<li>Secouez bien le flacon avant utilisation pour m\u00e9langer les ingr\u00e9dients.<\/li>\n<li>Dirigez la buse du vaporisateur loin du visage et du corps.<\/li>\n<li>Appuyez l\u00e9g\u00e8rement sur la pompe pour diffuser le produit dans la pi\u00e8ce.<\/li>\n<li>\u00c9vitez de pulv\u00e9riser directement sur les tissus, les surfaces en bois ou les objets d\u00e9licats.<\/li>\n<li>R\u00e9p\u00e9tez l&rsquo;op\u00e9ration au besoin pour rafra\u00eechir l&rsquo;atmosph\u00e8re de la pi\u00e8ce.<\/li>\n<li>Assurez-vous de bien refermer le vaporisateur apr\u00e8s utilisation pour pr\u00e9server la qualit\u00e9 du produit.<\/li>\n<\/ol>\n<\/div>\n","protected":false},"featured_media":4765,"comment_status":"open","ping_status":"closed","template":"","meta":{"_et_pb_use_builder":"","_et_pb_old_content":"","_et_gb_content_width":""},"product_brand":[],"product_cat":[338],"product_tag":[333],"class_list":{"0":"post-4764","1":"product","2":"type-product","3":"status-publish","4":"has-post-thumbnail","6":"product_cat-vaporisateurs","7":"product_tag-diff","8":"product_shipping_class-forfait","10":"first","11":"instock","12":"taxable","13":"shipping-taxable","14":"purchasable","15":"product-type-simple"},"jetpack_sharing_enabled":true,"_links":{"self":[{"href":"https:\/\/mglashes.ca\/distribution\/wp-json\/wp\/v2\/product\/4764","targetHints":{"allow":["GET"]}}],"collection":[{"href":"https:\/\/mglashes.ca\/distribution\/wp-json\/wp\/v2\/product"}],"about":[{"href":"https:\/\/mglashes.ca\/distribution\/wp-json\/wp\/v2\/types\/product"}],"replies":[{"embeddable":true,"href":"https:\/\/mglashes.ca\/distribution\/wp-json\/wp\/v2\/comments?post=4764"}],"wp:featuredmedia":[{"embeddable":true,"href":"https:\/\/mglashes.ca\/distribution\/wp-json\/wp\/v2\/media\/4765"}],"wp:attachment":[{"href":"https:\/\/mglashes.ca\/distribution\/wp-json\/wp\/v2\/media?parent=4764"}],"wp:term":[{"taxonomy":"product_brand","embeddable":true,"href":"https:\/\/mglashes.ca\/distribution\/wp-json\/wp\/v2\/product_brand?post=4764"},{"taxonomy":"product_cat","embeddable":true,"href":"https:\/\/mglashes.ca\/distribution\/wp-json\/wp\/v2\/product_cat?post=4764"},{"taxonomy":"product_tag","embeddable":true,"href":"https:\/\/mglashes.ca\/distribution\/wp-json\/wp\/v2\/product_tag?post=4764"}],"curies":[{"name":"wp","href":"https:\/\/api.w.org\/{rel}","templated":true}]}}