{"id":4760,"date":"2026-01-12T09:41:44","date_gmt":"2026-01-12T14:41:44","guid":{"rendered":"https:\/\/mglashes.ca\/distribution\/?post_type=product&#038;p=4760"},"modified":"2026-01-12T09:41:44","modified_gmt":"2026-01-12T14:41:44","slug":"tresor-vaporisateur","status":"publish","type":"product","link":"https:\/\/mglashes.ca\/distribution\/produit\/tresor-vaporisateur\/","title":{"rendered":"Tr\u00e9sor &#8211; Vaporisateur"},"content":{"rendered":"","protected":false},"excerpt":{"rendered":"<div class=\"product__description rte remove-empty-space\">\n<p>D\u00e9couvrez Tr\u00e9sor, une fragrance inspir\u00e9e par Shangri-La Hotel. Les notes de t\u00eate, une harmonie rafra\u00eechissante de bergamote et de citron, offre une ouverture tonique. En son c\u0153ur, le romarin, la fleur d\u2019oranger, la lavande et l&rsquo;huile de n\u00e9roli ajoutent une \u00e9l\u00e9gance florale et herbac\u00e9e. Les notes de fond de c\u00e8dre, de labdanum, de v\u00e9tiver et d&rsquo;ambre cr\u00e9ent une empreinte\u00a0foresti\u00e8re. Une essence qui incarne le luxe et le raffinement.<\/p>\n<p><b><\/b><strong>Notes de t\u00eate:<\/strong>\u00a0Bergamote et citron.<br \/>\n<strong>Notes de c\u0153ur:<\/strong>\u00a0Romarin, fleur d\u2019oranger, lavande et huile de n\u00e9roli.<br \/>\n<strong>Notes de fond:<\/strong>\u00a0C\u00e8dre, labdanum, v\u00e9tiver et ambre.<\/p>\n<p>100ml.<\/p>\n<\/div>\n<p><span class=\"toggle__title\" tabindex=\"0\" role=\"button\" data-js-title=\"\" aria-expanded=\"true\" aria-controls=\"toggle-8485b61a-0ee9-460f-a85f-f1545c80ef33\">\ud83d\udcdd MODE D&rsquo;EMPLOI<\/span><\/p>\n<div id=\"toggle--8485b61a-0ee9-460f-a85f-f1545c80ef33\" class=\"toggle__content rte remove-empty-space\" role=\"region\" data-js-content=\"\">\n<ol>\n<li>Secouez bien le flacon avant utilisation pour m\u00e9langer les ingr\u00e9dients.<\/li>\n<li>Dirigez la buse du vaporisateur loin du visage et du corps.<\/li>\n<li>Appuyez l\u00e9g\u00e8rement sur la pompe pour diffuser le produit dans la pi\u00e8ce.<\/li>\n<li>\u00c9vitez de pulv\u00e9riser directement sur les tissus, les surfaces en bois ou les objets d\u00e9licats.<\/li>\n<li>R\u00e9p\u00e9tez l&rsquo;op\u00e9ration au besoin pour rafra\u00eechir l&rsquo;atmosph\u00e8re de la pi\u00e8ce.<\/li>\n<li>Assurez-vous de bien refermer le vaporisateur apr\u00e8s utilisation pour pr\u00e9server la qualit\u00e9 du produit.<\/li>\n<\/ol>\n<\/div>\n","protected":false},"featured_media":4761,"comment_status":"open","ping_status":"closed","template":"","meta":{"_et_pb_use_builder":"","_et_pb_old_content":"","_et_gb_content_width":""},"product_brand":[],"product_cat":[338],"product_tag":[333],"class_list":{"0":"post-4760","1":"product","2":"type-product","3":"status-publish","4":"has-post-thumbnail","6":"product_cat-vaporisateurs","7":"product_tag-diff","8":"product_shipping_class-forfait","10":"first","11":"outofstock","12":"taxable","13":"shipping-taxable","14":"purchasable","15":"product-type-simple"},"jetpack_sharing_enabled":true,"_links":{"self":[{"href":"https:\/\/mglashes.ca\/distribution\/wp-json\/wp\/v2\/product\/4760","targetHints":{"allow":["GET"]}}],"collection":[{"href":"https:\/\/mglashes.ca\/distribution\/wp-json\/wp\/v2\/product"}],"about":[{"href":"https:\/\/mglashes.ca\/distribution\/wp-json\/wp\/v2\/types\/product"}],"replies":[{"embeddable":true,"href":"https:\/\/mglashes.ca\/distribution\/wp-json\/wp\/v2\/comments?post=4760"}],"wp:featuredmedia":[{"embeddable":true,"href":"https:\/\/mglashes.ca\/distribution\/wp-json\/wp\/v2\/media\/4761"}],"wp:attachment":[{"href":"https:\/\/mglashes.ca\/distribution\/wp-json\/wp\/v2\/media?parent=4760"}],"wp:term":[{"taxonomy":"product_brand","embeddable":true,"href":"https:\/\/mglashes.ca\/distribution\/wp-json\/wp\/v2\/product_brand?post=4760"},{"taxonomy":"product_cat","embeddable":true,"href":"https:\/\/mglashes.ca\/distribution\/wp-json\/wp\/v2\/product_cat?post=4760"},{"taxonomy":"product_tag","embeddable":true,"href":"https:\/\/mglashes.ca\/distribution\/wp-json\/wp\/v2\/product_tag?post=4760"}],"curies":[{"name":"wp","href":"https:\/\/api.w.org\/{rel}","templated":true}]}}