{"id":4724,"date":"2026-01-11T17:00:45","date_gmt":"2026-01-11T22:00:45","guid":{"rendered":"https:\/\/mglashes.ca\/distribution\/?post_type=product&#038;p=4724"},"modified":"2026-01-14T16:08:19","modified_gmt":"2026-01-14T21:08:19","slug":"paris-vaporisateur","status":"publish","type":"product","link":"https:\/\/mglashes.ca\/distribution\/produit\/paris-vaporisateur\/","title":{"rendered":"Paris &#8211; Vaporisateur"},"content":{"rendered":"","protected":false},"excerpt":{"rendered":"<div class=\"product__description rte remove-empty-space\">\n<p>Explorez Paris, une fragrance inspir\u00e9e par Hilton Hotel. Les notes de t\u00eate, un m\u00e9lange envo\u00fbtant de bergamote et de fleur clair, \u00e9voquent une introduction\u00a0p\u00e9tillante et d\u00e9licate. En son c\u0153ur, le muguet, la rose et le tr\u00e8fle cr\u00e9ent un bouquet floral \u00e9l\u00e9gant. Les notes de fond d&rsquo;eau sal\u00e9e, d&rsquo;ambre et de musc laissent une\u00a0empreinte marine\u00a0enveloppante. Une essence qui capture l&rsquo;essence de la ville lumi\u00e8re.<\/p>\n<p><strong>Notes de t\u00eate:<\/strong>\u00a0Bergamote, fleur clair.<br \/>\n<strong>Notes de c\u0153ur:<\/strong>\u00a0Muguet, rose et tr\u00e8fle.<br \/>\n<strong>Notes de fond:<\/strong>\u00a0Eau sal\u00e9e, ambre et musc.<\/p>\n<p>100ml.<\/p>\n<\/div>\n<p><span class=\"toggle__title\" tabindex=\"0\" role=\"button\" data-js-title=\"\" aria-expanded=\"true\" aria-controls=\"toggle-8485b61a-0ee9-460f-a85f-f1545c80ef33\">\ud83d\udcdd MODE D&rsquo;EMPLOI<\/span><\/p>\n<div id=\"toggle--8485b61a-0ee9-460f-a85f-f1545c80ef33\" class=\"toggle__content rte remove-empty-space\" role=\"region\" data-js-content=\"\">\n<ol>\n<li>Secouez bien le flacon avant utilisation pour m\u00e9langer les ingr\u00e9dients.<\/li>\n<li>Dirigez la buse du vaporisateur loin du visage et du corps.<\/li>\n<li>Appuyez l\u00e9g\u00e8rement sur la pompe pour diffuser le produit dans la pi\u00e8ce.<\/li>\n<li>\u00c9vitez de pulv\u00e9riser directement sur les tissus, les surfaces en bois ou les objets d\u00e9licats.<\/li>\n<li>R\u00e9p\u00e9tez l&rsquo;op\u00e9ration au besoin pour rafra\u00eechir l&rsquo;atmosph\u00e8re de la pi\u00e8ce.<\/li>\n<li>Assurez-vous de bien refermer le vaporisateur apr\u00e8s utilisation pour pr\u00e9server la qualit\u00e9 du produit.<\/li>\n<\/ol>\n<\/div>\n","protected":false},"featured_media":4725,"comment_status":"open","ping_status":"closed","template":"","meta":{"_et_pb_use_builder":"","_et_pb_old_content":"","_et_gb_content_width":""},"product_brand":[],"product_cat":[338],"product_tag":[333],"class_list":{"0":"post-4724","1":"product","2":"type-product","3":"status-publish","4":"has-post-thumbnail","6":"product_cat-vaporisateurs","7":"product_tag-diff","8":"product_shipping_class-forfait","10":"first","11":"instock","12":"taxable","13":"shipping-taxable","14":"purchasable","15":"product-type-simple"},"jetpack_sharing_enabled":true,"_links":{"self":[{"href":"https:\/\/mglashes.ca\/distribution\/wp-json\/wp\/v2\/product\/4724","targetHints":{"allow":["GET"]}}],"collection":[{"href":"https:\/\/mglashes.ca\/distribution\/wp-json\/wp\/v2\/product"}],"about":[{"href":"https:\/\/mglashes.ca\/distribution\/wp-json\/wp\/v2\/types\/product"}],"replies":[{"embeddable":true,"href":"https:\/\/mglashes.ca\/distribution\/wp-json\/wp\/v2\/comments?post=4724"}],"wp:featuredmedia":[{"embeddable":true,"href":"https:\/\/mglashes.ca\/distribution\/wp-json\/wp\/v2\/media\/4725"}],"wp:attachment":[{"href":"https:\/\/mglashes.ca\/distribution\/wp-json\/wp\/v2\/media?parent=4724"}],"wp:term":[{"taxonomy":"product_brand","embeddable":true,"href":"https:\/\/mglashes.ca\/distribution\/wp-json\/wp\/v2\/product_brand?post=4724"},{"taxonomy":"product_cat","embeddable":true,"href":"https:\/\/mglashes.ca\/distribution\/wp-json\/wp\/v2\/product_cat?post=4724"},{"taxonomy":"product_tag","embeddable":true,"href":"https:\/\/mglashes.ca\/distribution\/wp-json\/wp\/v2\/product_tag?post=4724"}],"curies":[{"name":"wp","href":"https:\/\/api.w.org\/{rel}","templated":true}]}}