{"id":4718,"date":"2026-01-11T16:55:11","date_gmt":"2026-01-11T21:55:11","guid":{"rendered":"https:\/\/mglashes.ca\/distribution\/?post_type=product&#038;p=4718"},"modified":"2026-01-14T16:08:54","modified_gmt":"2026-01-14T21:08:54","slug":"quatre-saisons-vaporisateur","status":"publish","type":"product","link":"https:\/\/mglashes.ca\/distribution\/produit\/quatre-saisons-vaporisateur\/","title":{"rendered":"Quatre Saisons &#8211; Vaporisateur"},"content":{"rendered":"","protected":false},"excerpt":{"rendered":"<div class=\"product__description rte remove-empty-space\">\n<p data-end=\"742\" data-start=\"203\"><strong data-end=\"245\" data-start=\"218\">Explorez Quatre Saisons<\/strong>, une fragrance inspir\u00e9e par\u00a0<em data-end=\"288\" data-start=\"274\">Four Seasons<\/em>. Les notes de t\u00eate, une symphonie lumineuse de\u00a0<strong data-end=\"346\" data-start=\"336\">citron<\/strong>,\u00a0<strong data-end=\"358\" data-start=\"348\">orange<\/strong>\u00a0et\u00a0<strong data-end=\"372\" data-start=\"362\">jasmin<\/strong>, \u00e9voquent une ouverture fra\u00eeche et \u00e9clatante. En son c\u0153ur, la\u00a0<strong data-end=\"447\" data-start=\"435\">violette<\/strong>, le\u00a0<strong data-end=\"461\" data-start=\"452\">souci<\/strong>\u00a0et le\u00a0<strong data-end=\"478\" data-start=\"468\">cassis<\/strong>\u00a0d\u00e9voilent une \u00e9l\u00e9gance florale vive et moderne. Les notes de fond de\u00a0<strong data-end=\"556\" data-start=\"548\">musc<\/strong>,\u00a0<strong data-end=\"567\" data-start=\"558\">ambre<\/strong>,\u00a0<strong data-end=\"580\" data-start=\"569\">v\u00e9tiver<\/strong>,\u00a0<strong data-end=\"594\" data-start=\"582\">cyclamen<\/strong>\u00a0et\u00a0<strong data-end=\"615\" data-start=\"598\">bois de c\u00e8dre<\/strong>\u00a0laissent une empreinte chaleureuse et apaisante. Une essence qui refl\u00e8te le charme intemporel des quatre saisons avec finesse.<\/p>\n<p data-end=\"900\" data-start=\"744\"><strong data-end=\"763\" data-start=\"744\">Notes de t\u00eate :<\/strong>\u00a0Citron, orange, jasmin<br data-end=\"789\" data-start=\"786\" \/><strong data-end=\"808\" data-start=\"789\">Notes de c\u0153ur :<\/strong>\u00a0Violette, souci, cassis<br data-end=\"835\" data-start=\"832\" \/><strong data-end=\"854\" data-start=\"835\">Notes de fond :<\/strong>\u00a0Musc, ambre, v\u00e9tiver, cyclamen, bois de c\u00e8dre<\/p>\n<p>100ml.<\/p>\n<\/div>\n<p><span class=\"toggle__title\" tabindex=\"0\" role=\"button\" data-js-title=\"\" aria-expanded=\"true\" aria-controls=\"toggle-8485b61a-0ee9-460f-a85f-f1545c80ef33\">\ud83d\udcdd MODE D&rsquo;EMPLOI<\/span><\/p>\n<div id=\"toggle--8485b61a-0ee9-460f-a85f-f1545c80ef33\" class=\"toggle__content rte remove-empty-space\" role=\"region\" data-js-content=\"\">\n<ol>\n<li>Secouez bien le flacon avant utilisation pour m\u00e9langer les ingr\u00e9dients.<\/li>\n<li>Dirigez la buse du vaporisateur loin du visage et du corps.<\/li>\n<li>Appuyez l\u00e9g\u00e8rement sur la pompe pour diffuser le produit dans la pi\u00e8ce.<\/li>\n<li>\u00c9vitez de pulv\u00e9riser directement sur les tissus, les surfaces en bois ou les objets d\u00e9licats.<\/li>\n<li>R\u00e9p\u00e9tez l&rsquo;op\u00e9ration au besoin pour rafra\u00eechir l&rsquo;atmosph\u00e8re de la pi\u00e8ce.<\/li>\n<li>Assurez-vous de bien refermer le vaporisateur apr\u00e8s utilisation pour pr\u00e9server la qualit\u00e9 du produit.<\/li>\n<\/ol>\n<\/div>\n","protected":false},"featured_media":4719,"comment_status":"open","ping_status":"closed","template":"","meta":{"_et_pb_use_builder":"","_et_pb_old_content":"","_et_gb_content_width":""},"product_brand":[],"product_cat":[338],"product_tag":[333],"class_list":{"0":"post-4718","1":"product","2":"type-product","3":"status-publish","4":"has-post-thumbnail","6":"product_cat-vaporisateurs","7":"product_tag-diff","8":"product_shipping_class-forfait","10":"first","11":"instock","12":"taxable","13":"shipping-taxable","14":"purchasable","15":"product-type-simple"},"jetpack_sharing_enabled":true,"_links":{"self":[{"href":"https:\/\/mglashes.ca\/distribution\/wp-json\/wp\/v2\/product\/4718","targetHints":{"allow":["GET"]}}],"collection":[{"href":"https:\/\/mglashes.ca\/distribution\/wp-json\/wp\/v2\/product"}],"about":[{"href":"https:\/\/mglashes.ca\/distribution\/wp-json\/wp\/v2\/types\/product"}],"replies":[{"embeddable":true,"href":"https:\/\/mglashes.ca\/distribution\/wp-json\/wp\/v2\/comments?post=4718"}],"wp:featuredmedia":[{"embeddable":true,"href":"https:\/\/mglashes.ca\/distribution\/wp-json\/wp\/v2\/media\/4719"}],"wp:attachment":[{"href":"https:\/\/mglashes.ca\/distribution\/wp-json\/wp\/v2\/media?parent=4718"}],"wp:term":[{"taxonomy":"product_brand","embeddable":true,"href":"https:\/\/mglashes.ca\/distribution\/wp-json\/wp\/v2\/product_brand?post=4718"},{"taxonomy":"product_cat","embeddable":true,"href":"https:\/\/mglashes.ca\/distribution\/wp-json\/wp\/v2\/product_cat?post=4718"},{"taxonomy":"product_tag","embeddable":true,"href":"https:\/\/mglashes.ca\/distribution\/wp-json\/wp\/v2\/product_tag?post=4718"}],"curies":[{"name":"wp","href":"https:\/\/api.w.org\/{rel}","templated":true}]}}