{"id":4545,"date":"2025-12-31T12:46:40","date_gmt":"2025-12-31T17:46:40","guid":{"rendered":"https:\/\/mglashes.ca\/distribution\/?post_type=product&#038;p=4545"},"modified":"2026-01-08T18:40:28","modified_gmt":"2026-01-08T23:40:28","slug":"nouveau-diff-duo","status":"publish","type":"product","link":"https:\/\/mglashes.ca\/distribution\/produit\/nouveau-diff-duo\/","title":{"rendered":"NOUVEAU &#8211; Diff Duo"},"content":{"rendered":"","protected":false},"excerpt":{"rendered":"<p class=\"p1\"><b>Le diffuseur qui s\u2019adapte \u00e0 vos envies<\/b><b><\/b><\/p>\n<p class=\"p1\">Transformez l\u2019atmosph\u00e8re de votre maison en un clin d\u2019\u0153il avec le nouveau\u00a0<b>Diff Duo<\/b>, le diffuseur de fragrances d\u2019int\u00e9rieur con\u00e7u pour vous offrir une exp\u00e9rience olfactive personnalis\u00e9e. Gr\u00e2ce \u00e0 sa capacit\u00e9 unique \u00e0 accueillir\u00a0<b>jusqu\u2019\u00e0 deux fragrances<\/b>\u00a0simultan\u00e9ment, alternez entre vos parfums pr\u00e9f\u00e9r\u00e9s selon votre humeur ou l\u2019ambiance que vous souhaitez cr\u00e9er.<\/p>\n<p class=\"p1\">Le Diff Duo va plus loin avec une technologie intuitive :\u00a0<b>programme et contr\u00f4le<\/b>\u00a0facilement vos s\u00e9ances de diffusion via une\u00a0<strong>application mobile<\/strong>\u00a0conviviale. Choisissez les plages horaires, ajustez l\u2019intensit\u00e9 des parfums et changez d\u2019ambiance sans effort, directement depuis votre t\u00e9l\u00e9phone.<\/p>\n<p class=\"p1\">L\u2019\u00e9l\u00e9gance et la modernit\u00e9 du Diff Duo en font bien plus qu\u2019un simple diffuseur \u2014 c\u2019est un v\u00e9ritable \u00e9l\u00e9ment de style qui s\u2019int\u00e8gre parfaitement \u00e0 votre int\u00e9rieur tout en offrant un confort olfactif in\u00e9gal\u00e9.<\/p>\n","protected":false},"featured_media":4546,"comment_status":"open","ping_status":"closed","template":"","meta":{"_et_pb_use_builder":"","_et_pb_old_content":"","_et_gb_content_width":""},"product_brand":[],"product_cat":[340],"product_tag":[333],"class_list":{"0":"post-4545","1":"product","2":"type-product","3":"status-publish","4":"has-post-thumbnail","6":"product_cat-diffuseurs","7":"product_tag-diff","8":"product_shipping_class-forfait","10":"first","11":"instock","12":"sale","13":"taxable","14":"shipping-taxable","15":"purchasable","16":"product-type-simple"},"jetpack_sharing_enabled":true,"_links":{"self":[{"href":"https:\/\/mglashes.ca\/distribution\/wp-json\/wp\/v2\/product\/4545","targetHints":{"allow":["GET"]}}],"collection":[{"href":"https:\/\/mglashes.ca\/distribution\/wp-json\/wp\/v2\/product"}],"about":[{"href":"https:\/\/mglashes.ca\/distribution\/wp-json\/wp\/v2\/types\/product"}],"replies":[{"embeddable":true,"href":"https:\/\/mglashes.ca\/distribution\/wp-json\/wp\/v2\/comments?post=4545"}],"wp:featuredmedia":[{"embeddable":true,"href":"https:\/\/mglashes.ca\/distribution\/wp-json\/wp\/v2\/media\/4546"}],"wp:attachment":[{"href":"https:\/\/mglashes.ca\/distribution\/wp-json\/wp\/v2\/media?parent=4545"}],"wp:term":[{"taxonomy":"product_brand","embeddable":true,"href":"https:\/\/mglashes.ca\/distribution\/wp-json\/wp\/v2\/product_brand?post=4545"},{"taxonomy":"product_cat","embeddable":true,"href":"https:\/\/mglashes.ca\/distribution\/wp-json\/wp\/v2\/product_cat?post=4545"},{"taxonomy":"product_tag","embeddable":true,"href":"https:\/\/mglashes.ca\/distribution\/wp-json\/wp\/v2\/product_tag?post=4545"}],"curies":[{"name":"wp","href":"https:\/\/api.w.org\/{rel}","templated":true}]}}