{"id":4542,"date":"2025-12-31T12:44:48","date_gmt":"2025-12-31T17:44:48","guid":{"rendered":"https:\/\/mglashes.ca\/distribution\/?post_type=product&#038;p=4542"},"modified":"2026-01-09T21:44:57","modified_gmt":"2026-01-10T02:44:57","slug":"le-nouveau-diff-pro-sans-fil","status":"publish","type":"product","link":"https:\/\/mglashes.ca\/distribution\/produit\/le-nouveau-diff-pro-sans-fil\/","title":{"rendered":"Le nouveau Diff Pro &#8211; Sans fil"},"content":{"rendered":"","protected":false},"excerpt":{"rendered":"<p>Le Diff Pro est un diffuseur de pointe qui r\u00e9volutionne l&rsquo;industrie.<\/p>\n<p>Gr\u00e2ce \u00e0 sa technologie avanc\u00e9e d&rsquo;atomisation sans eau, son panneau de contr\u00f4le intuitif et sa batterie rechargeable, il offre une exp\u00e9rience de diffusion flexible et simplifi\u00e9e, o\u00f9 que vous soyez.<\/p>\n<p><a href=\"http:\/\/aroma.cn.lbslm.com\/download_en.html\"><strong>T\u00e9l\u00e9chargez l&rsquo;application<\/strong><\/a>\u00a0pour personnaliser votre ambiance en ajustant la puissance de diffusion et la minuterie en un seul geste. Profitez d\u2019une ambiance Diff parfaite, \u00e0 votre fa\u00e7on, avec le nouveau Diff Pro sans fil!<\/p>\n","protected":false},"featured_media":4544,"comment_status":"open","ping_status":"closed","template":"","meta":{"_et_pb_use_builder":"","_et_pb_old_content":"","_et_gb_content_width":""},"product_brand":[],"product_cat":[340],"product_tag":[333,334],"class_list":{"0":"post-4542","1":"product","2":"type-product","3":"status-publish","4":"has-post-thumbnail","6":"product_cat-diffuseurs","7":"product_tag-diff","8":"product_tag-fragrance","9":"product_shipping_class-forfait","11":"first","12":"instock","13":"sale","14":"taxable","15":"shipping-taxable","16":"purchasable","17":"product-type-simple"},"jetpack_sharing_enabled":true,"_links":{"self":[{"href":"https:\/\/mglashes.ca\/distribution\/wp-json\/wp\/v2\/product\/4542","targetHints":{"allow":["GET"]}}],"collection":[{"href":"https:\/\/mglashes.ca\/distribution\/wp-json\/wp\/v2\/product"}],"about":[{"href":"https:\/\/mglashes.ca\/distribution\/wp-json\/wp\/v2\/types\/product"}],"replies":[{"embeddable":true,"href":"https:\/\/mglashes.ca\/distribution\/wp-json\/wp\/v2\/comments?post=4542"}],"wp:featuredmedia":[{"embeddable":true,"href":"https:\/\/mglashes.ca\/distribution\/wp-json\/wp\/v2\/media\/4544"}],"wp:attachment":[{"href":"https:\/\/mglashes.ca\/distribution\/wp-json\/wp\/v2\/media?parent=4542"}],"wp:term":[{"taxonomy":"product_brand","embeddable":true,"href":"https:\/\/mglashes.ca\/distribution\/wp-json\/wp\/v2\/product_brand?post=4542"},{"taxonomy":"product_cat","embeddable":true,"href":"https:\/\/mglashes.ca\/distribution\/wp-json\/wp\/v2\/product_cat?post=4542"},{"taxonomy":"product_tag","embeddable":true,"href":"https:\/\/mglashes.ca\/distribution\/wp-json\/wp\/v2\/product_tag?post=4542"}],"curies":[{"name":"wp","href":"https:\/\/api.w.org\/{rel}","templated":true}]}}