{"id":454,"date":"2023-01-13T19:14:08","date_gmt":"2023-01-13T19:14:08","guid":{"rendered":"https:\/\/mglashes.ca\/distribution\/?post_type=product&#038;p=454"},"modified":"2026-03-09T08:03:52","modified_gmt":"2026-03-09T13:03:52","slug":"palettes-adhesives","status":"publish","type":"product","link":"https:\/\/mglashes.ca\/distribution\/produit\/palettes-adhesives\/","title":{"rendered":"Palettes adh\u00e9sives"},"content":{"rendered":"","protected":false},"excerpt":{"rendered":"<p><strong>Palettes adh\u00e9sives &#8211;<\/strong><\/p>\n<p>Notre palette adh\u00e9sif jetable est un incontournable dans notre studio. Faire tremper des plateaux r\u00e9utilisables ou frotter l&rsquo;adh\u00e9sif s\u00e9ch\u00e9 est une telle douleur. Ces mini puits adh\u00e9sifs ont un rev\u00eatement brillant qui emp\u00eache votre adh\u00e9sif de durcir le long des bords ou pas du tout.<\/p>\n<p>D\u00e9collez le support et collez-le sur n&rsquo;importe quelle surface pour emp\u00eacher vos mini puits de s&rsquo;envoler. Les mini-puits conservent une quantit\u00e9 contr\u00f4l\u00e9e d&rsquo;adh\u00e9sif \u00e0 distribuer et maintiennent la forme du liquide \u00e0 une profondeur parfaite. Une fois que vous avez termin\u00e9 le traitement, jetez simplement.<\/p>\n<p>paquet de 10\/ 8$<\/p>\n<p>*Format unique jetable de 26 trous.<\/p>\n","protected":false},"featured_media":446,"comment_status":"open","ping_status":"closed","template":"","meta":{"_et_pb_use_builder":"","_et_pb_old_content":"","_et_gb_content_width":""},"product_brand":[],"product_cat":[257,24],"product_tag":[71],"class_list":{"0":"post-454","1":"product","2":"type-product","3":"status-publish","4":"has-post-thumbnail","6":"product_cat-lash-artisan","7":"product_cat-produits-jetables","8":"product_tag-produits-jetables","9":"product_shipping_class-forfait","11":"first","12":"outofstock","13":"taxable","14":"shipping-taxable","15":"purchasable","16":"product-type-simple"},"jetpack_sharing_enabled":true,"_links":{"self":[{"href":"https:\/\/mglashes.ca\/distribution\/wp-json\/wp\/v2\/product\/454","targetHints":{"allow":["GET"]}}],"collection":[{"href":"https:\/\/mglashes.ca\/distribution\/wp-json\/wp\/v2\/product"}],"about":[{"href":"https:\/\/mglashes.ca\/distribution\/wp-json\/wp\/v2\/types\/product"}],"replies":[{"embeddable":true,"href":"https:\/\/mglashes.ca\/distribution\/wp-json\/wp\/v2\/comments?post=454"}],"wp:featuredmedia":[{"embeddable":true,"href":"https:\/\/mglashes.ca\/distribution\/wp-json\/wp\/v2\/media\/446"}],"wp:attachment":[{"href":"https:\/\/mglashes.ca\/distribution\/wp-json\/wp\/v2\/media?parent=454"}],"wp:term":[{"taxonomy":"product_brand","embeddable":true,"href":"https:\/\/mglashes.ca\/distribution\/wp-json\/wp\/v2\/product_brand?post=454"},{"taxonomy":"product_cat","embeddable":true,"href":"https:\/\/mglashes.ca\/distribution\/wp-json\/wp\/v2\/product_cat?post=454"},{"taxonomy":"product_tag","embeddable":true,"href":"https:\/\/mglashes.ca\/distribution\/wp-json\/wp\/v2\/product_tag?post=454"}],"curies":[{"name":"wp","href":"https:\/\/api.w.org\/{rel}","templated":true}]}}