{"id":4505,"date":"2025-12-31T12:20:34","date_gmt":"2025-12-31T17:20:34","guid":{"rendered":"https:\/\/mglashes.ca\/distribution\/?post_type=product&#038;p=4505"},"modified":"2026-03-15T18:19:50","modified_gmt":"2026-03-15T23:19:50","slug":"ultra-polyvalente-easy-peasy-2-0","status":"publish","type":"product","link":"https:\/\/mglashes.ca\/distribution\/produit\/ultra-polyvalente-easy-peasy-2-0\/","title":{"rendered":"Ultra polyvalente Easy Peasy 2.0"},"content":{"rendered":"","protected":false},"excerpt":{"rendered":"<h5><b>Pince Easy Peasy\u00a0<\/b><b>\u2014 Polyvalente, pr\u00e9cise et toujours pr\u00eate<\/b><\/h5>\n<p class=\"p3\">Que vous soyez\u00a0<span class=\"s2\"><b>experte en extensions de cils<\/b><\/span>\u00a0ou que vous d\u00e9butiez dans le\u00a0<span class=\"s2\"><b>lash game<\/b><\/span>, la\u00a0<span class=\"s2\"><b>pince Easy Peasy<\/b><\/span>\u00a0deviendra rapidement votre\u00a0<span class=\"s2\"><b>alli\u00e9e incontournable<\/b><\/span>.<\/p>\n<p class=\"p4\"><span class=\"s3\">Gr\u00e2ce \u00e0 son\u00a0<\/span><b>embout fin et pr\u00e9cis<\/b><span class=\"s3\">, combin\u00e9 \u00e0 une\u00a0<\/span><b>prise ferme<\/b><span class=\"s3\">, elle vous offre un\u00a0<\/span><b>contr\u00f4le total<\/b><span class=\"s3\">\u00a0pour cr\u00e9er des\u00a0<\/span><b>bouquets \u00e9quilibr\u00e9s, nets et pleins de style<\/b><span class=\"s3\">.<\/span><\/p>\n<p class=\"p3\"><span class=\"s2\"><b>Ultra polyvalente<\/b><\/span>, elle convient parfaitement aux techniques :<\/p>\n<ul>\n<li class=\"p3\">Classique<\/li>\n<li class=\"p3\">YY &amp; WW<\/li>\n<li class=\"p3\">Promade<\/li>\n<li class=\"p3\">Volume russe<\/li>\n<li class=\"p3\">M\u00e9ga volume<\/li>\n<\/ul>\n<p class=\"p3\">Peu importe votre m\u00e9thode,\u00a0<span class=\"s2\"><b>Easy Peasy<\/b><\/span>\u00a0vous accompagne avec\u00a0<span class=\"s2\"><b>fluidit\u00e9 et confort<\/b><\/span>, geste apr\u00e8s geste.<\/p>\n<p class=\"p3\">Comme toutes les pinces de la collection\u00a0<span class=\"s2\"><b>MARISS<\/b><\/span>, elle est reconnue pour sa\u00a0<span class=\"s2\"><b>l\u00e9g\u00e8ret\u00e9 exceptionnelle<\/b><\/span>\u00a0et sa\u00a0<span class=\"s2\"><b>prise diamant antid\u00e9rapante<\/b><\/span>, garantissant\u00a0<span class=\"s2\"><b>stabilit\u00e9 et confort<\/b><\/span>\u00a0m\u00eame apr\u00e8s de longues heures de travail.<\/p>\n<p class=\"p3\">Pr\u00e9sent\u00e9e dans une\u00a0<span class=\"s2\"><b>bo\u00eete \u00e9l\u00e9gante<\/b><\/span>, pr\u00eate \u00e0 vous suivre partout o\u00f9 l\u2019art des cils vous m\u00e8ne.<\/p>\n<hr \/>\n<h5><b><br \/>\nCaract\u00e9ristiques techniques<\/b><\/h5>\n<ul>\n<li class=\"p1\"><b>Acier inoxydable haut de gamme<\/b><span class=\"s1\">, durable et r\u00e9sistant<\/span><\/li>\n<li class=\"p1\"><span class=\"s1\"><b>Gravure diamant au laser<\/b><\/span>, pour une prise en main antid\u00e9rapante<\/li>\n<li class=\"p1\"><span class=\"s1\"><b>Ultra-l\u00e9g\u00e8re et ergonomique<\/b><\/span>, pour r\u00e9duire la fatigue musculaire<\/li>\n<li class=\"p1\"><b>Embout fin avec technologie fiber tip<\/b><span class=\"s1\">, pour une pr\u00e9cision absolue<\/span><\/li>\n<li class=\"p1\"><span class=\"s1\"><b>Logo MARISS grav\u00e9 au laser<\/b><\/span>, symbole d\u2019\u00e9l\u00e9gance et de professionnalisme<\/li>\n<\/ul>\n<hr \/>\n<h5><b><br \/>\nConseils d\u2019entretien<\/b><\/h5>\n<ul>\n<li class=\"p1\"><span class=\"s1\">Nettoyez avec des\u00a0<\/span><b>lingettes CS20 PREempt<\/b><span class=\"s1\">\u00a0ou de l\u2019<\/span><b>alcool 70 %<\/b><b><\/b><\/li>\n<li class=\"p1\">Ne laissez pas tremper la pince dans des produits agressifs (<span class=\"s1\"><b>ac\u00e9tone, CS20 pur<\/b><\/span>), afin de pr\u00e9server la qualit\u00e9 du plaquage<\/li>\n<li data-end=\"1519\" data-start=\"1495\">\u00c9vitez de faire tremper dans des produits puissants (comme l\u2019ac\u00e9tone ou le CS20 pur), pour pr\u00e9server la qualit\u00e9 du plaquage<\/li>\n<li data-end=\"1519\" data-start=\"1495\">\u00c9vitez de faire tremper dans des produits puissants (comme l\u2019ac\u00e9tone ou le CS20 pur), pour pr\u00e9server la qualit\u00e9 du plaquage<\/li>\n<\/ul>\n","protected":false},"featured_media":4506,"comment_status":"open","ping_status":"closed","template":"","meta":{"_et_pb_use_builder":"","_et_pb_old_content":"","_et_gb_content_width":""},"product_brand":[],"product_cat":[315,207],"product_tag":[319,212],"class_list":{"0":"post-4505","1":"product","2":"type-product","3":"status-publish","4":"has-post-thumbnail","6":"product_cat-mariss","7":"product_cat-pinces","8":"product_tag-mariss","9":"product_tag-pinces","10":"product_shipping_class-forfait","12":"first","13":"instock","14":"taxable","15":"shipping-taxable","16":"purchasable","17":"product-type-simple"},"jetpack_sharing_enabled":true,"_links":{"self":[{"href":"https:\/\/mglashes.ca\/distribution\/wp-json\/wp\/v2\/product\/4505","targetHints":{"allow":["GET"]}}],"collection":[{"href":"https:\/\/mglashes.ca\/distribution\/wp-json\/wp\/v2\/product"}],"about":[{"href":"https:\/\/mglashes.ca\/distribution\/wp-json\/wp\/v2\/types\/product"}],"replies":[{"embeddable":true,"href":"https:\/\/mglashes.ca\/distribution\/wp-json\/wp\/v2\/comments?post=4505"}],"wp:featuredmedia":[{"embeddable":true,"href":"https:\/\/mglashes.ca\/distribution\/wp-json\/wp\/v2\/media\/4506"}],"wp:attachment":[{"href":"https:\/\/mglashes.ca\/distribution\/wp-json\/wp\/v2\/media?parent=4505"}],"wp:term":[{"taxonomy":"product_brand","embeddable":true,"href":"https:\/\/mglashes.ca\/distribution\/wp-json\/wp\/v2\/product_brand?post=4505"},{"taxonomy":"product_cat","embeddable":true,"href":"https:\/\/mglashes.ca\/distribution\/wp-json\/wp\/v2\/product_cat?post=4505"},{"taxonomy":"product_tag","embeddable":true,"href":"https:\/\/mglashes.ca\/distribution\/wp-json\/wp\/v2\/product_tag?post=4505"}],"curies":[{"name":"wp","href":"https:\/\/api.w.org\/{rel}","templated":true}]}}