{"id":4415,"date":"2025-12-08T13:04:09","date_gmt":"2025-12-08T18:04:09","guid":{"rendered":"https:\/\/mglashes.ca\/distribution\/?post_type=product&#038;p=4415"},"modified":"2026-03-02T23:00:01","modified_gmt":"2026-03-03T04:00:01","slug":"nouveau-collection-4u","status":"publish","type":"product","link":"https:\/\/mglashes.ca\/distribution\/produit\/nouveau-collection-4u\/","title":{"rendered":"Collection 4U"},"content":{"rendered":"","protected":false},"excerpt":{"rendered":"<p>Voici les nouveaux bo\u00eetiers de cils 4U, la version encore plus d\u00e9finie et structur\u00e9e de l\u2019\u00e9volution du populaire effet YY. Plus arrondis, plus bas et plus espac\u00e9s, les 4U offrent un look doux, moderne et parfaitement ma\u00eetris\u00e9 \u2014 id\u00e9al pour cr\u00e9er des sets a\u00e9r\u00e9s mais avec une dimension plus marqu\u00e9e.<\/p>\n<p>Gr\u00e2ce \u00e0 leur ouverture en U, ces extensions offrent :<\/p>\n<ul>\n<li>Un effet plus arrondi et plus naturel que les YY traditionnels<\/li>\n<li>Une pose plus espac\u00e9e pour cr\u00e9er un style l\u00e9ger, airy et d\u00e9licat<\/li>\n<li>Une ligne encore plus propre et d\u00e9finie, parfaite pour un look sophistiqu\u00e9<\/li>\n<li>Un effet moins fluffy mais plus structur\u00e9, inspir\u00e9 de la \u201cclean girl aesthetic\u201d<\/li>\n<li>Une base ultra stable, comparable aux W, permettant une application pr\u00e9cise et une r\u00e9tention am\u00e9lior\u00e9e<\/li>\n<li>Chaque bo\u00eetier contient 16 bandes de cils.<\/li>\n<\/ul>\n<p>Id\u00e9al pour les artistes qui veulent :<\/p>\n<ul>\n<li>Un look plus structur\u00e9 tout en restant l\u00e9ger<\/li>\n<li>Ajouter de la dimension avec un rendu plus marqu\u00e9 que les 3U<\/li>\n<li>Proposer une alternative moderne et tendance aux YY classiques<\/li>\n<li>Moderniser leur menu avec une technique clean, pr\u00e9cise et ultra actuelle<\/li>\n<\/ul>\n","protected":false},"featured_media":4418,"comment_status":"open","ping_status":"closed","template":"","meta":{"_et_pb_use_builder":"","_et_pb_old_content":"","_et_gb_content_width":""},"product_brand":[],"product_cat":[258,361],"product_tag":[272,318],"class_list":{"0":"post-4415","1":"product","2":"type-product","3":"status-publish","4":"has-post-thumbnail","6":"product_cat-lashes-by-tini","7":"product_cat-yy-w-u","8":"product_tag-cils","9":"product_tag-lashbytini","10":"product_shipping_class-forfait","12":"first","13":"instock","14":"taxable","15":"shipping-taxable","16":"purchasable","17":"product-type-variable"},"jetpack_sharing_enabled":true,"_links":{"self":[{"href":"https:\/\/mglashes.ca\/distribution\/wp-json\/wp\/v2\/product\/4415","targetHints":{"allow":["GET"]}}],"collection":[{"href":"https:\/\/mglashes.ca\/distribution\/wp-json\/wp\/v2\/product"}],"about":[{"href":"https:\/\/mglashes.ca\/distribution\/wp-json\/wp\/v2\/types\/product"}],"replies":[{"embeddable":true,"href":"https:\/\/mglashes.ca\/distribution\/wp-json\/wp\/v2\/comments?post=4415"}],"wp:featuredmedia":[{"embeddable":true,"href":"https:\/\/mglashes.ca\/distribution\/wp-json\/wp\/v2\/media\/4418"}],"wp:attachment":[{"href":"https:\/\/mglashes.ca\/distribution\/wp-json\/wp\/v2\/media?parent=4415"}],"wp:term":[{"taxonomy":"product_brand","embeddable":true,"href":"https:\/\/mglashes.ca\/distribution\/wp-json\/wp\/v2\/product_brand?post=4415"},{"taxonomy":"product_cat","embeddable":true,"href":"https:\/\/mglashes.ca\/distribution\/wp-json\/wp\/v2\/product_cat?post=4415"},{"taxonomy":"product_tag","embeddable":true,"href":"https:\/\/mglashes.ca\/distribution\/wp-json\/wp\/v2\/product_tag?post=4415"}],"curies":[{"name":"wp","href":"https:\/\/api.w.org\/{rel}","templated":true}]}}