{"id":4341,"date":"2025-11-12T11:17:30","date_gmt":"2025-11-12T16:17:30","guid":{"rendered":"https:\/\/mglashes.ca\/distribution\/?post_type=product&#038;p=4341"},"modified":"2026-03-24T18:40:04","modified_gmt":"2026-03-24T23:40:04","slug":"nouveau-collection-6yy","status":"publish","type":"product","link":"https:\/\/mglashes.ca\/distribution\/produit\/nouveau-collection-6yy\/","title":{"rendered":"Collection 6YY"},"content":{"rendered":"","protected":false},"excerpt":{"rendered":"<p>D\u00e9couvrez nos nouveaux bo\u00eetiers de cils <strong data-start=\"340\" data-end=\"347\">6YY avec 3 branches doubles<\/strong>, la solution id\u00e9ale pour cr\u00e9er des poses \u00e0 la fois naturelles et sophistiqu\u00e9es. Leur conception innovante permet d\u2019obtenir un effet dense et harmonieux, tout en conservant une l\u00e9g\u00e8ret\u00e9 incomparable pour un confort optimal.<\/p>\n<p data-start=\"574\" data-end=\"783\">\u2714\ufe0f Finition soyeuse et naturelle<br data-start=\"606\" data-end=\"609\" \/>\u2714\ufe0f Application facile, m\u00eame pour les techniques avanc\u00e9es<br data-start=\"665\" data-end=\"668\" \/>\u2714\ufe0f Courbure et longueur r\u00e9guli\u00e8res pour un rendu uniforme<br data-start=\"725\" data-end=\"728\" \/>\u2714\ufe0f R\u00e9sultat : un regard sublim\u00e9, profond et captivant<\/p>\n<p data-start=\"785\" data-end=\"925\">\ud83d\udce6 Chaque bo\u00eetier contient <strong data-start=\"812\" data-end=\"833\">16 bandes de cils<\/strong> soigneusement align\u00e9es, pr\u00eates \u00e0 \u00eatre utilis\u00e9es pour des poses impeccables \u00e0 chaque fois.<\/p>\n","protected":false},"featured_media":4342,"comment_status":"open","ping_status":"closed","template":"","meta":{"_et_pb_use_builder":"","_et_pb_old_content":"","_et_gb_content_width":""},"product_brand":[],"product_cat":[258,361],"product_tag":[272,314],"class_list":{"0":"post-4341","1":"product","2":"type-product","3":"status-publish","4":"has-post-thumbnail","6":"product_cat-lashes-by-tini","7":"product_cat-yy-w-u","8":"product_tag-cils","9":"product_tag-yy","10":"product_shipping_class-forfait","12":"first","13":"instock","14":"taxable","15":"shipping-taxable","16":"purchasable","17":"product-type-variable"},"jetpack_sharing_enabled":true,"_links":{"self":[{"href":"https:\/\/mglashes.ca\/distribution\/wp-json\/wp\/v2\/product\/4341","targetHints":{"allow":["GET"]}}],"collection":[{"href":"https:\/\/mglashes.ca\/distribution\/wp-json\/wp\/v2\/product"}],"about":[{"href":"https:\/\/mglashes.ca\/distribution\/wp-json\/wp\/v2\/types\/product"}],"replies":[{"embeddable":true,"href":"https:\/\/mglashes.ca\/distribution\/wp-json\/wp\/v2\/comments?post=4341"}],"wp:featuredmedia":[{"embeddable":true,"href":"https:\/\/mglashes.ca\/distribution\/wp-json\/wp\/v2\/media\/4342"}],"wp:attachment":[{"href":"https:\/\/mglashes.ca\/distribution\/wp-json\/wp\/v2\/media?parent=4341"}],"wp:term":[{"taxonomy":"product_brand","embeddable":true,"href":"https:\/\/mglashes.ca\/distribution\/wp-json\/wp\/v2\/product_brand?post=4341"},{"taxonomy":"product_cat","embeddable":true,"href":"https:\/\/mglashes.ca\/distribution\/wp-json\/wp\/v2\/product_cat?post=4341"},{"taxonomy":"product_tag","embeddable":true,"href":"https:\/\/mglashes.ca\/distribution\/wp-json\/wp\/v2\/product_tag?post=4341"}],"curies":[{"name":"wp","href":"https:\/\/api.w.org\/{rel}","templated":true}]}}