{"id":4115,"date":"2025-10-03T19:30:36","date_gmt":"2025-10-04T00:30:36","guid":{"rendered":"https:\/\/mglashes.ca\/distribution\/?post_type=product&#038;p=4115"},"modified":"2026-02-24T21:49:33","modified_gmt":"2026-02-25T02:49:33","slug":"nouveau-collection-brown-3yy-wispy","status":"publish","type":"product","link":"https:\/\/mglashes.ca\/distribution\/produit\/nouveau-collection-brown-3yy-wispy\/","title":{"rendered":"Collection 3YY Wispy &#8211; Brown"},"content":{"rendered":"","protected":false},"excerpt":{"rendered":"<p>Voici les nouveaux bo\u00eetiers de cils 3YY WISPY 0.07 BRUN, offrant un look effet textur\u00e9 comme le STRIPLASH. Sublimez chaque regard avec facilit\u00e9 et pr\u00e9cision.<\/p>\n<p>Chaque bo\u00eetier contient 16 bandes de cils.<\/p>\n","protected":false},"featured_media":4116,"comment_status":"open","ping_status":"closed","template":"","meta":{"_et_pb_use_builder":"","_et_pb_old_content":"","_et_gb_content_width":""},"product_brand":[],"product_cat":[258,361],"product_tag":[272],"class_list":{"0":"post-4115","1":"product","2":"type-product","3":"status-publish","4":"has-post-thumbnail","6":"product_cat-lashes-by-tini","7":"product_cat-yy-w-u","8":"product_tag-cils","9":"product_shipping_class-forfait","11":"first","12":"instock","13":"taxable","14":"shipping-taxable","15":"purchasable","16":"product-type-variable"},"jetpack_sharing_enabled":true,"_links":{"self":[{"href":"https:\/\/mglashes.ca\/distribution\/wp-json\/wp\/v2\/product\/4115","targetHints":{"allow":["GET"]}}],"collection":[{"href":"https:\/\/mglashes.ca\/distribution\/wp-json\/wp\/v2\/product"}],"about":[{"href":"https:\/\/mglashes.ca\/distribution\/wp-json\/wp\/v2\/types\/product"}],"replies":[{"embeddable":true,"href":"https:\/\/mglashes.ca\/distribution\/wp-json\/wp\/v2\/comments?post=4115"}],"wp:featuredmedia":[{"embeddable":true,"href":"https:\/\/mglashes.ca\/distribution\/wp-json\/wp\/v2\/media\/4116"}],"wp:attachment":[{"href":"https:\/\/mglashes.ca\/distribution\/wp-json\/wp\/v2\/media?parent=4115"}],"wp:term":[{"taxonomy":"product_brand","embeddable":true,"href":"https:\/\/mglashes.ca\/distribution\/wp-json\/wp\/v2\/product_brand?post=4115"},{"taxonomy":"product_cat","embeddable":true,"href":"https:\/\/mglashes.ca\/distribution\/wp-json\/wp\/v2\/product_cat?post=4115"},{"taxonomy":"product_tag","embeddable":true,"href":"https:\/\/mglashes.ca\/distribution\/wp-json\/wp\/v2\/product_tag?post=4115"}],"curies":[{"name":"wp","href":"https:\/\/api.w.org\/{rel}","templated":true}]}}