{"id":3794,"date":"2024-10-23T20:05:48","date_gmt":"2024-10-24T01:05:48","guid":{"rendered":"https:\/\/mglashes.ca\/distribution\/?post_type=product&#038;p=3794"},"modified":"2025-04-06T12:58:23","modified_gmt":"2025-04-06T17:58:23","slug":"sharp-pince-volume-mega-volume","status":"publish","type":"product","link":"https:\/\/mglashes.ca\/distribution\/produit\/sharp-pince-volume-mega-volume\/","title":{"rendered":"Sharp &#8211; Pince Volume &#038; M\u00e9ga Volume"},"content":{"rendered":"","protected":false},"excerpt":{"rendered":"<ul>\n<li>Pointu<\/li>\n<li>Pr\u00e9cis<\/li>\n<li>Prise parfaite<\/li>\n<li>Test\u00e9 avec des cils 0.03 0.05 0.06 0.07<\/li>\n<\/ul>\n<p>La pince pr\u00e9f\u00e9r\u00e9e des lash artists pour le VOLUME et MEGA VOLUME<\/p>\n<p>This\u00a0SHARP tweezer is our Spotless tweezer on STEROID<br \/>\nIt has no sweet spot &amp;\u00a0can grab as many lashes as u want anywhere on the boot!<\/p>\n<p><strong>* AUCUN RETOUR OU \u00c9CHANGE ACCEPT\u00c9 POUR LES PINCES *<\/strong><\/p>\n","protected":false},"featured_media":3795,"comment_status":"open","ping_status":"closed","template":"","meta":{"_et_pb_use_builder":"","_et_pb_old_content":"","_et_gb_content_width":""},"product_brand":[],"product_cat":[258,207],"product_tag":[212],"class_list":{"0":"post-3794","1":"product","2":"type-product","3":"status-publish","4":"has-post-thumbnail","6":"product_cat-lashes-by-tini","7":"product_cat-pinces","8":"product_tag-pinces","9":"product_shipping_class-forfait","11":"first","12":"instock","13":"taxable","14":"shipping-taxable","15":"purchasable","16":"product-type-simple"},"jetpack_sharing_enabled":true,"_links":{"self":[{"href":"https:\/\/mglashes.ca\/distribution\/wp-json\/wp\/v2\/product\/3794","targetHints":{"allow":["GET"]}}],"collection":[{"href":"https:\/\/mglashes.ca\/distribution\/wp-json\/wp\/v2\/product"}],"about":[{"href":"https:\/\/mglashes.ca\/distribution\/wp-json\/wp\/v2\/types\/product"}],"replies":[{"embeddable":true,"href":"https:\/\/mglashes.ca\/distribution\/wp-json\/wp\/v2\/comments?post=3794"}],"wp:featuredmedia":[{"embeddable":true,"href":"https:\/\/mglashes.ca\/distribution\/wp-json\/wp\/v2\/media\/3795"}],"wp:attachment":[{"href":"https:\/\/mglashes.ca\/distribution\/wp-json\/wp\/v2\/media?parent=3794"}],"wp:term":[{"taxonomy":"product_brand","embeddable":true,"href":"https:\/\/mglashes.ca\/distribution\/wp-json\/wp\/v2\/product_brand?post=3794"},{"taxonomy":"product_cat","embeddable":true,"href":"https:\/\/mglashes.ca\/distribution\/wp-json\/wp\/v2\/product_cat?post=3794"},{"taxonomy":"product_tag","embeddable":true,"href":"https:\/\/mglashes.ca\/distribution\/wp-json\/wp\/v2\/product_tag?post=3794"}],"curies":[{"name":"wp","href":"https:\/\/api.w.org\/{rel}","templated":true}]}}