{"id":3776,"date":"2024-10-23T19:52:41","date_gmt":"2024-10-24T00:52:41","guid":{"rendered":"https:\/\/mglashes.ca\/distribution\/?post_type=product&#038;p=3776"},"modified":"2024-10-23T19:52:42","modified_gmt":"2024-10-24T00:52:42","slug":"perfect-angle-pince-a-isolement","status":"publish","type":"product","link":"https:\/\/mglashes.ca\/distribution\/produit\/perfect-angle-pince-a-isolement\/","title":{"rendered":"Perfect Angle &#8211; Pince \u00e0 isolement"},"content":{"rendered":"","protected":false},"excerpt":{"rendered":"<ul>\n<li>Pince\u00a0extr\u00eamement pointue<\/li>\n<li>Vous aide \u00e0 isoler sans effort &#8211; m\u00eame les cils pour b\u00e9b\u00e9s ne\u00a0pourront pas vous g\u00eaner!<\/li>\n<li>Parfaitement inclin\u00e9 pour \u00e9viter de vous blesser au poignet<\/li>\n<\/ul>\n<p><strong>* AUCUN RETOUR OU \u00c9CHANGE ACCEPT\u00c9 POUR LES PINCES *<\/strong><\/p>\n","protected":false},"featured_media":3777,"comment_status":"open","ping_status":"closed","template":"","meta":{"_et_pb_use_builder":"","_et_pb_old_content":"","_et_gb_content_width":""},"product_brand":[],"product_cat":[258,207],"product_tag":[212],"class_list":{"0":"post-3776","1":"product","2":"type-product","3":"status-publish","4":"has-post-thumbnail","6":"product_cat-lashes-by-tini","7":"product_cat-pinces","8":"product_tag-pinces","9":"product_shipping_class-forfait","11":"first","12":"instock","13":"taxable","14":"shipping-taxable","15":"purchasable","16":"product-type-simple"},"jetpack_sharing_enabled":true,"_links":{"self":[{"href":"https:\/\/mglashes.ca\/distribution\/wp-json\/wp\/v2\/product\/3776","targetHints":{"allow":["GET"]}}],"collection":[{"href":"https:\/\/mglashes.ca\/distribution\/wp-json\/wp\/v2\/product"}],"about":[{"href":"https:\/\/mglashes.ca\/distribution\/wp-json\/wp\/v2\/types\/product"}],"replies":[{"embeddable":true,"href":"https:\/\/mglashes.ca\/distribution\/wp-json\/wp\/v2\/comments?post=3776"}],"wp:featuredmedia":[{"embeddable":true,"href":"https:\/\/mglashes.ca\/distribution\/wp-json\/wp\/v2\/media\/3777"}],"wp:attachment":[{"href":"https:\/\/mglashes.ca\/distribution\/wp-json\/wp\/v2\/media?parent=3776"}],"wp:term":[{"taxonomy":"product_brand","embeddable":true,"href":"https:\/\/mglashes.ca\/distribution\/wp-json\/wp\/v2\/product_brand?post=3776"},{"taxonomy":"product_cat","embeddable":true,"href":"https:\/\/mglashes.ca\/distribution\/wp-json\/wp\/v2\/product_cat?post=3776"},{"taxonomy":"product_tag","embeddable":true,"href":"https:\/\/mglashes.ca\/distribution\/wp-json\/wp\/v2\/product_tag?post=3776"}],"curies":[{"name":"wp","href":"https:\/\/api.w.org\/{rel}","templated":true}]}}