{"id":3772,"date":"2024-10-23T19:49:38","date_gmt":"2024-10-24T00:49:38","guid":{"rendered":"https:\/\/mglashes.ca\/distribution\/?post_type=product&#038;p=3772"},"modified":"2024-10-23T19:49:39","modified_gmt":"2024-10-24T00:49:39","slug":"pince-curved-classique","status":"publish","type":"product","link":"https:\/\/mglashes.ca\/distribution\/produit\/pince-curved-classique\/","title":{"rendered":"Pince Curved &#8211; Classique"},"content":{"rendered":"","protected":false},"excerpt":{"rendered":"<ul>\n<li>Pointe extra fine et pointue<\/li>\n<li>Facilite l&rsquo;isolation et la prise des\u00a0extensions de cils<\/li>\n<li>Tr\u00e8s l\u00e9g\u00e8re<\/li>\n<li>Tension douce<\/li>\n<\/ul>\n<p><strong>* AUCUN RETOUR OU \u00c9CHANGE ACCEPT\u00c9 POUR LES PINCES *<\/strong><\/p>\n","protected":false},"featured_media":3773,"comment_status":"open","ping_status":"closed","template":"","meta":{"_et_pb_use_builder":"","_et_pb_old_content":"","_et_gb_content_width":""},"product_brand":[],"product_cat":[258,207],"product_tag":[212],"class_list":{"0":"post-3772","1":"product","2":"type-product","3":"status-publish","4":"has-post-thumbnail","6":"product_cat-lashes-by-tini","7":"product_cat-pinces","8":"product_tag-pinces","9":"product_shipping_class-forfait","11":"first","12":"instock","13":"taxable","14":"shipping-taxable","15":"purchasable","16":"product-type-simple"},"jetpack_sharing_enabled":true,"_links":{"self":[{"href":"https:\/\/mglashes.ca\/distribution\/wp-json\/wp\/v2\/product\/3772","targetHints":{"allow":["GET"]}}],"collection":[{"href":"https:\/\/mglashes.ca\/distribution\/wp-json\/wp\/v2\/product"}],"about":[{"href":"https:\/\/mglashes.ca\/distribution\/wp-json\/wp\/v2\/types\/product"}],"replies":[{"embeddable":true,"href":"https:\/\/mglashes.ca\/distribution\/wp-json\/wp\/v2\/comments?post=3772"}],"wp:featuredmedia":[{"embeddable":true,"href":"https:\/\/mglashes.ca\/distribution\/wp-json\/wp\/v2\/media\/3773"}],"wp:attachment":[{"href":"https:\/\/mglashes.ca\/distribution\/wp-json\/wp\/v2\/media?parent=3772"}],"wp:term":[{"taxonomy":"product_brand","embeddable":true,"href":"https:\/\/mglashes.ca\/distribution\/wp-json\/wp\/v2\/product_brand?post=3772"},{"taxonomy":"product_cat","embeddable":true,"href":"https:\/\/mglashes.ca\/distribution\/wp-json\/wp\/v2\/product_cat?post=3772"},{"taxonomy":"product_tag","embeddable":true,"href":"https:\/\/mglashes.ca\/distribution\/wp-json\/wp\/v2\/product_tag?post=3772"}],"curies":[{"name":"wp","href":"https:\/\/api.w.org\/{rel}","templated":true}]}}