{"id":3767,"date":"2024-10-23T16:28:48","date_gmt":"2024-10-23T21:28:48","guid":{"rendered":"https:\/\/mglashes.ca\/distribution\/?post_type=product&#038;p=3767"},"modified":"2025-10-27T19:12:00","modified_gmt":"2025-10-28T00:12:00","slug":"palettes-a-colle-auto-adhesives-50-unites","status":"publish","type":"product","link":"https:\/\/mglashes.ca\/distribution\/produit\/palettes-a-colle-auto-adhesives-50-unites\/","title":{"rendered":"Palettes \u00e0 colle auto-adh\u00e9sives (50 unit\u00e9s)"},"content":{"rendered":"","protected":false},"excerpt":{"rendered":"<div class=\"Rte\">\n<p>Palettes auto-adh\u00e9sives jetables pour votre colle. Disponible en paquet de 50 unit\u00e9s.<\/p>\n<\/div>\n<div class=\"ProductMeta__ShareButtons hidden-pocket\"><\/div>\n","protected":false},"featured_media":3769,"comment_status":"open","ping_status":"closed","template":"","meta":{"_et_pb_use_builder":"","_et_pb_old_content":"","_et_gb_content_width":""},"product_brand":[],"product_cat":[258,24],"product_tag":[30,303],"class_list":{"0":"post-3767","1":"product","2":"type-product","3":"status-publish","4":"has-post-thumbnail","6":"product_cat-lashes-by-tini","7":"product_cat-produits-jetables","8":"product_tag-colle","9":"product_tag-palette-a-colle","10":"product_shipping_class-forfait","12":"first","13":"instock","14":"taxable","15":"shipping-taxable","16":"purchasable","17":"product-type-simple"},"jetpack_sharing_enabled":true,"_links":{"self":[{"href":"https:\/\/mglashes.ca\/distribution\/wp-json\/wp\/v2\/product\/3767","targetHints":{"allow":["GET"]}}],"collection":[{"href":"https:\/\/mglashes.ca\/distribution\/wp-json\/wp\/v2\/product"}],"about":[{"href":"https:\/\/mglashes.ca\/distribution\/wp-json\/wp\/v2\/types\/product"}],"replies":[{"embeddable":true,"href":"https:\/\/mglashes.ca\/distribution\/wp-json\/wp\/v2\/comments?post=3767"}],"wp:featuredmedia":[{"embeddable":true,"href":"https:\/\/mglashes.ca\/distribution\/wp-json\/wp\/v2\/media\/3769"}],"wp:attachment":[{"href":"https:\/\/mglashes.ca\/distribution\/wp-json\/wp\/v2\/media?parent=3767"}],"wp:term":[{"taxonomy":"product_brand","embeddable":true,"href":"https:\/\/mglashes.ca\/distribution\/wp-json\/wp\/v2\/product_brand?post=3767"},{"taxonomy":"product_cat","embeddable":true,"href":"https:\/\/mglashes.ca\/distribution\/wp-json\/wp\/v2\/product_cat?post=3767"},{"taxonomy":"product_tag","embeddable":true,"href":"https:\/\/mglashes.ca\/distribution\/wp-json\/wp\/v2\/product_tag?post=3767"}],"curies":[{"name":"wp","href":"https:\/\/api.w.org\/{rel}","templated":true}]}}