{"id":3707,"date":"2024-10-21T20:53:03","date_gmt":"2024-10-22T01:53:03","guid":{"rendered":"https:\/\/mglashes.ca\/distribution\/?post_type=product&#038;p=3707"},"modified":"2025-04-06T13:07:34","modified_gmt":"2025-04-06T18:07:34","slug":"brosse-applicatrice-pour-lash-lift","status":"publish","type":"product","link":"https:\/\/mglashes.ca\/distribution\/produit\/brosse-applicatrice-pour-lash-lift\/","title":{"rendered":"Brosse applicatrice pour lash lift"},"content":{"rendered":"","protected":false},"excerpt":{"rendered":"<p>Cette brosse est recommand\u00e9e pour le browlift et le lashlift avec le colle en baume ou liquide. Elle permet une application d\u00e9licate et uniforme des lotions de Speed Brow\u00a0Lift et Speed Lashlift, offrant ainsi des cils parfaitement s\u00e9par\u00e9s, recourb\u00e9s et sublim\u00e9s.<\/p>\n<p>Nettoyage recommand\u00e9 : tremper dans de l&rsquo;eau chaude imm\u00e9diatement apr\u00e8s l&rsquo;utilisation pour faire fondre les r\u00e9sidus<\/p>\n","protected":false},"featured_media":3708,"comment_status":"open","ping_status":"closed","template":"","meta":{"_et_pb_use_builder":"","_et_pb_old_content":"","_et_gb_content_width":""},"product_brand":[],"product_cat":[20,260,258],"product_tag":[34],"class_list":{"0":"post-3707","1":"product","2":"type-product","3":"status-publish","4":"has-post-thumbnail","6":"product_cat-brosses","7":"product_cat-lash-lift","8":"product_cat-lashes-by-tini","9":"product_tag-brosses","10":"product_shipping_class-forfait","12":"first","13":"instock","14":"taxable","15":"shipping-taxable","16":"purchasable","17":"product-type-simple"},"jetpack_sharing_enabled":true,"_links":{"self":[{"href":"https:\/\/mglashes.ca\/distribution\/wp-json\/wp\/v2\/product\/3707","targetHints":{"allow":["GET"]}}],"collection":[{"href":"https:\/\/mglashes.ca\/distribution\/wp-json\/wp\/v2\/product"}],"about":[{"href":"https:\/\/mglashes.ca\/distribution\/wp-json\/wp\/v2\/types\/product"}],"replies":[{"embeddable":true,"href":"https:\/\/mglashes.ca\/distribution\/wp-json\/wp\/v2\/comments?post=3707"}],"wp:featuredmedia":[{"embeddable":true,"href":"https:\/\/mglashes.ca\/distribution\/wp-json\/wp\/v2\/media\/3708"}],"wp:attachment":[{"href":"https:\/\/mglashes.ca\/distribution\/wp-json\/wp\/v2\/media?parent=3707"}],"wp:term":[{"taxonomy":"product_brand","embeddable":true,"href":"https:\/\/mglashes.ca\/distribution\/wp-json\/wp\/v2\/product_brand?post=3707"},{"taxonomy":"product_cat","embeddable":true,"href":"https:\/\/mglashes.ca\/distribution\/wp-json\/wp\/v2\/product_cat?post=3707"},{"taxonomy":"product_tag","embeddable":true,"href":"https:\/\/mglashes.ca\/distribution\/wp-json\/wp\/v2\/product_tag?post=3707"}],"curies":[{"name":"wp","href":"https:\/\/api.w.org\/{rel}","templated":true}]}}