{"id":359,"date":"2023-01-12T20:38:57","date_gmt":"2023-01-12T20:38:57","guid":{"rendered":"https:\/\/mglashes.ca\/distribution\/?post_type=product&#038;p=359"},"modified":"2026-02-11T14:00:14","modified_gmt":"2026-02-11T19:00:14","slug":"ruban-silicone-transparent","status":"publish","type":"product","link":"https:\/\/mglashes.ca\/distribution\/produit\/ruban-silicone-transparent\/","title":{"rendered":"Ruban silicone transparent"},"content":{"rendered":"","protected":false},"excerpt":{"rendered":"<p><b>Ruban silicone transparent<\/b> <strong>&#8211;<\/strong><\/p>\n<p>Imaginez un coussinet pour les yeux en gel bio transform\u00e9 en rouleau. Votre \u00ab\u00a0sauveur\u00a0\u00bb, ce ruban va r\u00e9volutionner l&rsquo;industrie des cils ! Les bandes de cils conventionnelles actuellement utilis\u00e9es ont un adh\u00e9sif sensible \u00e0 la pression enduit sur un mat\u00e9riau de support tel que du papier, un film plastique ou un tissu.<\/p>\n<p>Ce ruban est recouvert de gel de silicone, assurant une \u00e9tanch\u00e9it\u00e9 solide et une bonne tenue sur la peau, tout en permettant un pelage facile et sans couture. Lorsque le ruban est coll\u00e9 sur le dessus, il est facile de peigner les cils sans les coincer dans les poils. Cela permet \u00e9galement aux artistes de cils d&rsquo;\u00e9viter d&rsquo;utiliser du ruban adh\u00e9sif avec des fibres autour des yeux tout en utilisant de l&rsquo;adh\u00e9sif pour cils.<\/p>\n<p>Ce produit va changer votre jeu d&rsquo;arrimage. Peut \u00eatre utilis\u00e9 seul pour cr\u00e9er votre propre patch sous les yeux en raison de son \u00e9paisseur ou en combinaison avec un tampon de gel de collag\u00e8ne.<\/p>\n","protected":false},"featured_media":360,"comment_status":"open","ping_status":"closed","template":"","meta":{"_et_pb_use_builder":"","_et_pb_old_content":"","_et_gb_content_width":""},"product_brand":[],"product_cat":[257,18],"product_tag":[68],"class_list":{"0":"post-359","1":"product","2":"type-product","3":"status-publish","4":"has-post-thumbnail","6":"product_cat-lash-artisan","7":"product_cat-rubans-adhesifs","8":"product_tag-rubans","9":"product_shipping_class-forfait","11":"first","12":"outofstock","13":"taxable","14":"shipping-taxable","15":"purchasable","16":"product-type-simple"},"jetpack_sharing_enabled":true,"_links":{"self":[{"href":"https:\/\/mglashes.ca\/distribution\/wp-json\/wp\/v2\/product\/359","targetHints":{"allow":["GET"]}}],"collection":[{"href":"https:\/\/mglashes.ca\/distribution\/wp-json\/wp\/v2\/product"}],"about":[{"href":"https:\/\/mglashes.ca\/distribution\/wp-json\/wp\/v2\/types\/product"}],"replies":[{"embeddable":true,"href":"https:\/\/mglashes.ca\/distribution\/wp-json\/wp\/v2\/comments?post=359"}],"wp:featuredmedia":[{"embeddable":true,"href":"https:\/\/mglashes.ca\/distribution\/wp-json\/wp\/v2\/media\/360"}],"wp:attachment":[{"href":"https:\/\/mglashes.ca\/distribution\/wp-json\/wp\/v2\/media?parent=359"}],"wp:term":[{"taxonomy":"product_brand","embeddable":true,"href":"https:\/\/mglashes.ca\/distribution\/wp-json\/wp\/v2\/product_brand?post=359"},{"taxonomy":"product_cat","embeddable":true,"href":"https:\/\/mglashes.ca\/distribution\/wp-json\/wp\/v2\/product_cat?post=359"},{"taxonomy":"product_tag","embeddable":true,"href":"https:\/\/mglashes.ca\/distribution\/wp-json\/wp\/v2\/product_tag?post=359"}],"curies":[{"name":"wp","href":"https:\/\/api.w.org\/{rel}","templated":true}]}}