{"id":356,"date":"2023-01-12T20:35:42","date_gmt":"2023-01-12T20:35:42","guid":{"rendered":"https:\/\/mglashes.ca\/distribution\/?post_type=product&#038;p=356"},"modified":"2026-02-11T14:00:36","modified_gmt":"2026-02-11T19:00:36","slug":"ruban-silicone-blanc","status":"publish","type":"product","link":"https:\/\/mglashes.ca\/distribution\/produit\/ruban-silicone-blanc\/","title":{"rendered":"Ruban silicone blanc"},"content":{"rendered":"","protected":false},"excerpt":{"rendered":"<p><strong>Ruban silicone blanc &#8211;<\/strong><\/p>\n<p>Cela peut ressembler \u00e0 un ruban micropore 3M, mais ce n&rsquo;est certainement pas le cas. Nous n&rsquo;avons jamais \u00e9t\u00e9 aussi enthousiasm\u00e9s par une bande jusqu&rsquo;\u00e0 ce que nous apportions notre bande de gel de silicone. Cette fois, nous avons cr\u00e9\u00e9 un ruban adh\u00e9sif en gel de silicone non pelucheux, non pelucheux, qui fera que chaque client vous appr\u00e9ciera encore plus. Non\u00a0seulement\u00a0pour le client, mais cela am\u00e9liorera grandement votre flux de travail.<\/p>\n<p><strong>Caract\u00e9ristiques :<\/strong><\/p>\n<ul>\n<li>non tissu, pas de peluches (les fibres et les adh\u00e9sifs pour cils peuvent \u00eatre inflammables).<\/li>\n<li>Le support adh\u00e9sif est en gel de silicone et non un adh\u00e9sif sous pression (ce qui signifie que lorsque le visage de vos clients r\u00e9chauffe l&rsquo;adh\u00e9sif, il ne collera pas encore plus et le rendra plus difficile \u00e0 d\u00e9coller. )<\/li>\n<li>Peut \u00eatre utilis\u00e9 \u00e0 plusieurs reprises sur la surface de la peau (uniquement sur le m\u00eame client)<\/li>\n<\/ul>\n","protected":false},"featured_media":357,"comment_status":"open","ping_status":"closed","template":"","meta":{"_et_pb_use_builder":"","_et_pb_old_content":"","_et_gb_content_width":""},"product_brand":[],"product_cat":[257,18],"product_tag":[68],"class_list":{"0":"post-356","1":"product","2":"type-product","3":"status-publish","4":"has-post-thumbnail","6":"product_cat-lash-artisan","7":"product_cat-rubans-adhesifs","8":"product_tag-rubans","9":"product_shipping_class-forfait","11":"first","12":"outofstock","13":"taxable","14":"shipping-taxable","15":"purchasable","16":"product-type-simple"},"jetpack_sharing_enabled":true,"_links":{"self":[{"href":"https:\/\/mglashes.ca\/distribution\/wp-json\/wp\/v2\/product\/356","targetHints":{"allow":["GET"]}}],"collection":[{"href":"https:\/\/mglashes.ca\/distribution\/wp-json\/wp\/v2\/product"}],"about":[{"href":"https:\/\/mglashes.ca\/distribution\/wp-json\/wp\/v2\/types\/product"}],"replies":[{"embeddable":true,"href":"https:\/\/mglashes.ca\/distribution\/wp-json\/wp\/v2\/comments?post=356"}],"wp:featuredmedia":[{"embeddable":true,"href":"https:\/\/mglashes.ca\/distribution\/wp-json\/wp\/v2\/media\/357"}],"wp:attachment":[{"href":"https:\/\/mglashes.ca\/distribution\/wp-json\/wp\/v2\/media?parent=356"}],"wp:term":[{"taxonomy":"product_brand","embeddable":true,"href":"https:\/\/mglashes.ca\/distribution\/wp-json\/wp\/v2\/product_brand?post=356"},{"taxonomy":"product_cat","embeddable":true,"href":"https:\/\/mglashes.ca\/distribution\/wp-json\/wp\/v2\/product_cat?post=356"},{"taxonomy":"product_tag","embeddable":true,"href":"https:\/\/mglashes.ca\/distribution\/wp-json\/wp\/v2\/product_tag?post=356"}],"curies":[{"name":"wp","href":"https:\/\/api.w.org\/{rel}","templated":true}]}}