{"id":3510,"date":"2024-09-27T09:33:57","date_gmt":"2024-09-27T14:33:57","guid":{"rendered":"https:\/\/mglashes.ca\/distribution\/?post_type=product&#038;p=3510"},"modified":"2026-02-24T21:54:42","modified_gmt":"2026-02-25T02:54:42","slug":"ensemble-pro-essentials","status":"publish","type":"product","link":"https:\/\/mglashes.ca\/distribution\/produit\/ensemble-pro-essentials\/","title":{"rendered":"Ensemble Pro-Essentials"},"content":{"rendered":"","protected":false},"excerpt":{"rendered":"<div class=\"result-header\">\n<div class=\"starbutton jfk-button-flat jfk-button unstarred\" tabindex=\"0\" role=\"button\" data-tooltip-align=\"t,c\" data-tooltip=\"Activer le suivi de la traduction\" aria-label=\"Activer le suivi de la traduction\">Cet ensemble Pro Essentials comprend tous les produits dont vous avez besoin pour\u00a0poser toute l&rsquo;ann\u00e9e!<\/div>\n<\/div>\n<div class=\"text-wrap tlid-copy-target\">\n<div class=\"result-shield-container tlid-copy-target\" tabindex=\"0\"><span class=\"tlid-translation translation\" lang=\"fr\"><br \/>\n<span class=\"\" title=\"\">&#8211;\u00a0<em>Pre Treatement<\/em>: maintient les cils naturels propres et pr\u00eats \u00e0 coller avec votre adh\u00e9sif pr\u00e9f\u00e9r\u00e9<\/span><br \/>\n<span class=\"\" title=\"\">&#8211; Adh\u00e9sif\u00a0<em>Naked<\/em>: l&rsquo;adh\u00e9sif le plus concentr\u00e9 du march\u00e9 qui adh\u00e8re instantan\u00e9ment et offre une r\u00e9tention incomparable!<\/span>\u00a0<span class=\"\" title=\"\">Cet adh\u00e9sif transparent donne une ligne de cils parfaitement nette<\/span><br \/>\n<span class=\"\" title=\"\">&#8211;\u00a0<em>Perfect Speed<\/em>: Fini les \u00ab\u00a0<em>Bad Lash Days<\/em>\u00ab\u00a0!<\/span>\u00a0<span class=\"\" title=\"\">Cette solution aidera \u00e0\u00a0adh\u00e9rer\u00a0votre adh\u00e9sif lorsque votre humidit\u00e9 ou votre temp\u00e9rature est trop basse!<\/span><\/span><\/div>\n<div class=\"result-shield-container tlid-copy-target\" tabindex=\"0\"><span class=\"tlid-translation translation\" lang=\"fr\"><span class=\"\" title=\"\">&#8211;\u00a0<em>Nanomister<\/em>\u00a0(En option):\u00a0C<\/span><\/span><span class=\"tlid-translation translation\" lang=\"fr\"><span class=\"\" title=\"\">on\u00e7u pour acc\u00e9l\u00e9rer le processus de\u00a0s\u00e9chage de l\u2019adh\u00e9sif.<\/span><\/span><\/div>\n<div class=\"result-shield-container tlid-copy-target\" tabindex=\"0\"><span class=\"tlid-translation translation\" lang=\"fr\"><span class=\"\" title=\"\">&#8211;\u00a0<em>Superbonder<\/em>\u00a0(En option):\u00a0Con\u00e7u pour acc\u00e9l\u00e9rer la polym\u00e9risation et r\u00e9duire les allergies et irritations li\u00e9es \u00e0 la colle.<\/span><\/span><\/div>\n<div class=\"result-shield-container tlid-copy-target\" tabindex=\"0\"><\/div>\n<div class=\"result-shield-container tlid-copy-target\" tabindex=\"0\"><strong><span class=\"tlid-translation translation\" lang=\"fr\"><span class=\"\" title=\"\">\u00c9tapes:<\/span><\/span><\/strong><\/div>\n<div class=\"result-shield-container tlid-copy-target\" tabindex=\"0\">\n<ol>\n<li>Pr\u00e9-traitement\u00a0: \u00c0 l\u2019aide d\u2019une micro-brosse mauve, appliquer \u00e0 la base des cils naturels seulement.<\/li>\n<li>Nanomister : Afin d\u2019hydrater les cils naturels\u00a0avant la pose, les vaporiser d\u2019un mouvement de va-et-vient pendant 3-4 secondes.<\/li>\n<li>Perfect Speed\u00a0: \u00c0 l\u2019aide d\u2019une micro-brosse mauve, appliquer \u00e0 2 mm de la bande des extensions qui seront utilis\u00e9es.<\/li>\n<li>Ruban micropore\u00a0: D\u00e9poser sur le ruban une goutte de colle de la taille d\u2019un petit pois. Changer la goutte chaque 20 \u00e0 25 minutes.<\/li>\n<li>Nanomister: \u00e0 6 pouces du visage d\u2019un mouvement de va-et-vient de 3 \u00e0 4 secondes, afin d\u2019\u00e9liminer les vapeurs de colle et diminuer les chances que la cliente fasse des r\u00e9actions allergiques.<\/li>\n<\/ol>\n<\/div>\n<\/div>\n","protected":false},"featured_media":3513,"comment_status":"open","ping_status":"closed","template":"","meta":{"_et_pb_use_builder":"","_et_pb_old_content":"","_et_gb_content_width":""},"product_brand":[],"product_cat":[362,365,258,364],"product_tag":[283],"class_list":{"0":"post-3510","1":"product","2":"type-product","3":"status-publish","4":"has-post-thumbnail","6":"product_cat-adhesif","7":"product_cat-bonder","8":"product_cat-lashes-by-tini","9":"product_cat-primer","10":"product_tag-pro-essentials","11":"product_shipping_class-forfait","13":"first","14":"instock","15":"sale","16":"taxable","17":"shipping-taxable","18":"purchasable","19":"product-type-variable"},"jetpack_sharing_enabled":true,"_links":{"self":[{"href":"https:\/\/mglashes.ca\/distribution\/wp-json\/wp\/v2\/product\/3510","targetHints":{"allow":["GET"]}}],"collection":[{"href":"https:\/\/mglashes.ca\/distribution\/wp-json\/wp\/v2\/product"}],"about":[{"href":"https:\/\/mglashes.ca\/distribution\/wp-json\/wp\/v2\/types\/product"}],"replies":[{"embeddable":true,"href":"https:\/\/mglashes.ca\/distribution\/wp-json\/wp\/v2\/comments?post=3510"}],"wp:featuredmedia":[{"embeddable":true,"href":"https:\/\/mglashes.ca\/distribution\/wp-json\/wp\/v2\/media\/3513"}],"wp:attachment":[{"href":"https:\/\/mglashes.ca\/distribution\/wp-json\/wp\/v2\/media?parent=3510"}],"wp:term":[{"taxonomy":"product_brand","embeddable":true,"href":"https:\/\/mglashes.ca\/distribution\/wp-json\/wp\/v2\/product_brand?post=3510"},{"taxonomy":"product_cat","embeddable":true,"href":"https:\/\/mglashes.ca\/distribution\/wp-json\/wp\/v2\/product_cat?post=3510"},{"taxonomy":"product_tag","embeddable":true,"href":"https:\/\/mglashes.ca\/distribution\/wp-json\/wp\/v2\/product_tag?post=3510"}],"curies":[{"name":"wp","href":"https:\/\/api.w.org\/{rel}","templated":true}]}}