{"id":3502,"date":"2024-09-27T09:08:47","date_gmt":"2024-09-27T14:08:47","guid":{"rendered":"https:\/\/mglashes.ca\/distribution\/?post_type=product&#038;p=3502"},"modified":"2026-02-24T21:55:53","modified_gmt":"2026-02-25T02:55:53","slug":"gel-transparent-pour-sourcils-5-ml-paquet-de-6","status":"publish","type":"product","link":"https:\/\/mglashes.ca\/distribution\/produit\/gel-transparent-pour-sourcils-5-ml-paquet-de-6\/","title":{"rendered":"Gel transparent pour sourcils 5 ml (paquet de 6)"},"content":{"rendered":"","protected":false},"excerpt":{"rendered":"<p style=\"font-weight: 400;\">Red\u00e9finissez vos sourcils avec notre gel transparent pour sourcils : une formule naturelle pour des sourcils \u00e9pais, model\u00e9s et imperm\u00e9ables. La brosse fine assure une application pr\u00e9cise, fa\u00e7onnant les sourcils de fa\u00e7on durable, sans r\u00e9sidus ind\u00e9sirables.<\/p>\n<p style=\"font-weight: 400;\"><strong>MODE D\u2019EMPLOI\u00a0:<\/strong>\u00a0\u00c0 l\u2019aide de la brosse, brosser les poils des sourcils dans le sens de la pousse des poils afin de les d\u00e9finir et de leur donner une forme.<\/p>\n<p style=\"font-weight: 400;\"><strong>MISE EN GARDE\u00a0:<\/strong>\u00a0Garder hors de la port\u00e9e des enfants. Tenir \u00e0 l&rsquo;\u00e9cart de la lumi\u00e8re directe du soleil ou de la chaleur. \u00c9viter le contact direct avec la peau, porter des gants appropri\u00e9s. \u00c9viter le contact avec les yeux, et en cas de contact avec les yeux, rincer imm\u00e9diatement \u00e0 l&rsquo;eau courante et consulter un m\u00e9decin.<\/p>\n<p style=\"font-weight: 400;\"><strong>INGR\u00c9DIENTS<\/strong>\u00a0: Aqua, Ceteareth-30, Bees Wax, Steareth-21, 2-Phenoxyethanol, Glycerol, Acrylates Copolymer, Perfume, Ethoxylated Hydrogenated Castor Oil, Vitamin E, PVP<\/p>\n","protected":false},"featured_media":3413,"comment_status":"open","ping_status":"closed","template":"","meta":{"_et_pb_use_builder":"","_et_pb_old_content":"","_et_gb_content_width":""},"product_brand":[],"product_cat":[373,258],"product_tag":[261],"class_list":{"0":"post-3502","1":"product","2":"type-product","3":"status-publish","4":"has-post-thumbnail","6":"product_cat-gel-a-sourcils","7":"product_cat-lashes-by-tini","8":"product_tag-gel-transparent-pour-sourcils","9":"product_shipping_class-forfait","11":"first","12":"outofstock","13":"sale","14":"taxable","15":"shipping-taxable","16":"purchasable","17":"product-type-variable"},"jetpack_sharing_enabled":true,"_links":{"self":[{"href":"https:\/\/mglashes.ca\/distribution\/wp-json\/wp\/v2\/product\/3502","targetHints":{"allow":["GET"]}}],"collection":[{"href":"https:\/\/mglashes.ca\/distribution\/wp-json\/wp\/v2\/product"}],"about":[{"href":"https:\/\/mglashes.ca\/distribution\/wp-json\/wp\/v2\/types\/product"}],"replies":[{"embeddable":true,"href":"https:\/\/mglashes.ca\/distribution\/wp-json\/wp\/v2\/comments?post=3502"}],"wp:featuredmedia":[{"embeddable":true,"href":"https:\/\/mglashes.ca\/distribution\/wp-json\/wp\/v2\/media\/3413"}],"wp:attachment":[{"href":"https:\/\/mglashes.ca\/distribution\/wp-json\/wp\/v2\/media?parent=3502"}],"wp:term":[{"taxonomy":"product_brand","embeddable":true,"href":"https:\/\/mglashes.ca\/distribution\/wp-json\/wp\/v2\/product_brand?post=3502"},{"taxonomy":"product_cat","embeddable":true,"href":"https:\/\/mglashes.ca\/distribution\/wp-json\/wp\/v2\/product_cat?post=3502"},{"taxonomy":"product_tag","embeddable":true,"href":"https:\/\/mglashes.ca\/distribution\/wp-json\/wp\/v2\/product_tag?post=3502"}],"curies":[{"name":"wp","href":"https:\/\/api.w.org\/{rel}","templated":true}]}}