{"id":3476,"date":"2024-09-26T10:06:58","date_gmt":"2024-09-26T15:06:58","guid":{"rendered":"https:\/\/mglashes.ca\/distribution\/?post_type=product&#038;p=3476"},"modified":"2026-04-07T18:50:39","modified_gmt":"2026-04-07T23:50:39","slug":"collection-cils-yy-narrow","status":"publish","type":"product","link":"https:\/\/mglashes.ca\/distribution\/produit\/collection-cils-yy-narrow\/","title":{"rendered":"Collection YY &#8211; Narrow"},"content":{"rendered":"","protected":false},"excerpt":{"rendered":"<p><strong>*** VERSION NARROW! ***<\/strong><\/p>\n<p>Nos cils YY\u00a0sont faciles \u00e0 appliquer et\u00a0maximisent le temps de pose. Il s&rsquo;agit d&rsquo;un hybride entre des cils classiques et volume; on les applique de la m\u00eame mani\u00e8re que les cils classiques, tout en cr\u00e9ant un effet plus\u00a0ample et\u00a0plus doux similaire au volume. Ils offrent \u00e9galement une excellente r\u00e9tention gr\u00e2ce \u00e0 leur base droite qui offre une plus grande surface de contact, permettant ainsi une meilleure adh\u00e9rence.<\/p>\n<p><strong>Un coup de coeur\u00a0pour les clientes ayant une mauvaise r\u00e9tention !<\/strong><\/p>\n<p><strong>Mode d&#8217;emploi:\u00a0<\/strong><\/p>\n<p>Saisissez le bouquet\u00a0YY\u00a0au milieu de\u00a0l&rsquo;extension, juste avant que la base ne se divise en YY (Il se situe \u00e0 mi-chemin sur l&rsquo;extension). Appliquez-le comme vous le feriez avec une extension de cil classique.<\/p>\n","protected":false},"featured_media":3477,"comment_status":"open","ping_status":"closed","template":"","meta":{"_et_pb_use_builder":"","_et_pb_old_content":"","_et_gb_content_width":""},"product_brand":[],"product_cat":[258,361],"product_tag":[272],"class_list":{"0":"post-3476","1":"product","2":"type-product","3":"status-publish","4":"has-post-thumbnail","6":"product_cat-lashes-by-tini","7":"product_cat-yy-w-u","8":"product_tag-cils","9":"product_shipping_class-forfait","11":"first","12":"instock","13":"taxable","14":"shipping-taxable","15":"purchasable","16":"product-type-variable"},"jetpack_sharing_enabled":true,"_links":{"self":[{"href":"https:\/\/mglashes.ca\/distribution\/wp-json\/wp\/v2\/product\/3476","targetHints":{"allow":["GET"]}}],"collection":[{"href":"https:\/\/mglashes.ca\/distribution\/wp-json\/wp\/v2\/product"}],"about":[{"href":"https:\/\/mglashes.ca\/distribution\/wp-json\/wp\/v2\/types\/product"}],"replies":[{"embeddable":true,"href":"https:\/\/mglashes.ca\/distribution\/wp-json\/wp\/v2\/comments?post=3476"}],"wp:featuredmedia":[{"embeddable":true,"href":"https:\/\/mglashes.ca\/distribution\/wp-json\/wp\/v2\/media\/3477"}],"wp:attachment":[{"href":"https:\/\/mglashes.ca\/distribution\/wp-json\/wp\/v2\/media?parent=3476"}],"wp:term":[{"taxonomy":"product_brand","embeddable":true,"href":"https:\/\/mglashes.ca\/distribution\/wp-json\/wp\/v2\/product_brand?post=3476"},{"taxonomy":"product_cat","embeddable":true,"href":"https:\/\/mglashes.ca\/distribution\/wp-json\/wp\/v2\/product_cat?post=3476"},{"taxonomy":"product_tag","embeddable":true,"href":"https:\/\/mglashes.ca\/distribution\/wp-json\/wp\/v2\/product_tag?post=3476"}],"curies":[{"name":"wp","href":"https:\/\/api.w.org\/{rel}","templated":true}]}}