{"id":345,"date":"2023-01-12T13:37:39","date_gmt":"2023-01-12T13:37:39","guid":{"rendered":"https:\/\/mglashes.ca\/distribution\/?post_type=product&#038;p=345"},"modified":"2026-03-31T21:24:26","modified_gmt":"2026-04-01T02:24:26","slug":"coussinets-pour-les-yeux-gel-collagene","status":"publish","type":"product","link":"https:\/\/mglashes.ca\/distribution\/produit\/coussinets-pour-les-yeux-gel-collagene\/","title":{"rendered":"Coussinets pour les yeux gel collag\u00e8ne"},"content":{"rendered":"","protected":false},"excerpt":{"rendered":"<p><strong>Coussinets pour les yeux gel collag\u00e8ne &#8211; <\/strong>Ces coussinets oculaires en gel de collag\u00e8ne \u00e0 usage unique ont une forme id\u00e9ale pour cr\u00e9er une isolation parfaite des cils inf\u00e9rieurs. Ils sont \u00e9galement un traitement apaisant pour le client pendant que vous fouettez. La meilleure partie est que ces coussinets sont super confortables et qu&rsquo;ils ne font pas de bulles sur les bords, provoquant des d\u00e9chirures.<\/p>\n","protected":false},"featured_media":349,"comment_status":"open","ping_status":"closed","template":"","meta":{"_et_pb_use_builder":"","_et_pb_old_content":"","_et_gb_content_width":""},"product_brand":[],"product_cat":[21,257],"product_tag":[67],"class_list":{"0":"post-345","1":"product","2":"type-product","3":"status-publish","4":"has-post-thumbnail","6":"product_cat-coussinets-pour-yeux","7":"product_cat-lash-artisan","8":"product_tag-coussinets","9":"product_shipping_class-forfait","11":"first","12":"instock","13":"taxable","14":"shipping-taxable","15":"purchasable","16":"product-type-variable","17":"has-default-attributes"},"jetpack_sharing_enabled":true,"_links":{"self":[{"href":"https:\/\/mglashes.ca\/distribution\/wp-json\/wp\/v2\/product\/345","targetHints":{"allow":["GET"]}}],"collection":[{"href":"https:\/\/mglashes.ca\/distribution\/wp-json\/wp\/v2\/product"}],"about":[{"href":"https:\/\/mglashes.ca\/distribution\/wp-json\/wp\/v2\/types\/product"}],"replies":[{"embeddable":true,"href":"https:\/\/mglashes.ca\/distribution\/wp-json\/wp\/v2\/comments?post=345"}],"wp:featuredmedia":[{"embeddable":true,"href":"https:\/\/mglashes.ca\/distribution\/wp-json\/wp\/v2\/media\/349"}],"wp:attachment":[{"href":"https:\/\/mglashes.ca\/distribution\/wp-json\/wp\/v2\/media?parent=345"}],"wp:term":[{"taxonomy":"product_brand","embeddable":true,"href":"https:\/\/mglashes.ca\/distribution\/wp-json\/wp\/v2\/product_brand?post=345"},{"taxonomy":"product_cat","embeddable":true,"href":"https:\/\/mglashes.ca\/distribution\/wp-json\/wp\/v2\/product_cat?post=345"},{"taxonomy":"product_tag","embeddable":true,"href":"https:\/\/mglashes.ca\/distribution\/wp-json\/wp\/v2\/product_tag?post=345"}],"curies":[{"name":"wp","href":"https:\/\/api.w.org\/{rel}","templated":true}]}}